{"id":526253,"date":"2025-03-03T22:16:00","date_gmt":"2025-03-03T21:16:00","guid":{"rendered":"https:\/\/shop.kustom.ch\/?post_type=product&#038;p=526253"},"modified":"2026-03-30T07:21:01","modified_gmt":"2026-03-30T06:21:01","slug":"hakro-t-shirt-mikralinar-eco-grs","status":"publish","type":"product","link":"https:\/\/shop.kustom.ch\/fr\/produit\/hakro-t-shirt-mikralinar-eco-grs\/","title":{"rendered":"T-shirt HAKRO MIKRALINAR\u00ae ECO GRS"},"content":{"rendered":"<p>T-shirt particuli\u00e8rement r\u00e9sistant avec encolure ronde, bord-c\u00f4te au niveau du cou et bande de propret\u00e9. Collerette de leasing pour faciliter l'identification dans les blanchisseries commerciales et liens de suspension dans l'ourlet. Fabriqu\u00e9 en jersey simple de poids moyen, doux, particuli\u00e8rement facile \u00e0 entretenir et fonctionnel, en MIKRALINAR\u00ae ECO, le m\u00e9lange de mat\u00e9riaux HAKRO Performance en coton de qualit\u00e9 sup\u00e9rieure et en polyester recycl\u00e9 certifi\u00e9 selon la norme GRS. \u00c9tiquette de cou tiss\u00e9e HAKRO en satin de cha\u00eene de haute qualit\u00e9 avec bords de bande souples et coup\u00e9s aux ultrasons pour un confort maximal et \u00e9tiquette plate tiss\u00e9e HAKRO sur la couture lat\u00e9rale gauche.<\/p>\n<p>- Mati\u00e8re : MIKRALINAR\u00ae ECO, jersey simple en 50 % de coton et 50 % de polyester (recycl\u00e9)<br \/>\n- poids : 160 g\/m<br \/>\n- \u00c9quipement : pr\u00e9trait\u00e9 au rodage<br \/>\n- Propri\u00e9t\u00e9s : facile d'entretien, adapt\u00e9 au lavage industriel selon la norme DIN EN ISO 15797, produit climatiquement neutre<br \/>\n- Coupe : Regular Fit<br \/>\n- Certificats : Fair Wear, Climate Partner, OEKO-TEX\u00ae STANDARD 100, Global Recycled Standard (GRS), bouton vert<br \/>\n- Temp\u00e9rature de lavage : 60 \u00b0C<br \/>\n- Tailles : 2XS-6XL<\/p>\n<p><a href=\"https:\/\/media.hakro.com\/productsheets\/productsheet_0530_de.pdf\" target=\"_blank\" rel=\"noopener\"><u>Ouvrir la fiche produit<\/u><\/a><\/p>","protected":false},"excerpt":{"rendered":"<p><span><\/span><\/p>","protected":false},"featured_media":526279,"template":"","meta":[],"product_brand":[],"product_cat":[4201],"product_tag":[],"class_list":{"0":"post-526253","1":"product","2":"type-product","3":"status-publish","4":"has-post-thumbnail","6":"product_cat-t-shirts","7":"pa_brand-hakro","8":"pa_brand-type-workwear","9":"pa_filter-color-blau","10":"pa_filter-color-grau","11":"pa_filter-color-gruen","12":"pa_filter-color-rot","13":"pa_filter-color-schwarz","14":"pa_filter-color-weiss","16":"first","17":"instock","18":"sale","19":"taxable","20":"shipping-taxable","21":"purchasable","22":"product-type-variable","23":"add-to-wishlist-before_image"},"exclude_global_add_ons":[],"addons":[],"acf":[],"_links":{"self":[{"href":"https:\/\/shop.kustom.ch\/fr\/wp-json\/wp\/v2\/product\/526253"}],"collection":[{"href":"https:\/\/shop.kustom.ch\/fr\/wp-json\/wp\/v2\/product"}],"about":[{"href":"https:\/\/shop.kustom.ch\/fr\/wp-json\/wp\/v2\/types\/product"}],"wp:featuredmedia":[{"embeddable":true,"href":"https:\/\/shop.kustom.ch\/fr\/wp-json\/wp\/v2\/media\/526279"}],"wp:attachment":[{"href":"https:\/\/shop.kustom.ch\/fr\/wp-json\/wp\/v2\/media?parent=526253"}],"wp:term":[{"taxonomy":"product_brand","embeddable":true,"href":"https:\/\/shop.kustom.ch\/fr\/wp-json\/wp\/v2\/product_brand?post=526253"},{"taxonomy":"product_cat","embeddable":true,"href":"https:\/\/shop.kustom.ch\/fr\/wp-json\/wp\/v2\/product_cat?post=526253"},{"taxonomy":"product_tag","embeddable":true,"href":"https:\/\/shop.kustom.ch\/fr\/wp-json\/wp\/v2\/product_tag?post=526253"}],"curies":[{"name":"wp","href":"https:\/\/api.w.org\/{rel}","templated":true}]}}