{"id":526130,"date":"2025-03-03T22:15:15","date_gmt":"2025-03-03T21:15:15","guid":{"rendered":"https:\/\/shop.kustom.ch\/?post_type=product&#038;p=526130"},"modified":"2026-03-30T07:20:30","modified_gmt":"2026-03-30T06:20:30","slug":"hakro-poloshirt-bio-baumwolle-gots","status":"publish","type":"product","link":"https:\/\/shop.kustom.ch\/fr\/produit\/hakro-poloshirt-bio-baumwolle-gots\/","title":{"rendered":"Polo HAKRO en coton bio GOTS"},"content":{"rendered":"<p>Polo \u00e0 la mode avec une patte de boutonnage \u00e0 3 trous de haute qualit\u00e9, des boutons incassables cousus de mani\u00e8re extra-r\u00e9sistante, le logo HAKRO grav\u00e9 au laser ton sur ton, un bouton de rechange, une bande d'encolure et des fentes lat\u00e9rales \u00e0 double fermeture. Fabriqu\u00e9 en piqu\u00e9 \u00e0 mailles fines de coton bio \u00e0 longues fibres, peign\u00e9 et ring-spun, certifi\u00e9 GOTS. \u00c9tiquette de cou tiss\u00e9e HAKRO en satin de cha\u00eene de haute qualit\u00e9 avec bords de bande souples et coup\u00e9s aux ultrasons pour un confort maximal et \u00e9tiquette plate tiss\u00e9e HAKRO sur la couture lat\u00e9rale gauche.<\/p>\n<p>- Mat\u00e9riel : piqu\u00e9 de 100 % coton (bio)<br \/>\n- poids : 190 g\/m<br \/>\n- \u00c9quipement : pr\u00e9trait\u00e9 au rodage<br \/>\n- Propri\u00e9t\u00e9 : facile d'entretien, produit climatiquement neutre<br \/>\n- Coupe : Regular Fit<br \/>\n- Certificats : Fair Wear, ClimatePartner, OEKO-TEX\u00ae STANDARD 100, Global Organic Textile Standard (GOTS), bouton vert<br \/>\n- Temp\u00e9rature de lavage : 40 \u00b0C<br \/>\n- Tailles : 2XS-6XL<\/p>\n<p><a href=\"https:\/\/media.hakro.com\/productsheets\/productsheet_0501_de.pdf\" target=\"_blank\" rel=\"noopener\"><u>Ouvrir la fiche produit<\/u><\/a><\/p>","protected":false},"excerpt":{"rendered":"<p><span><\/span><\/p>","protected":false},"featured_media":526148,"template":"","meta":[],"product_brand":[],"product_cat":[4193],"product_tag":[],"class_list":{"0":"post-526130","1":"product","2":"type-product","3":"status-publish","4":"has-post-thumbnail","6":"product_cat-polos","7":"pa_brand-hakro","8":"pa_brand-type-workwear","9":"pa_filter-color-blau","10":"pa_filter-color-grau","11":"pa_filter-color-gruen","12":"pa_filter-color-rot","13":"pa_filter-color-schwarz","14":"pa_filter-color-weiss","16":"first","17":"instock","18":"sale","19":"taxable","20":"shipping-taxable","21":"purchasable","22":"product-type-variable","23":"add-to-wishlist-before_image"},"exclude_global_add_ons":[],"addons":[],"acf":[],"_links":{"self":[{"href":"https:\/\/shop.kustom.ch\/fr\/wp-json\/wp\/v2\/product\/526130"}],"collection":[{"href":"https:\/\/shop.kustom.ch\/fr\/wp-json\/wp\/v2\/product"}],"about":[{"href":"https:\/\/shop.kustom.ch\/fr\/wp-json\/wp\/v2\/types\/product"}],"wp:featuredmedia":[{"embeddable":true,"href":"https:\/\/shop.kustom.ch\/fr\/wp-json\/wp\/v2\/media\/526148"}],"wp:attachment":[{"href":"https:\/\/shop.kustom.ch\/fr\/wp-json\/wp\/v2\/media?parent=526130"}],"wp:term":[{"taxonomy":"product_brand","embeddable":true,"href":"https:\/\/shop.kustom.ch\/fr\/wp-json\/wp\/v2\/product_brand?post=526130"},{"taxonomy":"product_cat","embeddable":true,"href":"https:\/\/shop.kustom.ch\/fr\/wp-json\/wp\/v2\/product_cat?post=526130"},{"taxonomy":"product_tag","embeddable":true,"href":"https:\/\/shop.kustom.ch\/fr\/wp-json\/wp\/v2\/product_tag?post=526130"}],"curies":[{"name":"wp","href":"https:\/\/api.w.org\/{rel}","templated":true}]}}