{"id":525430,"date":"2025-03-03T22:11:05","date_gmt":"2025-03-03T21:11:05","guid":{"rendered":"https:\/\/shop.kustom.ch\/?post_type=product&#038;p=525430"},"modified":"2026-03-30T07:16:48","modified_gmt":"2026-03-30T06:16:48","slug":"hakro-kapuzenjacke-bonded","status":"publish","type":"product","link":"https:\/\/shop.kustom.ch\/fr\/produit\/hakro-kapuzenjacke-bonded\/","title":{"rendered":"Veste \u00e0 capuche Bonded HAKRO"},"content":{"rendered":"<p>Veste \u00e0 capuche \u00e0 la finition soign\u00e9e avec micropolaire douce et de couleur contrast\u00e9e \u00e0 l'int\u00e9rieur, fermeture \u00e0 glissi\u00e8re frontale de qualit\u00e9 et de couleur contrast\u00e9e, capuche haute avec cordon de couleur contrast\u00e9e et \u0153illets m\u00e9talliques de qualit\u00e9. Toutes les fermetures \u00e0 glissi\u00e8re et les \u0153illets sont de marque YKK\u00ae. Poignets en tricot c\u00f4tel\u00e9 ind\u00e9formable avec une part de LYCRA\u00ae, poches pour les mains avec fermetures \u00e0 glissi\u00e8re, coutures de s\u00e9paration pour une coupe parfaite avec surpiq\u00fbres d\u00e9coratives en flatlock, col contrast\u00e9 et bande de cou. Fabriqu\u00e9 en mat\u00e9riau lamin\u00e9 \u00e0 2 couches avec une face ext\u00e9rieure en jersey simple fin en coton peign\u00e9 \u00e0 longues fibres et fil\u00e9 \u00e0 anneaux et une face int\u00e9rieure en micropolaire doux. \u00c9tiquette de cou tiss\u00e9e HAKRO en satin de cha\u00eene de haute qualit\u00e9 avec bords de bande doux et coup\u00e9s aux ultrasons pour un confort maximal et \u00e9tiquette plate tiss\u00e9e HAKRO sur la couture lat\u00e9rale gauche.<\/p>\n<p>- Mati\u00e8re : lamin\u00e9 en polaire jersey simple en 55 % polyester et 45 % coton<br \/>\n(gris chin\u00e9 : 75 % polyester et 25 % coton)<br \/>\n- poids : 340 g\/m<br \/>\n- \u00c9quipement : pr\u00e9trait\u00e9 au rodage<br \/>\n- Propri\u00e9t\u00e9 : produit climatiquement neutre<br \/>\n- Coupe : Regular Fit<br \/>\n- Certificats : Fair Wear, Climate Partner, OEKO-TEX\u00ae STANDARD 100<br \/>\n- Temp\u00e9rature de lavage : 40 \u00b0C<br \/>\n- tailles : XS-3XL<\/p>\n<p><a href=\"https:\/\/media.hakro.com\/productsheets\/productsheet_0455_de.pdf\" target=\"_blank\" rel=\"noopener\"><u>Ouvrir la fiche produit<\/u><\/a><\/p>","protected":false},"excerpt":{"rendered":"<p><span><\/span><\/p>","protected":false},"featured_media":525473,"template":"","meta":[],"product_brand":[],"product_cat":[4191],"product_tag":[],"class_list":{"0":"post-525430","1":"product","2":"type-product","3":"status-publish","4":"has-post-thumbnail","6":"product_cat-longsleeves-sweatshirts","7":"pa_brand-hakro","8":"pa_brand-type-workwear","9":"pa_filter-color-blau","10":"pa_filter-color-grau","11":"pa_filter-color-gruen","12":"pa_filter-color-rot","13":"pa_filter-color-schwarz","15":"first","16":"instock","17":"sale","18":"taxable","19":"shipping-taxable","20":"purchasable","21":"product-type-variable","22":"add-to-wishlist-before_image"},"exclude_global_add_ons":[],"addons":[],"acf":[],"_links":{"self":[{"href":"https:\/\/shop.kustom.ch\/fr\/wp-json\/wp\/v2\/product\/525430"}],"collection":[{"href":"https:\/\/shop.kustom.ch\/fr\/wp-json\/wp\/v2\/product"}],"about":[{"href":"https:\/\/shop.kustom.ch\/fr\/wp-json\/wp\/v2\/types\/product"}],"wp:featuredmedia":[{"embeddable":true,"href":"https:\/\/shop.kustom.ch\/fr\/wp-json\/wp\/v2\/media\/525473"}],"wp:attachment":[{"href":"https:\/\/shop.kustom.ch\/fr\/wp-json\/wp\/v2\/media?parent=525430"}],"wp:term":[{"taxonomy":"product_brand","embeddable":true,"href":"https:\/\/shop.kustom.ch\/fr\/wp-json\/wp\/v2\/product_brand?post=525430"},{"taxonomy":"product_cat","embeddable":true,"href":"https:\/\/shop.kustom.ch\/fr\/wp-json\/wp\/v2\/product_cat?post=525430"},{"taxonomy":"product_tag","embeddable":true,"href":"https:\/\/shop.kustom.ch\/fr\/wp-json\/wp\/v2\/product_tag?post=525430"}],"curies":[{"name":"wp","href":"https:\/\/api.w.org\/{rel}","templated":true}]}}