{"id":523770,"date":"2025-03-03T22:00:55","date_gmt":"2025-03-03T21:00:55","guid":{"rendered":"https:\/\/shop.kustom.ch\/?post_type=product&#038;p=523770"},"modified":"2026-03-30T07:12:27","modified_gmt":"2026-03-30T06:12:27","slug":"hakro-v-shirt-stretch","status":"publish","type":"product","link":"https:\/\/shop.kustom.ch\/fr\/produit\/hakro-v-shirt-stretch\/","title":{"rendered":"HAKRO V-Shirt Stretch"},"content":{"rendered":"<p>T-shirt pr\u00e8s du corps avec une encolure en V \u00e0 la mode, avec des poignets \u00e9troits et une bande sur la nuque. Fabriqu\u00e9 en jersey simple fin de poids moyen en coton CmiA \u00e0 longues fibres, peign\u00e9 et ring-spun, avec poignets renforc\u00e9s d'\u00e9lasthanne. \u00c9tiquette de cou tiss\u00e9e HAKRO en satin de cha\u00eene de qualit\u00e9 sup\u00e9rieure avec bords de bande souples et coup\u00e9s aux ultrasons pour un confort maximal et \u00e9tiquette plate tiss\u00e9e HAKRO sur la couture lat\u00e9rale gauche.<\/p>\n<p>- Mat\u00e9riau : jersey simple en 95 % de coton (CmiA) et 5 % d'\u00e9lasthanne (gris chin\u00e9 : 80 % de coton (CmiA), 15 % de viscose et 5 % d'\u00e9lasthanne)<br \/>\n- poids : 170 g\/m<br \/>\n- \u00c9quipement : pr\u00e9trait\u00e9 au rodage<br \/>\n- Propri\u00e9t\u00e9 : produit climatiquement neutre<br \/>\n- Coupe : Regular Fit<br \/>\n- Certificats : Fair Wear, Climate Partner, OEKO-TEX\u00ae STANDARD 100, Cotton Made in Africa (CmiA)<br \/>\n- Temp\u00e9rature de lavage : 40 \u00b0C<br \/>\n- tailles : XS-3XL<\/p>\n<p><a href=\"https:\/\/media.hakro.com\/productsheets\/productsheet_0272_de.pdf\" target=\"_blank\" rel=\"noopener\"><u>Ouvrir la fiche produit<\/u><\/a><\/p>","protected":false},"excerpt":{"rendered":"<p><span><\/span><\/p>","protected":false},"featured_media":523791,"template":"","meta":[],"product_brand":[],"product_cat":[4201],"product_tag":[],"class_list":{"0":"post-523770","1":"product","2":"type-product","3":"status-publish","4":"has-post-thumbnail","6":"product_cat-t-shirts","7":"pa_brand-hakro","8":"pa_brand-type-workwear","9":"pa_filter-color-blau","10":"pa_filter-color-grau","11":"pa_filter-color-schwarz","12":"pa_filter-color-weiss","14":"first","15":"instock","16":"sale","17":"taxable","18":"shipping-taxable","19":"purchasable","20":"product-type-variable","21":"add-to-wishlist-before_image"},"exclude_global_add_ons":[],"addons":[],"acf":[],"_links":{"self":[{"href":"https:\/\/shop.kustom.ch\/fr\/wp-json\/wp\/v2\/product\/523770"}],"collection":[{"href":"https:\/\/shop.kustom.ch\/fr\/wp-json\/wp\/v2\/product"}],"about":[{"href":"https:\/\/shop.kustom.ch\/fr\/wp-json\/wp\/v2\/types\/product"}],"wp:featuredmedia":[{"embeddable":true,"href":"https:\/\/shop.kustom.ch\/fr\/wp-json\/wp\/v2\/media\/523791"}],"wp:attachment":[{"href":"https:\/\/shop.kustom.ch\/fr\/wp-json\/wp\/v2\/media?parent=523770"}],"wp:term":[{"taxonomy":"product_brand","embeddable":true,"href":"https:\/\/shop.kustom.ch\/fr\/wp-json\/wp\/v2\/product_brand?post=523770"},{"taxonomy":"product_cat","embeddable":true,"href":"https:\/\/shop.kustom.ch\/fr\/wp-json\/wp\/v2\/product_cat?post=523770"},{"taxonomy":"product_tag","embeddable":true,"href":"https:\/\/shop.kustom.ch\/fr\/wp-json\/wp\/v2\/product_tag?post=523770"}],"curies":[{"name":"wp","href":"https:\/\/api.w.org\/{rel}","templated":true}]}}