{"id":523665,"date":"2025-03-03T20:56:44","date_gmt":"2025-03-03T19:56:44","guid":{"rendered":"https:\/\/shop.kustom.ch\/?post_type=product&#038;p=523665"},"modified":"2026-03-30T07:12:24","modified_gmt":"2026-03-30T06:12:24","slug":"hakro-cotton-tec-t-shirt","status":"publish","type":"product","link":"https:\/\/shop.kustom.ch\/fr\/produit\/hakro-cotton-tec-t-shirt\/","title":{"rendered":"T-shirt COTTON TEC\u00ae HAKRO"},"content":{"rendered":"<p>T-shirt fonctionnel \u00e0 encolure ronde, en jersey simple \u00e9l\u00e9gant avec bande de propret\u00e9. La couture du col et l'int\u00e9rieur des fentes lat\u00e9rales sont recouverts d'une bande de tissu de couleur contrast\u00e9e. Fabriqu\u00e9 gr\u00e2ce \u00e0 un proc\u00e9d\u00e9 de tricotage sp\u00e9cial au cours duquel deux fils sont transform\u00e9s en un mat\u00e9riau HAKRO COTTON TEC\u00ae-Double-Face. Il en r\u00e9sulte sur la face ext\u00e9rieure une surface single jersey particuli\u00e8rement fine en coton peign\u00e9 \u00e0 longues fibres et fil\u00e9 \u00e0 anneaux et sur la face int\u00e9rieure une couche de mesh en fibre fonctionnelle TRIACTIVE. Cela permet au t-shirt de r\u00e9guler la temp\u00e9rature, car l'humidit\u00e9 est rapidement transport\u00e9e vers l'ext\u00e9rieur, o\u00f9 elle s'\u00e9vapore. \u00c9tiquette HAKRO imprim\u00e9e sur le cou pour un confort maximal et \u00e9tiquette HAKRO tiss\u00e9e sur la couture lat\u00e9rale gauche.<\/p>\n<p>- Mati\u00e8re : jersey simple en 50 % coton et 50 % polyester<br \/>\n- poids : 185 g\/m<br \/>\n- \u00c9quipement : pr\u00e9trait\u00e9 au rodage<br \/>\n- Propri\u00e9t\u00e9 : facile d'entretien, respirant, produit climatiquement neutre<br \/>\n- Coupe : Regular Fit<br \/>\n- Certificats : Fair Wear, Climate Partner, OEKO-TEX\u00ae STANDARD 100<br \/>\n- Temp\u00e9rature de lavage : 40 \u00b0C<br \/>\n- Tailles : XS-3XL (couleurs s\u00e9lectionn\u00e9es disponibles jusqu'au 6XL)<\/p>\n<p><a href=\"https:\/\/media.hakro.com\/productsheets\/productsheet_0269_de.pdf\" target=\"_blank\" rel=\"noopener\"><u>Ouvrir la fiche produit<\/u><\/a><\/p>","protected":false},"excerpt":{"rendered":"<p><span><\/span><\/p>","protected":false},"featured_media":523718,"template":"","meta":[],"product_brand":[],"product_cat":[4201],"product_tag":[],"class_list":{"0":"post-523665","1":"product","2":"type-product","3":"status-publish","4":"has-post-thumbnail","6":"product_cat-t-shirts","7":"pa_brand-hakro","8":"pa_brand-type-workwear","9":"pa_filter-color-blau","10":"pa_filter-color-grau","11":"pa_filter-color-gruen","12":"pa_filter-color-rot","13":"pa_filter-color-schwarz","14":"pa_filter-color-weiss","16":"first","17":"instock","18":"sale","19":"taxable","20":"shipping-taxable","21":"purchasable","22":"product-type-variable","23":"add-to-wishlist-before_image"},"exclude_global_add_ons":[],"addons":[],"acf":[],"_links":{"self":[{"href":"https:\/\/shop.kustom.ch\/fr\/wp-json\/wp\/v2\/product\/523665"}],"collection":[{"href":"https:\/\/shop.kustom.ch\/fr\/wp-json\/wp\/v2\/product"}],"about":[{"href":"https:\/\/shop.kustom.ch\/fr\/wp-json\/wp\/v2\/types\/product"}],"wp:featuredmedia":[{"embeddable":true,"href":"https:\/\/shop.kustom.ch\/fr\/wp-json\/wp\/v2\/media\/523718"}],"wp:attachment":[{"href":"https:\/\/shop.kustom.ch\/fr\/wp-json\/wp\/v2\/media?parent=523665"}],"wp:term":[{"taxonomy":"product_brand","embeddable":true,"href":"https:\/\/shop.kustom.ch\/fr\/wp-json\/wp\/v2\/product_brand?post=523665"},{"taxonomy":"product_cat","embeddable":true,"href":"https:\/\/shop.kustom.ch\/fr\/wp-json\/wp\/v2\/product_cat?post=523665"},{"taxonomy":"product_tag","embeddable":true,"href":"https:\/\/shop.kustom.ch\/fr\/wp-json\/wp\/v2\/product_tag?post=523665"}],"curies":[{"name":"wp","href":"https:\/\/api.w.org\/{rel}","templated":true}]}}