{"id":523571,"date":"2025-03-03T20:55:43","date_gmt":"2025-03-03T19:55:43","guid":{"rendered":"https:\/\/shop.kustom.ch\/?post_type=product&#038;p=523571"},"modified":"2026-03-30T07:11:50","modified_gmt":"2026-03-30T06:11:50","slug":"hakro-damen-hybridweste-alabama","status":"publish","type":"product","link":"https:\/\/shop.kustom.ch\/fr\/produit\/hakro-damen-hybridweste-alabama\/","title":{"rendered":"Gilet hybride HAKRO pour femmes Alabama"},"content":{"rendered":"<p>Gilet hybride l\u00e9ger, d\u00e9perlant et respirant pour femmes, avec inserts en mat\u00e9riau softshell sur les c\u00f4t\u00e9s, les \u00e9paules et le col, fermeture \u00e9clair frontale \u00e0 double sens de haute qualit\u00e9 avec rabat coupe-vent \u00e0 l'int\u00e9rieur, garage \u00e0 zip et poches pour les mains avec fermeture \u00e9clair. Toutes les fermetures \u00e0 glissi\u00e8re sont de marque YKK\u00ae. Ourlet avec partie dorsale allong\u00e9e et arrondie et application r\u00e9fl\u00e9chissante pour une meilleure visibilit\u00e9. Ourlet r\u00e9glable avec cordon de serrage sous tunnel et stoppeurs. Fabriqu\u00e9 \u00e0 partir d'un m\u00e9lange de mat\u00e9riaux en micro ripstop respirant avec rembourrage en fibres synth\u00e9tiques faciles \u00e0 entretenir et empi\u00e8cements en mat\u00e9riau softshell extensible. \u00c9tiquette de cou tiss\u00e9e HAKRO en satin de cha\u00eene de haute qualit\u00e9 avec des bords de bande doux et coup\u00e9s aux ultrasons pour un confort maximal et \u00e9tiquette de loop tiss\u00e9e HAKRO sur l'ourlet gauche.<\/p>\n<p>Son avantage particulier : une fermeture \u00e9clair dissimul\u00e9e dans la partie int\u00e9rieure du dos (ouverture de r\u00e9vision) permet de personnaliser le gilet.<\/p>\n<p>- Mat\u00e9riau : combinaison de micro ripstop en polyamide 100 % et de softshell en polyester 100 %, rembourrage en polyester 100 %<br \/>\n- Propri\u00e9t\u00e9 : hydrofuge, respirant, produit climatiquement neutre<br \/>\n- Coupe : Regular Fit<br \/>\n- Certificats : Fair Wear, Climate Partner, OEKO-TEX\u00ae STANDARD 100<br \/>\n- Temp\u00e9rature de lavage : 30 \u00b0C<br \/>\n- tailles : XS-3XL<\/p>\n<p><a href=\"https:\/\/media.hakro.com\/productsheets\/productsheet_0264_de.pdf\" target=\"_blank\" rel=\"noopener\"><u>Ouvrir la fiche produit<\/u><\/a><\/p>","protected":false},"excerpt":{"rendered":"<p><span><\/span><\/p>","protected":false},"featured_media":523592,"template":"","meta":[],"product_brand":[],"product_cat":[4186],"product_tag":[],"class_list":{"0":"post-523571","1":"product","2":"type-product","3":"status-publish","4":"has-post-thumbnail","6":"product_cat-jacken","7":"pa_brand-hakro","8":"pa_brand-type-workwear","9":"pa_filter-color-blau","10":"pa_filter-color-schwarz","12":"first","13":"instock","14":"sale","15":"taxable","16":"shipping-taxable","17":"purchasable","18":"product-type-variable","19":"add-to-wishlist-before_image"},"exclude_global_add_ons":[],"addons":[],"acf":[],"_links":{"self":[{"href":"https:\/\/shop.kustom.ch\/fr\/wp-json\/wp\/v2\/product\/523571"}],"collection":[{"href":"https:\/\/shop.kustom.ch\/fr\/wp-json\/wp\/v2\/product"}],"about":[{"href":"https:\/\/shop.kustom.ch\/fr\/wp-json\/wp\/v2\/types\/product"}],"wp:featuredmedia":[{"embeddable":true,"href":"https:\/\/shop.kustom.ch\/fr\/wp-json\/wp\/v2\/media\/523592"}],"wp:attachment":[{"href":"https:\/\/shop.kustom.ch\/fr\/wp-json\/wp\/v2\/media?parent=523571"}],"wp:term":[{"taxonomy":"product_brand","embeddable":true,"href":"https:\/\/shop.kustom.ch\/fr\/wp-json\/wp\/v2\/product_brand?post=523571"},{"taxonomy":"product_cat","embeddable":true,"href":"https:\/\/shop.kustom.ch\/fr\/wp-json\/wp\/v2\/product_cat?post=523571"},{"taxonomy":"product_tag","embeddable":true,"href":"https:\/\/shop.kustom.ch\/fr\/wp-json\/wp\/v2\/product_tag?post=523571"}],"curies":[{"name":"wp","href":"https:\/\/api.w.org\/{rel}","templated":true}]}}