{"id":523474,"date":"2025-03-03T20:55:11","date_gmt":"2025-03-03T19:55:11","guid":{"rendered":"https:\/\/shop.kustom.ch\/?post_type=product&#038;p=523474"},"modified":"2026-03-30T07:11:35","modified_gmt":"2026-03-30T06:11:35","slug":"hakro-damen-sweatblazer-premium","status":"publish","type":"product","link":"https:\/\/shop.kustom.ch\/fr\/produit\/hakro-damen-sweatblazer-premium\/","title":{"rendered":"Blazer sweat femme HAKRO Premium"},"content":{"rendered":"<p>Blazer sweat \u00e0 3 boutons pour femmes, coupe \u00e0 la mode, avec coutures longitudinales pour une forme parfaite, poches passepoil\u00e9es, dos avec fente cach\u00e9e, manches avec coutures \u00e0 hauteur des coudes, couture de s\u00e9paration et manchette ferm\u00e9e, Boutons \u00e0 4 trous avec l'inscription HAKRO grav\u00e9e au laser - cousus en croix et doublement nou\u00e9s pour une tenue extra-forte -, doublure partielle en tissu ray\u00e9 dans le dos, int\u00e9rieur non gratt\u00e9 (FrenchTerry) et petite cha\u00eene m\u00e9tallique servant d'accroche \u00e0 l'int\u00e9rieur du col. Fabriqu\u00e9 \u00e0 partir d'un m\u00e9lange de coton et de polyester facile \u00e0 entretenir et r\u00e9pondant aux plus hautes exigences. \u00c9tiquette de cou HAKRO tiss\u00e9e en satin de cha\u00eene de haute qualit\u00e9 avec bords de bande souples et coup\u00e9s aux ultrasons pour un confort maximal.<\/p>\n<p>- Mati\u00e8re : maille de 70 % coton et 30 % polyester<br \/>\n- Poids : 300 g\/m<br \/>\n- \u00c9quipement : pr\u00e9trait\u00e9 au rodage<br \/>\n- Propri\u00e9t\u00e9 : produit climatiquement neutre<br \/>\n- Coupe : Regular Fit<br \/>\n- Certificats : Fair Wear, Climate Partner, OEKO-TEX\u00ae STANDARD 100<br \/>\n- Temp\u00e9rature de lavage : nettoyage professionnel<br \/>\n- tailles : XS-3XL<\/p>\n<p><a href=\"https:\/\/media.hakro.com\/productsheets\/productsheet_0260_de.pdf\" target=\"_blank\" rel=\"noopener\"><u>Ouvrir la fiche produit<\/u><\/a><\/p>","protected":false},"excerpt":{"rendered":"<p><span><\/span><\/p>","protected":false},"featured_media":523517,"template":"","meta":[],"product_brand":[],"product_cat":[4191],"product_tag":[],"class_list":{"0":"post-523474","1":"product","2":"type-product","3":"status-publish","4":"has-post-thumbnail","6":"product_cat-longsleeves-sweatshirts","7":"pa_brand-hakro","8":"pa_brand-type-workwear","9":"pa_filter-color-blau","10":"pa_filter-color-schwarz","12":"first","13":"instock","14":"sale","15":"taxable","16":"shipping-taxable","17":"purchasable","18":"product-type-variable","19":"add-to-wishlist-before_image"},"exclude_global_add_ons":[],"addons":[],"acf":[],"_links":{"self":[{"href":"https:\/\/shop.kustom.ch\/fr\/wp-json\/wp\/v2\/product\/523474"}],"collection":[{"href":"https:\/\/shop.kustom.ch\/fr\/wp-json\/wp\/v2\/product"}],"about":[{"href":"https:\/\/shop.kustom.ch\/fr\/wp-json\/wp\/v2\/types\/product"}],"wp:featuredmedia":[{"embeddable":true,"href":"https:\/\/shop.kustom.ch\/fr\/wp-json\/wp\/v2\/media\/523517"}],"wp:attachment":[{"href":"https:\/\/shop.kustom.ch\/fr\/wp-json\/wp\/v2\/media?parent=523474"}],"wp:term":[{"taxonomy":"product_brand","embeddable":true,"href":"https:\/\/shop.kustom.ch\/fr\/wp-json\/wp\/v2\/product_brand?post=523474"},{"taxonomy":"product_cat","embeddable":true,"href":"https:\/\/shop.kustom.ch\/fr\/wp-json\/wp\/v2\/product_cat?post=523474"},{"taxonomy":"product_tag","embeddable":true,"href":"https:\/\/shop.kustom.ch\/fr\/wp-json\/wp\/v2\/product_tag?post=523474"}],"curies":[{"name":"wp","href":"https:\/\/api.w.org\/{rel}","templated":true}]}}