{"id":523437,"date":"2025-03-03T20:54:47","date_gmt":"2025-03-03T19:54:47","guid":{"rendered":"https:\/\/shop.kustom.ch\/?post_type=product&#038;p=523437"},"modified":"2026-03-30T07:11:32","modified_gmt":"2026-03-30T06:11:32","slug":"hakro-tank-top-classic","status":"publish","type":"product","link":"https:\/\/shop.kustom.ch\/fr\/produit\/hakro-tank-top-classic\/","title":{"rendered":"D\u00e9bardeur HAKRO Classic"},"content":{"rendered":"<p>T-shirt \u00e0 bretelles classique avec encolure ronde et bande de propret\u00e9. Fabriqu\u00e9 en jersey simple fin de poids moyen en coton CmiA \u00e0 longues fibres, peign\u00e9 et fil\u00e9 \u00e0 anneaux. \u00c9tiquette d'encolure tiss\u00e9e HAKRO en satin de cha\u00eene de haute qualit\u00e9 avec des bords de bande doux et coup\u00e9s aux ultrasons pour un confort maximal et \u00e9tiquette plate tiss\u00e9e HAKRO sur la couture lat\u00e9rale gauche.<\/p>\n<p>- Mati\u00e8re : jersey simple en 100 % coton (CmiA) (gris chin\u00e9 : 85 % coton (CmiA) et 15 % viscose)<br \/>\n- poids : 160 g\/m<br \/>\n- \u00c9quipement : pr\u00e9trait\u00e9 au rodage<br \/>\n- Propri\u00e9t\u00e9 : produit climatiquement neutre<br \/>\n- Coupe : Body Fit<br \/>\n- Certificats : Fair Wear, Climate Partner, OEKO-TEX\u00ae STANDARD 100, Cotton Made in Africa (CmiA), Cradle2Cradle (C2C)<br \/>\n- Temp\u00e9rature de lavage : 60 \u00b0C<br \/>\n- tailles : XS-3XL<\/p>\n<p><a href=\"https:\/\/media.hakro.com\/productsheets\/productsheet_0259_de.pdf\" target=\"_blank\" rel=\"noopener\"><u>Ouvrir la fiche produit<\/u><\/a><\/p>","protected":false},"excerpt":{"rendered":"<p><span><\/span><\/p>","protected":false},"featured_media":523452,"template":"","meta":[],"product_brand":[],"product_cat":[4201],"product_tag":[],"class_list":{"0":"post-523437","1":"product","2":"type-product","3":"status-publish","4":"has-post-thumbnail","6":"product_cat-t-shirts","7":"pa_brand-hakro","8":"pa_brand-type-workwear","9":"pa_filter-color-blau","10":"pa_filter-color-grau","11":"pa_filter-color-schwarz","12":"pa_filter-color-weiss","14":"first","15":"instock","16":"sale","17":"taxable","18":"shipping-taxable","19":"purchasable","20":"product-type-variable","21":"add-to-wishlist-before_image"},"exclude_global_add_ons":[],"addons":[],"acf":[],"_links":{"self":[{"href":"https:\/\/shop.kustom.ch\/fr\/wp-json\/wp\/v2\/product\/523437"}],"collection":[{"href":"https:\/\/shop.kustom.ch\/fr\/wp-json\/wp\/v2\/product"}],"about":[{"href":"https:\/\/shop.kustom.ch\/fr\/wp-json\/wp\/v2\/types\/product"}],"wp:featuredmedia":[{"embeddable":true,"href":"https:\/\/shop.kustom.ch\/fr\/wp-json\/wp\/v2\/media\/523452"}],"wp:attachment":[{"href":"https:\/\/shop.kustom.ch\/fr\/wp-json\/wp\/v2\/media?parent=523437"}],"wp:term":[{"taxonomy":"product_brand","embeddable":true,"href":"https:\/\/shop.kustom.ch\/fr\/wp-json\/wp\/v2\/product_brand?post=523437"},{"taxonomy":"product_cat","embeddable":true,"href":"https:\/\/shop.kustom.ch\/fr\/wp-json\/wp\/v2\/product_cat?post=523437"},{"taxonomy":"product_tag","embeddable":true,"href":"https:\/\/shop.kustom.ch\/fr\/wp-json\/wp\/v2\/product_tag?post=523437"}],"curies":[{"name":"wp","href":"https:\/\/api.w.org\/{rel}","templated":true}]}}