{"id":523348,"date":"2025-03-03T20:54:20","date_gmt":"2025-03-03T19:54:20","guid":{"rendered":"https:\/\/shop.kustom.ch\/?post_type=product&#038;p=523348"},"modified":"2026-03-30T07:11:15","modified_gmt":"2026-03-30T06:11:15","slug":"hakro-damen-light-softshelljacke-sidney","status":"publish","type":"product","link":"https:\/\/shop.kustom.ch\/fr\/produit\/hakro-damen-light-softshelljacke-sidney\/","title":{"rendered":"Veste Softshell Light Sidney pour femmes HAKRO"},"content":{"rendered":"<p>Veste softshell l\u00e9g\u00e8re, respirante et r\u00e9sistante pour femmes, avec un tissu ext\u00e9rieur softshell imperm\u00e9able et coupe-vent, des coutures de s\u00e9paration sur le devant et le dos pour une coupe parfaite, des poignets \u00e9lastiques avec passe-pouce, une poche zipp\u00e9e soud\u00e9e sur la manche gauche et des poches zipp\u00e9es lat\u00e9rales avec application r\u00e9fl\u00e9chissante, fermeture \u00e9clair frontale \u00e0 double sens de haute qualit\u00e9 avec rabat coupe-vent int\u00e9rieur, garage \u00e0 zip et passepoil r\u00e9fl\u00e9chissant, graphique imprim\u00e9 r\u00e9fl\u00e9chissant sur la partie arri\u00e8re arrondie et allong\u00e9e, ourlet r\u00e9glable en largeur avec cordon de serrage tunnel et stoppeurs. Toutes les fermetures \u00e9clair \u00e0 clic descendant de YKK\u00ae. Fabriqu\u00e9 dans une mati\u00e8re softshell l\u00e9g\u00e8re et extensible pour une excellente libert\u00e9 de mouvement, en lamin\u00e9 interlock 2 couches avec technologie TRIACTIVE PRO. \u00c9tiquette HAKRO imprim\u00e9e sur le cou pour un confort maximal et \u00e9tiquette plate tiss\u00e9e HAKRO sur la couture lat\u00e9rale gauche.<\/p>\n<p>- Mati\u00e8re : TRIACTIVE PRO, softshell en lamin\u00e9 interlock 2 couches en polyester 100 %<br \/>\n- poids : 170 g\/m<br \/>\n- Propri\u00e9t\u00e9s : imperm\u00e9able (mat\u00e9riau ext\u00e9rieur avec colonne d'eau de 5.000 mm), respirant (respirabilit\u00e9 5.000 g\/m\u00b2\/24 h), produit climatiquement neutre<br \/>\n- Coupe : Regular Fit<br \/>\n- Certificats : Fair Wear, Climate Partner, OEKO-TEX\u00ae STANDARD 100<br \/>\n- Temp\u00e9rature de lavage : 30 \u00b0C<br \/>\n- Tailles : XS-6XL<\/p>\n<p><a href=\"https:\/\/media.hakro.com\/productsheets\/productsheet_0256_de.pdf\" target=\"_blank\" rel=\"noopener\"><u>Ouvrir la fiche produit<\/u><\/a><\/p>","protected":false},"excerpt":{"rendered":"<p><span><\/span><\/p>","protected":false},"featured_media":523383,"template":"","meta":[],"product_brand":[],"product_cat":[4186],"product_tag":[],"class_list":{"0":"post-523348","1":"product","2":"type-product","3":"status-publish","4":"has-post-thumbnail","6":"product_cat-jacken","7":"pa_brand-hakro","8":"pa_brand-type-workwear","9":"pa_filter-color-blau","10":"pa_filter-color-grau","11":"pa_filter-color-gruen","12":"pa_filter-color-rot","13":"pa_filter-color-schwarz","15":"first","16":"instock","17":"sale","18":"taxable","19":"shipping-taxable","20":"purchasable","21":"product-type-variable","22":"add-to-wishlist-before_image"},"exclude_global_add_ons":[],"addons":[],"acf":[],"_links":{"self":[{"href":"https:\/\/shop.kustom.ch\/fr\/wp-json\/wp\/v2\/product\/523348"}],"collection":[{"href":"https:\/\/shop.kustom.ch\/fr\/wp-json\/wp\/v2\/product"}],"about":[{"href":"https:\/\/shop.kustom.ch\/fr\/wp-json\/wp\/v2\/types\/product"}],"wp:featuredmedia":[{"embeddable":true,"href":"https:\/\/shop.kustom.ch\/fr\/wp-json\/wp\/v2\/media\/523383"}],"wp:attachment":[{"href":"https:\/\/shop.kustom.ch\/fr\/wp-json\/wp\/v2\/media?parent=523348"}],"wp:term":[{"taxonomy":"product_brand","embeddable":true,"href":"https:\/\/shop.kustom.ch\/fr\/wp-json\/wp\/v2\/product_brand?post=523348"},{"taxonomy":"product_cat","embeddable":true,"href":"https:\/\/shop.kustom.ch\/fr\/wp-json\/wp\/v2\/product_cat?post=523348"},{"taxonomy":"product_tag","embeddable":true,"href":"https:\/\/shop.kustom.ch\/fr\/wp-json\/wp\/v2\/product_tag?post=523348"}],"curies":[{"name":"wp","href":"https:\/\/api.w.org\/{rel}","templated":true}]}}