{"id":523163,"date":"2025-03-03T20:52:59","date_gmt":"2025-03-03T19:52:59","guid":{"rendered":"https:\/\/shop.kustom.ch\/?post_type=product&#038;p=523163"},"modified":"2026-03-30T07:10:48","modified_gmt":"2026-03-30T06:10:48","slug":"hakro-damen-activejacke-aspen","status":"publish","type":"product","link":"https:\/\/shop.kustom.ch\/fr\/produit\/hakro-damen-activejacke-aspen\/","title":{"rendered":"Veste active Aspen pour femmes HAKRO"},"content":{"rendered":"<p>Veste combin\u00e9e 3 en 1 respirante, imperm\u00e9able et coupe-vent pour femmes avec coutures trait\u00e9es, veste int\u00e9rieure en polaire chaude \u00e0 porter s\u00e9par\u00e9ment en noir (pour la veste ext\u00e9rieure en couleur encre, veste int\u00e9rieure en polaire en couleur encre). Capuche amovible avec visi\u00e8re, se rangeant dans le col. Capuche et ourlet r\u00e9glables en largeur gr\u00e2ce \u00e0 un cordon de serrage sous tunnel et des stoppeurs. Fermeture \u00e9clair frontale \u00e0 double sens de haute qualit\u00e9 avec double rabat coupe-vent, poche int\u00e9rieure, deux poches ext\u00e9rieures pratiques avec fermeture \u00e9clair, poignets r\u00e9glables en largeur avec fermeture velcro pour un r\u00e9glage en continu. Veste int\u00e9rieure en polaire avec poches lat\u00e9rales, manches doubl\u00e9es, taille r\u00e9glable avec cordon de serrage sous tunnel et stoppeurs. Toutes les fermetures \u00e0 glissi\u00e8re sont de marque YKK\u00ae. Fabriqu\u00e9 dans un tissu ext\u00e9rieur r\u00e9sistant \u00e0 l'eau et au vent, en lamin\u00e9 2 couches avec technologie TRIACTIVE PRO pour une imperm\u00e9abilit\u00e9 maximale et fiable. \u00c9tiquette de cou tiss\u00e9e HAKRO en satin de cha\u00eene de haute qualit\u00e9 avec bords de bande souples et coup\u00e9s aux ultrasons pour un confort maximal et \u00e9tiquette plate tiss\u00e9e HAKRO sur la couture lat\u00e9rale gauche. <\/p>\n<p>Son avantage particulier : une fermeture \u00e9clair dissimul\u00e9e dans la partie int\u00e9rieure du dos (ouverture de r\u00e9vision) permet de personnaliser la veste.<\/p>\n<p>- Mati\u00e8re : veste ext\u00e9rieure en TRIACTIVE PRO, lamin\u00e9 2 couches en tissu twill fin et doublure int\u00e9rieure en polyester 100 % ; veste int\u00e9rieure en micropolaire en polyester 100 %<br \/>\n- Poids : veste ext\u00e9rieure 150 g\/m\u00b2 ; veste int\u00e9rieure 260 g\/m<br \/>\n- Propri\u00e9t\u00e9s : imperm\u00e9able (mat\u00e9riau ext\u00e9rieur avec colonne d'eau 8.000 mm), respirant (respirabilit\u00e9 8.000 g\/m\u00b2\/24 h), produit climatiquement neutre<br \/>\n- \u00c9quipement : veste int\u00e9rieure anti-boulochage<br \/>\n- Coupe : Regular Fit<br \/>\n- Certificats : Fair Wear, Climate Partner, OEKO-TEX\u00ae STANDARD 100<br \/>\n- Temp\u00e9rature de lavage : 30 \u00b0C<br \/>\n- tailles : XS-3XL<\/p>\n<p><a href=\"https:\/\/media.hakro.com\/productsheets\/productsheet_0253_de.pdf\" target=\"_blank\" rel=\"noopener\"><u>Ouvrir la fiche produit<\/u><\/a><\/p>","protected":false},"excerpt":{"rendered":"<p><span><\/span><\/p>","protected":false},"featured_media":523181,"template":"","meta":[],"product_brand":[],"product_cat":[4186],"product_tag":[],"class_list":{"0":"post-523163","1":"product","2":"type-product","3":"status-publish","4":"has-post-thumbnail","6":"product_cat-jacken","7":"pa_brand-hakro","8":"pa_brand-type-workwear","9":"pa_filter-color-blau","10":"pa_filter-color-rot","11":"pa_filter-color-schwarz","13":"first","14":"instock","15":"sale","16":"taxable","17":"shipping-taxable","18":"purchasable","19":"product-type-variable","20":"add-to-wishlist-before_image"},"exclude_global_add_ons":[],"addons":[],"acf":[],"_links":{"self":[{"href":"https:\/\/shop.kustom.ch\/fr\/wp-json\/wp\/v2\/product\/523163"}],"collection":[{"href":"https:\/\/shop.kustom.ch\/fr\/wp-json\/wp\/v2\/product"}],"about":[{"href":"https:\/\/shop.kustom.ch\/fr\/wp-json\/wp\/v2\/types\/product"}],"wp:featuredmedia":[{"embeddable":true,"href":"https:\/\/shop.kustom.ch\/fr\/wp-json\/wp\/v2\/media\/523181"}],"wp:attachment":[{"href":"https:\/\/shop.kustom.ch\/fr\/wp-json\/wp\/v2\/media?parent=523163"}],"wp:term":[{"taxonomy":"product_brand","embeddable":true,"href":"https:\/\/shop.kustom.ch\/fr\/wp-json\/wp\/v2\/product_brand?post=523163"},{"taxonomy":"product_cat","embeddable":true,"href":"https:\/\/shop.kustom.ch\/fr\/wp-json\/wp\/v2\/product_cat?post=523163"},{"taxonomy":"product_tag","embeddable":true,"href":"https:\/\/shop.kustom.ch\/fr\/wp-json\/wp\/v2\/product_tag?post=523163"}],"curies":[{"name":"wp","href":"https:\/\/api.w.org\/{rel}","templated":true}]}}