{"id":523068,"date":"2025-03-03T20:52:31","date_gmt":"2025-03-03T19:52:31","guid":{"rendered":"https:\/\/shop.kustom.ch\/?post_type=product&#038;p=523068"},"modified":"2026-03-30T07:10:32","modified_gmt":"2026-03-30T06:10:32","slug":"hakro-damen-activejacke-fernie","status":"publish","type":"product","link":"https:\/\/shop.kustom.ch\/fr\/produit\/hakro-damen-activejacke-fernie\/","title":{"rendered":"Veste active Fernie pour femmes HAKRO"},"content":{"rendered":"<p>Veste d'activit\u00e9 respirante, imperm\u00e9able et coupe-vent pour femmes avec coutures trait\u00e9es, capuche amovible et r\u00e9glable avec visi\u00e8re, dos arrondi et allong\u00e9, fermeture \u00e9clair frontale \u00e0 double sens de haute qualit\u00e9 avec rabat coupe-vent et garage \u00e0 zip, fermetures \u00e9clair imperm\u00e9ables sur les poches et poche zipp\u00e9e sur la manche. Toutes les fermetures \u00e0 glissi\u00e8re sont de marque YKK\u00ae. Ourlet r\u00e9glable avec cordon de serrage sous tunnel et stoppeurs, poignets r\u00e9glables en largeur avec bande Velcro pour un r\u00e9glage en continu. Fabriqu\u00e9 dans un tissu ext\u00e9rieur r\u00e9sistant \u00e0 l'eau et au vent en lamin\u00e9 2,5 couches avec technologie TRIACTIVE PRO pour une imperm\u00e9abilit\u00e9 maximale et fiable. \u00c9tiquette de cou tiss\u00e9e HAKRO en satin de cha\u00eene de haute qualit\u00e9 avec bords de bande souples et coup\u00e9s aux ultrasons pour un confort maximal et \u00e9tiquette plate tiss\u00e9e HAKRO sur la couture lat\u00e9rale gauche.<\/p>\n<p>- Mati\u00e8re : TRIACTIVE PRO, lamin\u00e9 2,5 couches en tissu serg\u00e9 fin 100 % polyester<br \/>\n- poids : 180 g\/m<br \/>\n- Propri\u00e9t\u00e9s : imperm\u00e9able (mat\u00e9riau ext\u00e9rieur avec colonne d'eau de 5.000 mm), respirant (respirabilit\u00e9 : 5.000 g\/m\u00b2\/24h), produit climatiquement neutre<br \/>\n- Certificats : Fair Wear, Climate Partner, OEKO-TEX\u00ae STANDARD 100<br \/>\n- Temp\u00e9rature de lavage : 30 \u00b0C<br \/>\n- tailles : XS-3XL<\/p>\n<p><a href=\"https:\/\/media.hakro.com\/productsheets\/productsheet_0250_de.pdf\" target=\"_blank\" rel=\"noopener\"><u>Ouvrir la fiche produit<\/u><\/a><\/p>","protected":false},"excerpt":{"rendered":"<p><span><\/span><\/p>","protected":false},"featured_media":523107,"template":"","meta":[],"product_brand":[],"product_cat":[4186],"product_tag":[],"class_list":{"0":"post-523068","1":"product","2":"type-product","3":"status-publish","4":"has-post-thumbnail","6":"product_cat-jacken","7":"pa_brand-hakro","8":"pa_brand-type-workwear","9":"pa_filter-color-blau","10":"pa_filter-color-grau","11":"pa_filter-color-rot","12":"pa_filter-color-schwarz","14":"first","15":"instock","16":"sale","17":"taxable","18":"shipping-taxable","19":"purchasable","20":"product-type-variable","21":"add-to-wishlist-before_image"},"exclude_global_add_ons":[],"addons":[],"acf":[],"_links":{"self":[{"href":"https:\/\/shop.kustom.ch\/fr\/wp-json\/wp\/v2\/product\/523068"}],"collection":[{"href":"https:\/\/shop.kustom.ch\/fr\/wp-json\/wp\/v2\/product"}],"about":[{"href":"https:\/\/shop.kustom.ch\/fr\/wp-json\/wp\/v2\/types\/product"}],"wp:featuredmedia":[{"embeddable":true,"href":"https:\/\/shop.kustom.ch\/fr\/wp-json\/wp\/v2\/media\/523107"}],"wp:attachment":[{"href":"https:\/\/shop.kustom.ch\/fr\/wp-json\/wp\/v2\/media?parent=523068"}],"wp:term":[{"taxonomy":"product_brand","embeddable":true,"href":"https:\/\/shop.kustom.ch\/fr\/wp-json\/wp\/v2\/product_brand?post=523068"},{"taxonomy":"product_cat","embeddable":true,"href":"https:\/\/shop.kustom.ch\/fr\/wp-json\/wp\/v2\/product_cat?post=523068"},{"taxonomy":"product_tag","embeddable":true,"href":"https:\/\/shop.kustom.ch\/fr\/wp-json\/wp\/v2\/product_tag?post=523068"}],"curies":[{"name":"wp","href":"https:\/\/api.w.org\/{rel}","templated":true}]}}