{"id":522962,"date":"2025-03-03T20:51:41","date_gmt":"2025-03-03T19:51:41","guid":{"rendered":"https:\/\/shop.kustom.ch\/?post_type=product&#038;p=522962"},"modified":"2026-03-30T07:10:29","modified_gmt":"2026-03-30T06:10:29","slug":"hakro-damen-softshelljacke-alberta","status":"publish","type":"product","link":"https:\/\/shop.kustom.ch\/fr\/produit\/hakro-damen-softshelljacke-alberta\/","title":{"rendered":"Veste softshell Alberta pour femmes HAKRO"},"content":{"rendered":"<p>Veste softshell pour femmes, chaude, respirante et r\u00e9sistante, avec ext\u00e9rieur softshell imperm\u00e9able et coupe-vent, capuche amovible, ourlet r\u00e9glable en largeur avec cordon de serrage sous tunnel et stoppeurs, partie arri\u00e8re arrondie et prolong\u00e9e, micro-polaire l\u00e9g\u00e8re \u00e0 l'int\u00e9rieur, bandes velcro aux poignets pour un r\u00e9glage en continu, fermeture \u00e9clair \u00e0 double sens de haute qualit\u00e9 avec rabat coupe-vent \u00e0 l'int\u00e9rieur et garage \u00e0 zip, poche \u00e0 fermeture \u00e9clair sur la manche gauche et poches lat\u00e9rales \u00e0 fermeture \u00e9clair. Toutes les fermetures \u00e0 glissi\u00e8re sont de marque YKK\u00ae. Fabriqu\u00e9 dans un mat\u00e9riau softshell extensible pour une excellente libert\u00e9 de mouvement, en lamin\u00e9 interlock 3 couches avec technologie TRIACTIVE PRO. \u00c9tiquette de cou tiss\u00e9e HAKRO en satin de cha\u00eene de haute qualit\u00e9 avec bords de bande souples et coup\u00e9s aux ultrasons pour un confort maximal et \u00e9tiquette plate tiss\u00e9e HAKRO sur la couture lat\u00e9rale gauche.<\/p>\n<p>- Mati\u00e8re : TRIACTIVE PRO, softshell en lamin\u00e9 interlock 3 couches en polyester 100 %<br \/>\n- poids : 260 g\/m<br \/>\n- Propri\u00e9t\u00e9s : imperm\u00e9able (mat\u00e9riau ext\u00e9rieur avec colonne d'eau de 5.000 mm), respirant (respirabilit\u00e9 5.000 g\/m\u00b2\/24 h), produit climatiquement neutre<br \/>\n- Coupe : Regular Fit<br \/>\n- Certificats : Fair Wear, Climate Partner, OEKO-TEX\u00ae STANDARD 100<br \/>\n- Temp\u00e9rature de lavage : 30 \u00b0C<br \/>\n- Tailles : XS-6XL<\/p>\n<p><a href=\"https:\/\/media.hakro.com\/productsheets\/productsheet_0248_de.pdf\" target=\"_blank\" rel=\"noopener\"><u>Ouvrir la fiche produit<\/u><\/a><\/p>","protected":false},"excerpt":{"rendered":"<p><span><\/span><\/p>","protected":false},"featured_media":522977,"template":"","meta":[],"product_brand":[],"product_cat":[4186],"product_tag":[],"class_list":{"0":"post-522962","1":"product","2":"type-product","3":"status-publish","4":"has-post-thumbnail","6":"product_cat-jacken","7":"pa_brand-hakro","8":"pa_brand-type-workwear","9":"pa_filter-color-blau","10":"pa_filter-color-grau","11":"pa_filter-color-gruen","12":"pa_filter-color-orange","13":"pa_filter-color-rot","14":"pa_filter-color-schwarz","16":"first","17":"instock","18":"sale","19":"taxable","20":"shipping-taxable","21":"purchasable","22":"product-type-variable","23":"add-to-wishlist-before_image"},"exclude_global_add_ons":[],"addons":[],"acf":[],"_links":{"self":[{"href":"https:\/\/shop.kustom.ch\/fr\/wp-json\/wp\/v2\/product\/522962"}],"collection":[{"href":"https:\/\/shop.kustom.ch\/fr\/wp-json\/wp\/v2\/product"}],"about":[{"href":"https:\/\/shop.kustom.ch\/fr\/wp-json\/wp\/v2\/types\/product"}],"wp:featuredmedia":[{"embeddable":true,"href":"https:\/\/shop.kustom.ch\/fr\/wp-json\/wp\/v2\/media\/522977"}],"wp:attachment":[{"href":"https:\/\/shop.kustom.ch\/fr\/wp-json\/wp\/v2\/media?parent=522962"}],"wp:term":[{"taxonomy":"product_brand","embeddable":true,"href":"https:\/\/shop.kustom.ch\/fr\/wp-json\/wp\/v2\/product_brand?post=522962"},{"taxonomy":"product_cat","embeddable":true,"href":"https:\/\/shop.kustom.ch\/fr\/wp-json\/wp\/v2\/product_cat?post=522962"},{"taxonomy":"product_tag","embeddable":true,"href":"https:\/\/shop.kustom.ch\/fr\/wp-json\/wp\/v2\/product_tag?post=522962"}],"curies":[{"name":"wp","href":"https:\/\/api.w.org\/{rel}","templated":true}]}}