{"id":522848,"date":"2025-03-03T20:51:14","date_gmt":"2025-03-03T19:51:14","guid":{"rendered":"https:\/\/shop.kustom.ch\/?post_type=product&#038;p=522848"},"modified":"2026-03-30T07:10:07","modified_gmt":"2026-03-30T06:10:07","slug":"hakro-damen-fleecejacke-eco-grs","status":"publish","type":"product","link":"https:\/\/shop.kustom.ch\/fr\/produit\/hakro-damen-fleecejacke-eco-grs\/","title":{"rendered":"Veste polaire ECO GRS HAKRO pour femmes"},"content":{"rendered":"<p>Veste polaire ECO l\u00e9g\u00e8re et agr\u00e9ablement douce pour femmes, avec fermeture \u00e9clair frontale \u00e0 double sens de haute qualit\u00e9, poches lat\u00e9rales \u00e0 fermeture \u00e9clair dissimul\u00e9es, coutures de s\u00e9paration sur le devant et le dos pour une coupe parfaite, bande de cou et ruban de suspension dans la nuque. Toutes les fermetures \u00e0 glissi\u00e8re sont de marque YKK\u00ae. Fabriqu\u00e9 en micropolaire 200 de qualit\u00e9 particuli\u00e8rement fine, en polyester recycl\u00e9 certifi\u00e9 selon la norme GRS. \u00c9tiquette de cou tiss\u00e9e HAKRO en satin de cha\u00eene de haute qualit\u00e9 avec bords de bande souples et coup\u00e9s aux ultrasons pour un confort maximal et \u00e9tiquette de boucle tiss\u00e9e HAKRO sur l'ourlet gauche.<\/p>\n<p>- Mati\u00e8re : micro-polaire en 100 % polyester (recycl\u00e9)<br \/>\n- poids : 230 g\/m<br \/>\n- Finition : pr\u00e9-r\u00e9tr\u00e9ci, anti-boulochage<br \/>\n- Propri\u00e9t\u00e9 : facile d'entretien, respirant, produit climatiquement neutre<br \/>\n- Coupe : Regular Fit<br \/>\n- Certificats : Fair Wear, Climate Partner, OEKO-TEX\u00ae STANDARD 100, Global Recycled Standard (GRS), bouton vert<br \/>\n- Temp\u00e9rature de lavage : 30 \u00b0C<br \/>\n- Tailles : XS-6XL<\/p>\n<p><a href=\"https:\/\/media.hakro.com\/productsheets\/productsheet_0246_de.pdf\" target=\"_blank\" rel=\"noopener\"><u>Ouvrir la fiche produit<\/u><\/a><\/p>","protected":false},"excerpt":{"rendered":"<p><span><\/span><\/p>","protected":false},"featured_media":522903,"template":"","meta":[],"product_brand":[],"product_cat":[4186],"product_tag":[],"class_list":{"0":"post-522848","1":"product","2":"type-product","3":"status-publish","4":"has-post-thumbnail","6":"product_cat-jacken","7":"pa_brand-hakro","8":"pa_brand-type-workwear","9":"pa_filter-color-blau","10":"pa_filter-color-grau","11":"pa_filter-color-gruen","12":"pa_filter-color-rot","13":"pa_filter-color-schwarz","14":"pa_filter-color-weiss","16":"first","17":"instock","18":"sale","19":"taxable","20":"shipping-taxable","21":"purchasable","22":"product-type-variable","23":"add-to-wishlist-before_image"},"exclude_global_add_ons":[],"addons":[],"acf":[],"_links":{"self":[{"href":"https:\/\/shop.kustom.ch\/fr\/wp-json\/wp\/v2\/product\/522848"}],"collection":[{"href":"https:\/\/shop.kustom.ch\/fr\/wp-json\/wp\/v2\/product"}],"about":[{"href":"https:\/\/shop.kustom.ch\/fr\/wp-json\/wp\/v2\/types\/product"}],"wp:featuredmedia":[{"embeddable":true,"href":"https:\/\/shop.kustom.ch\/fr\/wp-json\/wp\/v2\/media\/522903"}],"wp:attachment":[{"href":"https:\/\/shop.kustom.ch\/fr\/wp-json\/wp\/v2\/media?parent=522848"}],"wp:term":[{"taxonomy":"product_brand","embeddable":true,"href":"https:\/\/shop.kustom.ch\/fr\/wp-json\/wp\/v2\/product_brand?post=522848"},{"taxonomy":"product_cat","embeddable":true,"href":"https:\/\/shop.kustom.ch\/fr\/wp-json\/wp\/v2\/product_cat?post=522848"},{"taxonomy":"product_tag","embeddable":true,"href":"https:\/\/shop.kustom.ch\/fr\/wp-json\/wp\/v2\/product_tag?post=522848"}],"curies":[{"name":"wp","href":"https:\/\/api.w.org\/{rel}","templated":true}]}}