{"id":522399,"date":"2025-03-03T20:45:18","date_gmt":"2025-03-03T19:45:18","guid":{"rendered":"https:\/\/shop.kustom.ch\/?post_type=product&#038;p=522399"},"modified":"2026-03-30T07:09:17","modified_gmt":"2026-03-30T06:09:17","slug":"hakro-damen-poloshirt-top","status":"publish","type":"product","link":"https:\/\/shop.kustom.ch\/fr\/produit\/hakro-damen-poloshirt-top\/","title":{"rendered":"Top polo femme HAKRO"},"content":{"rendered":"<p>Polo classique pour femmes, avec une patte de boutonnage \u00e0 deux trous de haute qualit\u00e9 et des boutons incassables cousus de mani\u00e8re extra-r\u00e9sistante, ton sur ton avec l'inscription HAKRO grav\u00e9e au laser. Avec bouton de rechange, bande d'encolure et fentes lat\u00e9rales \u00e0 double fermeture. Fabriqu\u00e9 en piqu\u00e9 \u00e0 mailles fines de coton \u00e0 longues fibres, peign\u00e9 et fil\u00e9 \u00e0 anneaux. \u00c9tiquette de cou tiss\u00e9e HAKRO en satin de cha\u00eene de haute qualit\u00e9 avec bords de bande souples et coup\u00e9s aux ultrasons pour un confort agr\u00e9able et \u00e9tiquette plate tiss\u00e9e HAKRO sur la couture lat\u00e9rale gauche.<\/p>\n<p>- Mati\u00e8re : piqu\u00e9 de 100 % coton (gris chin\u00e9 : 60 % polyester et 40 % coton)<br \/>\n- Poids : 200 g\/m<br \/>\n- \u00c9quipement : pr\u00e9trait\u00e9 au rodage<br \/>\n- Propri\u00e9t\u00e9 : r\u00e9siste \u00e0 l'\u00e9bullition (couleur 001 blanc), produit climatiquement neutre<br \/>\n- Coupe : Regular Fit<br \/>\n- Certificats : Fair Wear, ClimatePartner, OEKO-TEX\u00ae STANDARD 100<br \/>\n- Temp\u00e9rature de lavage : 60 \u00b0C couleur | 95 \u00b0C blanc<br \/>\n- Tailles : XS-3XL (couleurs s\u00e9lectionn\u00e9es disponibles jusqu'au 6XL)<\/p>\n<p><a href=\"https:\/\/media.hakro.com\/productsheets\/productsheet_0224_de.pdf\" target=\"_blank\" rel=\"noopener\"><u>Ouvrir la fiche produit<\/u><\/a><\/p>","protected":false},"excerpt":{"rendered":"<p><span><\/span><\/p>","protected":false},"featured_media":522429,"template":"","meta":[],"product_brand":[],"product_cat":[4193],"product_tag":[],"class_list":{"0":"post-522399","1":"product","2":"type-product","3":"status-publish","4":"has-post-thumbnail","6":"product_cat-polos","7":"pa_brand-hakro","8":"pa_brand-type-workwear","9":"pa_filter-color-beige","10":"pa_filter-color-blau","11":"pa_filter-color-grau","12":"pa_filter-color-gruen","13":"pa_filter-color-rot","14":"pa_filter-color-schwarz","15":"pa_filter-color-weiss","17":"first","18":"instock","19":"sale","20":"taxable","21":"shipping-taxable","22":"purchasable","23":"product-type-variable","24":"add-to-wishlist-before_image"},"exclude_global_add_ons":[],"addons":[],"acf":[],"_links":{"self":[{"href":"https:\/\/shop.kustom.ch\/fr\/wp-json\/wp\/v2\/product\/522399"}],"collection":[{"href":"https:\/\/shop.kustom.ch\/fr\/wp-json\/wp\/v2\/product"}],"about":[{"href":"https:\/\/shop.kustom.ch\/fr\/wp-json\/wp\/v2\/types\/product"}],"wp:featuredmedia":[{"embeddable":true,"href":"https:\/\/shop.kustom.ch\/fr\/wp-json\/wp\/v2\/media\/522429"}],"wp:attachment":[{"href":"https:\/\/shop.kustom.ch\/fr\/wp-json\/wp\/v2\/media?parent=522399"}],"wp:term":[{"taxonomy":"product_brand","embeddable":true,"href":"https:\/\/shop.kustom.ch\/fr\/wp-json\/wp\/v2\/product_brand?post=522399"},{"taxonomy":"product_cat","embeddable":true,"href":"https:\/\/shop.kustom.ch\/fr\/wp-json\/wp\/v2\/product_cat?post=522399"},{"taxonomy":"product_tag","embeddable":true,"href":"https:\/\/shop.kustom.ch\/fr\/wp-json\/wp\/v2\/product_tag?post=522399"}],"curies":[{"name":"wp","href":"https:\/\/api.w.org\/{rel}","templated":true}]}}