{"id":522370,"date":"2025-03-03T20:45:16","date_gmt":"2025-03-03T19:45:16","guid":{"rendered":"https:\/\/shop.kustom.ch\/?post_type=product&#038;p=522370"},"modified":"2026-03-30T07:09:03","modified_gmt":"2026-03-30T06:09:03","slug":"hakro-damen-poloshirt-stretch","status":"publish","type":"product","link":"https:\/\/shop.kustom.ch\/fr\/produit\/hakro-damen-poloshirt-stretch\/","title":{"rendered":"Polo femme HAKRO Stretch"},"content":{"rendered":"<p>Polo stretch \u00e0 mailles fines et \u00e0 la mode pour femmes, avec une patte de boutonnage \u00e9troite et \u00e0 la mode \u00e0 4 trous de haute qualit\u00e9 et des boutons incassables cousus de mani\u00e8re extra-r\u00e9sistante dans la couleur contrast\u00e9e blanche avec l'inscription HAKRO grav\u00e9e au laser. Avec bouton de rechange, bande d'encolure et fentes lat\u00e9rales \u00e0 double fermeture. Fabriqu\u00e9 en piqu\u00e9 stretch agr\u00e9ablement doux, \u00e0 mailles fines et extensible, en coton peign\u00e9 \u00e0 longues fibres et fil\u00e9 \u00e0 anneaux avec LYCRA\u00ae. \u00c9tiquette de cou tiss\u00e9e HAKRO en satin de cha\u00eene de qualit\u00e9 sup\u00e9rieure avec bords de bande souples et coup\u00e9s aux ultrasons pour un confort maximal et \u00e9tiquette plate tiss\u00e9e HAKRO sur la couture lat\u00e9rale gauche.<\/p>\n<p>- Mati\u00e8re : piqu\u00e9 de 94 % de coton et 6 % d'\u00e9lasthanne<br \/>\n- poids : 190 g\/m<br \/>\n- \u00c9quipement : pr\u00e9trait\u00e9 au rodage<br \/>\n- Propri\u00e9t\u00e9 : produit climatiquement neutre<br \/>\n- Coupe : Regular Fit<br \/>\n- Certificats : Fair Wear, ClimatePartner, OEKO-TEX\u00ae STANDARD 100<br \/>\n- Temp\u00e9rature de lavage : 40 \u00b0C<br \/>\n- tailles : XS-3XL<\/p>\n<p><a href=\"https:\/\/media.hakro.com\/productsheets\/productsheet_0222_de.pdf\" target=\"_blank\" rel=\"noopener\"><u>Ouvrir la fiche produit<\/u><\/a><\/p>","protected":false},"excerpt":{"rendered":"<p><span><\/span><\/p>","protected":false},"featured_media":522424,"template":"","meta":[],"product_brand":[],"product_cat":[4193],"product_tag":[],"class_list":{"0":"post-522370","1":"product","2":"type-product","3":"status-publish","4":"has-post-thumbnail","6":"product_cat-polos","7":"pa_brand-hakro","8":"pa_brand-type-workwear","9":"pa_filter-color-blau","10":"pa_filter-color-grau","11":"pa_filter-color-schwarz","12":"pa_filter-color-weiss","14":"first","15":"instock","16":"sale","17":"taxable","18":"shipping-taxable","19":"purchasable","20":"product-type-variable","21":"add-to-wishlist-before_image"},"exclude_global_add_ons":[],"addons":[],"acf":[],"_links":{"self":[{"href":"https:\/\/shop.kustom.ch\/fr\/wp-json\/wp\/v2\/product\/522370"}],"collection":[{"href":"https:\/\/shop.kustom.ch\/fr\/wp-json\/wp\/v2\/product"}],"about":[{"href":"https:\/\/shop.kustom.ch\/fr\/wp-json\/wp\/v2\/types\/product"}],"wp:featuredmedia":[{"embeddable":true,"href":"https:\/\/shop.kustom.ch\/fr\/wp-json\/wp\/v2\/media\/522424"}],"wp:attachment":[{"href":"https:\/\/shop.kustom.ch\/fr\/wp-json\/wp\/v2\/media?parent=522370"}],"wp:term":[{"taxonomy":"product_brand","embeddable":true,"href":"https:\/\/shop.kustom.ch\/fr\/wp-json\/wp\/v2\/product_brand?post=522370"},{"taxonomy":"product_cat","embeddable":true,"href":"https:\/\/shop.kustom.ch\/fr\/wp-json\/wp\/v2\/product_cat?post=522370"},{"taxonomy":"product_tag","embeddable":true,"href":"https:\/\/shop.kustom.ch\/fr\/wp-json\/wp\/v2\/product_tag?post=522370"}],"curies":[{"name":"wp","href":"https:\/\/api.w.org\/{rel}","templated":true}]}}