{"id":521794,"date":"2025-03-03T20:41:49","date_gmt":"2025-03-03T19:41:49","guid":{"rendered":"https:\/\/shop.kustom.ch\/?post_type=product&#038;p=521794"},"modified":"2026-03-30T07:08:18","modified_gmt":"2026-03-30T06:08:18","slug":"hakro-cotton-tec-damen-poloshirt","status":"publish","type":"product","link":"https:\/\/shop.kustom.ch\/fr\/produit\/hakro-cotton-tec-damen-poloshirt\/","title":{"rendered":"Polo HAKRO COTTON TEC\u00ae pour femme"},"content":{"rendered":"<p>Polo fonctionnel pour femmes, en jersey simple de qualit\u00e9 sup\u00e9rieure, avec une patte de boutonnage \u00e9troite et moderne \u00e0 4 trous et des boutons incassables cousus de mani\u00e8re extra-r\u00e9sistante dans une couleur anthracite contrast\u00e9e avec le logo HAKRO grav\u00e9 au laser. Avec bouton de rechange et col de couleur contrast\u00e9e. La couture du col et l'int\u00e9rieur des fentes lat\u00e9rales sont recouverts d'une bande de tissu de couleur contrast\u00e9e, la patte de boutonnage est renforc\u00e9e par une bande de tissu d\u00e9corative ton sur ton. Fabriqu\u00e9 gr\u00e2ce \u00e0 un proc\u00e9d\u00e9 de tricotage sp\u00e9cial au cours duquel deux fils sont transform\u00e9s en un mat\u00e9riau HAKRO COTTON TEC\u00ae-Double-Face. Il en r\u00e9sulte sur la face ext\u00e9rieure une surface single jersey particuli\u00e8rement fine en coton peign\u00e9 \u00e0 longues fibres et fil\u00e9 \u00e0 anneaux et sur la face int\u00e9rieure une couche de mesh en fibre fonctionnelle TRIACTIVE. Cela permet au polo de r\u00e9guler la temp\u00e9rature, car l'humidit\u00e9 est rapidement transport\u00e9e vers l'ext\u00e9rieur, o\u00f9 elle peut s'\u00e9vaporer. Etiquette HAKRO imprim\u00e9e sur le cou pour un confort maximal et \u00e9tiquette HAKRO tiss\u00e9e sur la couture lat\u00e9rale gauche.<\/p>\n<p>- Mati\u00e8re : jersey simple en 50 % coton et 50 % polyester<br \/>\n- poids : 185 g\/m<br \/>\n- \u00c9quipement : pr\u00e9trait\u00e9 au rodage<br \/>\n- Propri\u00e9t\u00e9 : facile d'entretien, respirant, produit climatiquement neutre<br \/>\n- Coupe : Regular Fit<br \/>\n- Certificats : Fair Wear, ClimatePartner, OEKO-TEX\u00ae STANDARD 100<br \/>\n- Temp\u00e9rature de lavage : 40 \u00b0C<br \/>\n- tailles : XS-3XL<\/p>\n<p><a href=\"https:\/\/media.hakro.com\/productsheets\/productsheet_0214_de.pdf\" target=\"_blank\" rel=\"noopener\"><u>Ouvrir la fiche produit<\/u><\/a><\/p>","protected":false},"excerpt":{"rendered":"<p><span><\/span><\/p>","protected":false},"featured_media":521826,"template":"","meta":[],"product_brand":[],"product_cat":[4193],"product_tag":[],"class_list":{"0":"post-521794","1":"product","2":"type-product","3":"status-publish","4":"has-post-thumbnail","6":"product_cat-polos","7":"pa_brand-hakro","8":"pa_brand-type-workwear","9":"pa_filter-color-blau","10":"pa_filter-color-grau","11":"pa_filter-color-gruen","12":"pa_filter-color-rot","13":"pa_filter-color-schwarz","14":"pa_filter-color-weiss","16":"first","17":"instock","18":"sale","19":"taxable","20":"shipping-taxable","21":"purchasable","22":"product-type-variable","23":"add-to-wishlist-before_image"},"exclude_global_add_ons":[],"addons":[],"acf":[],"_links":{"self":[{"href":"https:\/\/shop.kustom.ch\/fr\/wp-json\/wp\/v2\/product\/521794"}],"collection":[{"href":"https:\/\/shop.kustom.ch\/fr\/wp-json\/wp\/v2\/product"}],"about":[{"href":"https:\/\/shop.kustom.ch\/fr\/wp-json\/wp\/v2\/types\/product"}],"wp:featuredmedia":[{"embeddable":true,"href":"https:\/\/shop.kustom.ch\/fr\/wp-json\/wp\/v2\/media\/521826"}],"wp:attachment":[{"href":"https:\/\/shop.kustom.ch\/fr\/wp-json\/wp\/v2\/media?parent=521794"}],"wp:term":[{"taxonomy":"product_brand","embeddable":true,"href":"https:\/\/shop.kustom.ch\/fr\/wp-json\/wp\/v2\/product_brand?post=521794"},{"taxonomy":"product_cat","embeddable":true,"href":"https:\/\/shop.kustom.ch\/fr\/wp-json\/wp\/v2\/product_cat?post=521794"},{"taxonomy":"product_tag","embeddable":true,"href":"https:\/\/shop.kustom.ch\/fr\/wp-json\/wp\/v2\/product_tag?post=521794"}],"curies":[{"name":"wp","href":"https:\/\/api.w.org\/{rel}","templated":true}]}}