{"id":521648,"date":"2025-03-03T20:40:47","date_gmt":"2025-03-03T19:40:47","guid":{"rendered":"https:\/\/shop.kustom.ch\/?post_type=product&#038;p=521648"},"modified":"2026-03-30T07:08:06","modified_gmt":"2026-03-30T06:08:06","slug":"hakro-damen-poloshirt-coolmax","status":"publish","type":"product","link":"https:\/\/shop.kustom.ch\/fr\/produit\/hakro-damen-poloshirt-coolmax\/","title":{"rendered":"Polo COOLMAX\u00ae pour femme HAKRO"},"content":{"rendered":"<p>Polo fonctionnel pour femmes, avec une patte de boutonnage \u00e9troite et moderne \u00e0 4 trous de haute qualit\u00e9 et des boutons cousus extra-r\u00e9sistants et incassables dans une couleur contrast\u00e9e blanche avec l'inscription HAKRO grav\u00e9e au laser. Avec bouton de rechange et bande de cou. Fabriqu\u00e9 en piqu\u00e9 \u00e0 mailles fines en COOLMAX\u00ae PRO - une fibre fonctionnelle pour les efforts extr\u00eames. R\u00e9gulation de la temp\u00e9rature gr\u00e2ce au transport rapide de l'humidit\u00e9 vers l'ext\u00e9rieur du textile, o\u00f9 elle peut s'\u00e9vaporer imm\u00e9diatement ; respirant, facile d'entretien et \u00e0 s\u00e9chage rapide. \u00c9tiquette HAKRO imprim\u00e9e sur le cou pour un confort maximal et \u00e9tiquette HAKRO tiss\u00e9e sur la couture lat\u00e9rale gauche.<\/p>\n<p>- Mati\u00e8re : COOLMAX\u00ae PRO, piqu\u00e9 de polyester 100 %<br \/>\n- Poids : 150 g\/m<br \/>\n- \u00c9quipement : anti-odeur<br \/>\n- Propri\u00e9t\u00e9 : facile d'entretien, respirant, s\u00e9chage rapide, produit climatiquement neutre<br \/>\n- Coupe : Regular Fit<br \/>\n- Certificats : Fair Wear, ClimatePartner, OEKO-TEX\u00ae STANDARD 100<br \/>\n- Temp\u00e9rature de lavage : 30 \u00b0C<br \/>\n- tailles : XS-3XL<\/p>\n<p><a href=\"https:\/\/media.hakro.com\/productsheets\/productsheet_0206_de.pdf\" target=\"_blank\" rel=\"noopener\"><u>Ouvrir la fiche produit<\/u><\/a><\/p>","protected":false},"excerpt":{"rendered":"<p><span><\/span><\/p>","protected":false},"featured_media":521683,"template":"","meta":[],"product_brand":[],"product_cat":[4193],"product_tag":[],"class_list":{"0":"post-521648","1":"product","2":"type-product","3":"status-publish","4":"has-post-thumbnail","6":"product_cat-polos","7":"pa_brand-hakro","8":"pa_brand-type-workwear","9":"pa_filter-color-blau","10":"pa_filter-color-grau","11":"pa_filter-color-gruen","12":"pa_filter-color-rot","13":"pa_filter-color-schwarz","14":"pa_filter-color-weiss","16":"first","17":"instock","18":"sale","19":"taxable","20":"shipping-taxable","21":"purchasable","22":"product-type-variable","23":"add-to-wishlist-before_image"},"exclude_global_add_ons":[],"addons":[],"acf":[],"_links":{"self":[{"href":"https:\/\/shop.kustom.ch\/fr\/wp-json\/wp\/v2\/product\/521648"}],"collection":[{"href":"https:\/\/shop.kustom.ch\/fr\/wp-json\/wp\/v2\/product"}],"about":[{"href":"https:\/\/shop.kustom.ch\/fr\/wp-json\/wp\/v2\/types\/product"}],"wp:featuredmedia":[{"embeddable":true,"href":"https:\/\/shop.kustom.ch\/fr\/wp-json\/wp\/v2\/media\/521683"}],"wp:attachment":[{"href":"https:\/\/shop.kustom.ch\/fr\/wp-json\/wp\/v2\/media?parent=521648"}],"wp:term":[{"taxonomy":"product_brand","embeddable":true,"href":"https:\/\/shop.kustom.ch\/fr\/wp-json\/wp\/v2\/product_brand?post=521648"},{"taxonomy":"product_cat","embeddable":true,"href":"https:\/\/shop.kustom.ch\/fr\/wp-json\/wp\/v2\/product_cat?post=521648"},{"taxonomy":"product_tag","embeddable":true,"href":"https:\/\/shop.kustom.ch\/fr\/wp-json\/wp\/v2\/product_tag?post=521648"}],"curies":[{"name":"wp","href":"https:\/\/api.w.org\/{rel}","templated":true}]}}