{"id":521037,"date":"2025-03-03T20:37:13","date_gmt":"2025-03-03T19:37:13","guid":{"rendered":"https:\/\/shop.kustom.ch\/?post_type=product&#038;p=521037"},"modified":"2026-03-30T07:07:34","modified_gmt":"2026-03-30T06:07:34","slug":"hakro-damen-v-shirt-mikralinar","status":"publish","type":"product","link":"https:\/\/shop.kustom.ch\/fr\/produit\/hakro-damen-v-shirt-mikralinar\/","title":{"rendered":"HAKRO T-shirt V pour femme MIKRALINAR"},"content":{"rendered":"<p>T-shirt particuli\u00e8rement r\u00e9sistant pour femmes, avec un col en V f\u00e9minin, une encolure c\u00f4tel\u00e9e et une bande de propret\u00e9. Collerette de leasing pour faciliter l'identification dans les blanchisseries commerciales et liens de suspension dans l'ourlet. Fabriqu\u00e9 en jersey simple de poids moyen, doux, particuli\u00e8rement facile \u00e0 entretenir et fonctionnel, \u00e0 partir du m\u00e9lange de mati\u00e8res HAKRO Performance MIKRALINAR\u00ae. \u00c9tiquette de cou tiss\u00e9e HAKRO en satin de cha\u00eene de haute qualit\u00e9 avec bords de bande souples et coup\u00e9s aux ultrasons pour un confort maximal et \u00e9tiquette plate tiss\u00e9e HAKRO sur la couture lat\u00e9rale gauche.<\/p>\n<p>- Mati\u00e8re : MIKRALINAR\u00ae, jersey simple 50 % coton et 50 % polyester<br \/>\n- poids : 160 g\/m<br \/>\n- \u00c9quipement : pr\u00e9trait\u00e9 au rodage<br \/>\n- Propri\u00e9t\u00e9s : facile d'entretien, adapt\u00e9 au lavage industriel selon ISO 15797, produit climatiquement neutre<br \/>\n- Coupe : Regular Fit<br \/>\n- Certificats : Fair Wear, Climate Partner, OEKO-TEX\u00ae STANDARD 100<br \/>\n- Temp\u00e9rature de lavage : 60 \u00b0C<br \/>\n- Tailles : XS-6XL<\/p>\n<p><a href=\"https:\/\/media.hakro.com\/productsheets\/productsheet_0181_de.pdf\" target=\"_blank\" rel=\"noopener\"><u>Ouvrir la fiche produit<\/u><\/a><\/p>","protected":false},"excerpt":{"rendered":"<p><span><\/span><\/p>","protected":false},"featured_media":521076,"template":"","meta":[],"product_brand":[],"product_cat":[4201],"product_tag":[],"class_list":{"0":"post-521037","1":"product","2":"type-product","3":"status-publish","4":"has-post-thumbnail","6":"product_cat-t-shirts","7":"pa_brand-hakro","8":"pa_brand-type-workwear","9":"pa_filter-color-beige","10":"pa_filter-color-blau","11":"pa_filter-color-braun","12":"pa_filter-color-gelb","13":"pa_filter-color-grau","14":"pa_filter-color-gruen","15":"pa_filter-color-orange","16":"pa_filter-color-pink","17":"pa_filter-color-rot","18":"pa_filter-color-schwarz","19":"pa_filter-color-weiss","21":"first","22":"instock","23":"sale","24":"taxable","25":"shipping-taxable","26":"purchasable","27":"product-type-variable","28":"add-to-wishlist-before_image"},"exclude_global_add_ons":[],"addons":[],"acf":[],"_links":{"self":[{"href":"https:\/\/shop.kustom.ch\/fr\/wp-json\/wp\/v2\/product\/521037"}],"collection":[{"href":"https:\/\/shop.kustom.ch\/fr\/wp-json\/wp\/v2\/product"}],"about":[{"href":"https:\/\/shop.kustom.ch\/fr\/wp-json\/wp\/v2\/types\/product"}],"wp:featuredmedia":[{"embeddable":true,"href":"https:\/\/shop.kustom.ch\/fr\/wp-json\/wp\/v2\/media\/521076"}],"wp:attachment":[{"href":"https:\/\/shop.kustom.ch\/fr\/wp-json\/wp\/v2\/media?parent=521037"}],"wp:term":[{"taxonomy":"product_brand","embeddable":true,"href":"https:\/\/shop.kustom.ch\/fr\/wp-json\/wp\/v2\/product_brand?post=521037"},{"taxonomy":"product_cat","embeddable":true,"href":"https:\/\/shop.kustom.ch\/fr\/wp-json\/wp\/v2\/product_cat?post=521037"},{"taxonomy":"product_tag","embeddable":true,"href":"https:\/\/shop.kustom.ch\/fr\/wp-json\/wp\/v2\/product_tag?post=521037"}],"curies":[{"name":"wp","href":"https:\/\/api.w.org\/{rel}","templated":true}]}}