{"id":520716,"date":"2025-03-03T20:34:58","date_gmt":"2025-03-03T19:34:58","guid":{"rendered":"https:\/\/shop.kustom.ch\/?post_type=product&#038;p=520716"},"modified":"2026-03-30T07:05:59","modified_gmt":"2026-03-30T06:05:59","slug":"hakro-cotton-tec-hemd","status":"publish","type":"product","link":"https:\/\/shop.kustom.ch\/fr\/produit\/hakro-cotton-tec-hemd\/","title":{"rendered":"Chemise COTTON TEC\u00ae HAKRO"},"content":{"rendered":"<p>Chemise fonctionnelle en jersey simple avec une patte de boutonnage moderne de haute qualit\u00e9 et des boutons \u00e0 4 trous incassables cousus de mani\u00e8re extra-r\u00e9sistante - cousus en croix et doublement nou\u00e9s pour une tenue extra-r\u00e9sistante -, ton sur ton avec le logo HAKRO grav\u00e9 au laser et un bouton de rechange suppl\u00e9mentaire. Pinces dans le dos. La couture du col et l'int\u00e9rieur des fentes lat\u00e9rales ainsi que la patte de boutonnage sont renforc\u00e9s par une bande de tissu ton sur ton. Fabriqu\u00e9 gr\u00e2ce \u00e0 un proc\u00e9d\u00e9 de tricotage sp\u00e9cial au cours duquel deux fils sont transform\u00e9s en un mat\u00e9riau HAKRO COTTON TEC\u00ae-Double-Face. Il en r\u00e9sulte sur la face ext\u00e9rieure une surface single jersey particuli\u00e8rement fine en coton peign\u00e9 \u00e0 longues fibres et fil\u00e9 \u00e0 anneaux et sur la face int\u00e9rieure une couche de mesh en fibre fonctionnelle TRIACTIVE. Cela permet \u00e0 la chemise de r\u00e9guler la temp\u00e9rature, car l'humidit\u00e9 est rapidement transport\u00e9e vers l'ext\u00e9rieur, o\u00f9 elle peut s'\u00e9vaporer. \u00c9tiquette de cou HAKRO tiss\u00e9e en satin de cha\u00eene de haute qualit\u00e9 avec bords de bande souples et coup\u00e9s aux ultrasons pour un confort maximal.<\/p>\n<p>- Mati\u00e8re : jersey simple en 50 % coton et 50 % polyester<br \/>\n- poids : 185 g\/m<br \/>\n- \u00c9quipement : pr\u00e9trait\u00e9 au rodage<br \/>\n- Propri\u00e9t\u00e9 : facile d'entretien, respirant, produit climatiquement neutre<br \/>\n- Coupe : Regular Fit<br \/>\n- Certificats : Fair Wear, Climate Partner, OEKO-TEX\u00ae STANDARD 100<br \/>\n- Temp\u00e9rature de lavage : 40 \u00b0C<br \/>\n- Tailles : XS - 3XL<\/p>\n<p><a href=\"https:\/\/media.hakro.com\/productsheets\/productsheet_0137_de.pdf\" target=\"_blank\" rel=\"noopener\"><u>Ouvrir la fiche produit<\/u><\/a><\/p>","protected":false},"excerpt":{"rendered":"<p><span><\/span><\/p>","protected":false},"featured_media":520749,"template":"","meta":[],"product_brand":[],"product_cat":[9874],"product_tag":[],"class_list":{"0":"post-520716","1":"product","2":"type-product","3":"status-publish","4":"has-post-thumbnail","6":"product_cat-hemden","7":"pa_brand-hakro","8":"pa_brand-type-workwear","9":"pa_filter-color-blau","10":"pa_filter-color-schwarz","11":"pa_filter-color-weiss","13":"first","14":"instock","15":"sale","16":"taxable","17":"shipping-taxable","18":"purchasable","19":"product-type-variable","20":"add-to-wishlist-before_image"},"exclude_global_add_ons":[],"addons":[],"acf":[],"_links":{"self":[{"href":"https:\/\/shop.kustom.ch\/fr\/wp-json\/wp\/v2\/product\/520716"}],"collection":[{"href":"https:\/\/shop.kustom.ch\/fr\/wp-json\/wp\/v2\/product"}],"about":[{"href":"https:\/\/shop.kustom.ch\/fr\/wp-json\/wp\/v2\/types\/product"}],"wp:featuredmedia":[{"embeddable":true,"href":"https:\/\/shop.kustom.ch\/fr\/wp-json\/wp\/v2\/media\/520749"}],"wp:attachment":[{"href":"https:\/\/shop.kustom.ch\/fr\/wp-json\/wp\/v2\/media?parent=520716"}],"wp:term":[{"taxonomy":"product_brand","embeddable":true,"href":"https:\/\/shop.kustom.ch\/fr\/wp-json\/wp\/v2\/product_brand?post=520716"},{"taxonomy":"product_cat","embeddable":true,"href":"https:\/\/shop.kustom.ch\/fr\/wp-json\/wp\/v2\/product_cat?post=520716"},{"taxonomy":"product_tag","embeddable":true,"href":"https:\/\/shop.kustom.ch\/fr\/wp-json\/wp\/v2\/product_tag?post=520716"}],"curies":[{"name":"wp","href":"https:\/\/api.w.org\/{rel}","templated":true}]}}