{"id":520591,"date":"2025-03-03T20:33:58","date_gmt":"2025-03-03T19:33:58","guid":{"rendered":"https:\/\/shop.kustom.ch\/?post_type=product&#038;p=520591"},"modified":"2026-03-30T07:05:42","modified_gmt":"2026-03-30T06:05:42","slug":"hakro-hemd-natural-stretch-regular","status":"publish","type":"product","link":"https:\/\/shop.kustom.ch\/fr\/produit\/hakro-hemd-natural-stretch-regular\/","title":{"rendered":"Chemise HAKRO Natural Stretch Regular"},"content":{"rendered":"<p>Chemise \u00e0 la mode \u00e0 manches longues avec col boutonn\u00e9, l\u00e9g\u00e8rement cintr\u00e9e par des pinces dans le dos, ourlet l\u00e9g\u00e8rement arrondi, poignets r\u00e9glables en largeur, passepoil moderne en satin bleu fonc\u00e9 sur la couture int\u00e9rieure du col, patte de boutonnage de haute qualit\u00e9, double empi\u00e8cement sur les \u00e9paules, boutons \u00e0 4 trous - cousus en croix et doublement nou\u00e9s pour une tenue extra solide -, boutons de rechange, et double couture boutonn\u00e9e sur les coutures lat\u00e9rales. Fabriqu\u00e9 en maille jacquard agr\u00e9ablement douce et facile \u00e0 repasser, dans un m\u00e9lange coton\/polyester r\u00e9sistant. Une technique de tricotage sp\u00e9ciale permet d'obtenir une \u00e9lasticit\u00e9 naturelle pour un confort ultime. \u00c9tiquette de cou HAKRO tiss\u00e9e en satin de cha\u00eene de haute qualit\u00e9 avec bords de bande doux et coup\u00e9s aux ultrasons pour un confort maximal.<\/p>\n<p>- Mati\u00e8re : maille jacquard de 57 % de coton et 43 % de polyester<br \/>\n- poids : 130 g\/m<br \/>\n- Finition : pr\u00e9-r\u00e9tr\u00e9ci, repassage facile<br \/>\n- Propri\u00e9t\u00e9 : facile d'entretien, produit climatiquement neutre<br \/>\n- Coupe : Regular Fit<br \/>\n- Certificats : Fair Wear, Climate Partner, OEKO-TEX\u00ae STANDARD 100<br \/>\n- Temp\u00e9rature de lavage : 40 \u00b0C<br \/>\n- tailles : XS-3XL<\/p>\n<p><a href=\"https:\/\/media.hakro.com\/productsheets\/productsheet_0130_de.pdf\" target=\"_blank\" rel=\"noopener\"><u>Ouvrir la fiche produit<\/u><\/a><\/p>","protected":false},"excerpt":{"rendered":"<p><span><\/span><\/p>","protected":false},"featured_media":520611,"template":"","meta":[],"product_brand":[],"product_cat":[9874],"product_tag":[],"class_list":{"0":"post-520591","1":"product","2":"type-product","3":"status-publish","4":"has-post-thumbnail","6":"product_cat-hemden","7":"pa_brand-hakro","8":"pa_brand-type-workwear","9":"pa_filter-color-blau","10":"pa_filter-color-schwarz","11":"pa_filter-color-weiss","13":"first","14":"instock","15":"sale","16":"taxable","17":"shipping-taxable","18":"purchasable","19":"product-type-variable","20":"add-to-wishlist-before_image"},"exclude_global_add_ons":[],"addons":[],"acf":[],"_links":{"self":[{"href":"https:\/\/shop.kustom.ch\/fr\/wp-json\/wp\/v2\/product\/520591"}],"collection":[{"href":"https:\/\/shop.kustom.ch\/fr\/wp-json\/wp\/v2\/product"}],"about":[{"href":"https:\/\/shop.kustom.ch\/fr\/wp-json\/wp\/v2\/types\/product"}],"wp:featuredmedia":[{"embeddable":true,"href":"https:\/\/shop.kustom.ch\/fr\/wp-json\/wp\/v2\/media\/520611"}],"wp:attachment":[{"href":"https:\/\/shop.kustom.ch\/fr\/wp-json\/wp\/v2\/media?parent=520591"}],"wp:term":[{"taxonomy":"product_brand","embeddable":true,"href":"https:\/\/shop.kustom.ch\/fr\/wp-json\/wp\/v2\/product_brand?post=520591"},{"taxonomy":"product_cat","embeddable":true,"href":"https:\/\/shop.kustom.ch\/fr\/wp-json\/wp\/v2\/product_cat?post=520591"},{"taxonomy":"product_tag","embeddable":true,"href":"https:\/\/shop.kustom.ch\/fr\/wp-json\/wp\/v2\/product_tag?post=520591"}],"curies":[{"name":"wp","href":"https:\/\/api.w.org\/{rel}","templated":true}]}}