{"id":520165,"date":"2025-03-03T20:31:39","date_gmt":"2025-03-03T19:31:39","guid":{"rendered":"https:\/\/shop.kustom.ch\/?post_type=product&#038;p=520165"},"modified":"2026-03-30T07:05:06","modified_gmt":"2026-03-30T06:05:06","slug":"hakro-hemd-mikralinar-comfort","status":"publish","type":"product","link":"https:\/\/shop.kustom.ch\/fr\/produit\/hakro-hemd-mikralinar-comfort\/","title":{"rendered":"Chemise HAKRO MIKRALINAR\u00ae Comfort"},"content":{"rendered":"<p>Chemise \u00e0 manches longues particuli\u00e8rement r\u00e9sistante avec col Kent, poche poitrine plaqu\u00e9e, ourlet l\u00e9g\u00e8rement arrondi, patte de boutonnage avec 4 boutons - cousus en croix et doublement nou\u00e9s pour une tenue extra-forte -, bouton de rechange, double couture rabattue sur les coutures lat\u00e9rales, baguettes de col int\u00e9gr\u00e9es pour un col de chemise parfaitement ajust\u00e9 et poignets r\u00e9glables en largeur. Fabriqu\u00e9 en MIKRALINAR\u00ae, un m\u00e9lange de mati\u00e8res HAKRO Performance particuli\u00e8rement facile d'entretien et fonctionnel, au toucher agr\u00e9ablement doux. \u00c9tiquette de cou tiss\u00e9e HAKRO en satin de cha\u00eene de haute qualit\u00e9 avec bords de bande souples et coup\u00e9s aux ultrasons pour un confort maximal.<\/p>\n<p>- Mati\u00e8re : MIKRALINAR\u00ae, tissu compos\u00e9 de 50 % de coton et 50 % de polyester<br \/>\n- poids : 120 g\/m<br \/>\n- \u00c9quipement : pr\u00e9trait\u00e9 au rodage<br \/>\n- Propri\u00e9t\u00e9 : facile d'entretien, produit climatiquement neutre<br \/>\n- Coupe : Comfort Fit<br \/>\n- Certificats : Fair Wear, Climate Partner, OEKO-TEX\u00ae STANDARD 100<br \/>\n- Temp\u00e9rature de lavage : 60 \u00b0C<br \/>\n- Tailles : XS-6XL<\/p>\n<p><a href=\"https:\/\/media.hakro.com\/productsheets\/productsheet_0123_de.pdf\" target=\"_blank\" rel=\"noopener\"><u>Ouvrir la fiche produit<\/u><\/a><\/p>","protected":false},"excerpt":{"rendered":"<p><span><\/span><\/p>","protected":false},"featured_media":520200,"template":"","meta":[],"product_brand":[],"product_cat":[9874],"product_tag":[],"class_list":{"0":"post-520165","1":"product","2":"type-product","3":"status-publish","4":"has-post-thumbnail","6":"product_cat-hemden","7":"pa_brand-hakro","8":"pa_brand-type-workwear","9":"pa_filter-color-blau","10":"pa_filter-color-grau","11":"pa_filter-color-gruen","12":"pa_filter-color-rot","13":"pa_filter-color-schwarz","14":"pa_filter-color-weiss","16":"first","17":"instock","18":"sale","19":"taxable","20":"shipping-taxable","21":"purchasable","22":"product-type-variable","23":"add-to-wishlist-before_image"},"exclude_global_add_ons":[],"addons":[],"acf":[],"_links":{"self":[{"href":"https:\/\/shop.kustom.ch\/fr\/wp-json\/wp\/v2\/product\/520165"}],"collection":[{"href":"https:\/\/shop.kustom.ch\/fr\/wp-json\/wp\/v2\/product"}],"about":[{"href":"https:\/\/shop.kustom.ch\/fr\/wp-json\/wp\/v2\/types\/product"}],"wp:featuredmedia":[{"embeddable":true,"href":"https:\/\/shop.kustom.ch\/fr\/wp-json\/wp\/v2\/media\/520200"}],"wp:attachment":[{"href":"https:\/\/shop.kustom.ch\/fr\/wp-json\/wp\/v2\/media?parent=520165"}],"wp:term":[{"taxonomy":"product_brand","embeddable":true,"href":"https:\/\/shop.kustom.ch\/fr\/wp-json\/wp\/v2\/product_brand?post=520165"},{"taxonomy":"product_cat","embeddable":true,"href":"https:\/\/shop.kustom.ch\/fr\/wp-json\/wp\/v2\/product_cat?post=520165"},{"taxonomy":"product_tag","embeddable":true,"href":"https:\/\/shop.kustom.ch\/fr\/wp-json\/wp\/v2\/product_tag?post=520165"}],"curies":[{"name":"wp","href":"https:\/\/api.w.org\/{rel}","templated":true}]}}