{"id":519880,"date":"2025-03-03T20:30:10","date_gmt":"2025-03-03T19:30:10","guid":{"rendered":"https:\/\/shop.kustom.ch\/?post_type=product&#038;p=519880"},"modified":"2026-03-30T11:16:54","modified_gmt":"2026-03-30T10:16:54","slug":"hakro-3-4-arm-vario-bluse-mikralinar","status":"publish","type":"product","link":"https:\/\/shop.kustom.ch\/fr\/produit\/hakro-3-4-arm-vario-bluse-mikralinar\/","title":{"rendered":"Chemisier \u00e0 manches 3\/4 Vario MIKRALINAR\u00ae HAKRO"},"content":{"rendered":"<p>Chemisier particuli\u00e8rement r\u00e9sistant avec manches 3\/4 Vario, col Kent, ourlet l\u00e9g\u00e8rement arrondi, patte de boutonnage avec boutons \u00e0 4 trous - cousus en croix et doublement nou\u00e9s pour une tenue extra solide -, bouton de rechange, double couture rabattue sur les coutures lat\u00e9rales. Chemisier \u00e0 manches 3\/4 Vario HAKRO MIKRALINAR\u00ae avec manchettes r\u00e9glables en largeur peut \u00eatre facilement transform\u00e9 en chemisier \u00e0 manches 1\/2 gr\u00e2ce aux manches Vario, la manche retrouss\u00e9e pouvant \u00eatre fix\u00e9e en toute s\u00e9curit\u00e9 par une patte. Fabriqu\u00e9 en MIKRALINAR\u00ae, un m\u00e9lange de mati\u00e8res HAKRO Performance particuli\u00e8rement facile d'entretien et fonctionnel, au toucher agr\u00e9ablement doux. \u00c9tiquette de cou tiss\u00e9e HAKRO en satin de cha\u00eene de haute qualit\u00e9 avec bords de bande souples et coup\u00e9s aux ultrasons pour un confort maximal.<\/p>\n<p>- Mati\u00e8re : MIKRALINAR\u00ae, tissu compos\u00e9 de 50 % de coton et 50 % de polyester<br \/>\n- poids : 120 g\/m<br \/>\n- \u00c9quipement : pr\u00e9trait\u00e9 au rodage<br \/>\n- Propri\u00e9t\u00e9 : facile d'entretien, produit climatiquement neutre<br \/>\n- Coupe : Regular Fit<br \/>\n- Certificats : Fair Wear, Climate Partner, OEKO-TEX\u00ae STANDARD 100<br \/>\n- Temp\u00e9rature de lavage : 60 \u00b0C<br \/>\n- Tailles : 2XS-6XL<\/p>\n<p><a href=\"https:\/\/media.hakro.com\/productsheets\/productsheet_0120_de.pdf\" target=\"_blank\" rel=\"noopener\"><u>Ouvrir la fiche produit<\/u><\/a><\/p>","protected":false},"excerpt":{"rendered":"<p><span><\/span><\/p>","protected":false},"featured_media":519933,"template":"","meta":[],"product_brand":[],"product_cat":[9895],"product_tag":[],"class_list":{"0":"post-519880","1":"product","2":"type-product","3":"status-publish","4":"has-post-thumbnail","6":"product_cat-blusen","7":"pa_brand-hakro","8":"pa_brand-type-workwear","9":"pa_filter-color-blau","10":"pa_filter-color-grau","11":"pa_filter-color-gruen","12":"pa_filter-color-rot","13":"pa_filter-color-schwarz","14":"pa_filter-color-weiss","16":"first","17":"instock","18":"sale","19":"taxable","20":"shipping-taxable","21":"purchasable","22":"product-type-variable","23":"add-to-wishlist-before_image"},"exclude_global_add_ons":[],"addons":[],"acf":[],"_links":{"self":[{"href":"https:\/\/shop.kustom.ch\/fr\/wp-json\/wp\/v2\/product\/519880"}],"collection":[{"href":"https:\/\/shop.kustom.ch\/fr\/wp-json\/wp\/v2\/product"}],"about":[{"href":"https:\/\/shop.kustom.ch\/fr\/wp-json\/wp\/v2\/types\/product"}],"wp:featuredmedia":[{"embeddable":true,"href":"https:\/\/shop.kustom.ch\/fr\/wp-json\/wp\/v2\/media\/519933"}],"wp:attachment":[{"href":"https:\/\/shop.kustom.ch\/fr\/wp-json\/wp\/v2\/media?parent=519880"}],"wp:term":[{"taxonomy":"product_brand","embeddable":true,"href":"https:\/\/shop.kustom.ch\/fr\/wp-json\/wp\/v2\/product_brand?post=519880"},{"taxonomy":"product_cat","embeddable":true,"href":"https:\/\/shop.kustom.ch\/fr\/wp-json\/wp\/v2\/product_cat?post=519880"},{"taxonomy":"product_tag","embeddable":true,"href":"https:\/\/shop.kustom.ch\/fr\/wp-json\/wp\/v2\/product_tag?post=519880"}],"curies":[{"name":"wp","href":"https:\/\/api.w.org\/{rel}","templated":true}]}}