{"id":519645,"date":"2025-03-03T20:28:36","date_gmt":"2025-03-03T19:28:36","guid":{"rendered":"https:\/\/shop.kustom.ch\/?post_type=product&#038;p=519645"},"modified":"2026-03-30T07:04:26","modified_gmt":"2026-03-30T06:04:26","slug":"hakro-damen-poloshirt-classic","status":"publish","type":"product","link":"https:\/\/shop.kustom.ch\/fr\/produit\/hakro-damen-poloshirt-classic\/","title":{"rendered":"HAKRO Polo pour femmes Classic"},"content":{"rendered":"<p>Polo classique pour femmes, avec une \u00e9troite patte de boutonnage \u00e0 la mode, de haute qualit\u00e9, avec des boutons cousus extra-r\u00e9sistants et incassables, ton sur ton avec l'inscription HAKRO grav\u00e9e au laser. Avec bouton de rechange, bande d'encolure et fentes lat\u00e9rales \u00e0 double fermeture. Fabriqu\u00e9 en piqu\u00e9 \u00e0 mailles fines de coton CmiA \u00e0 longues fibres, peign\u00e9 et fil\u00e9 \u00e0 anneaux. \u00c9tiquette de cou tiss\u00e9e HAKRO en satin de cha\u00eene de haute qualit\u00e9 avec bords de bande doux et coup\u00e9s aux ultrasons pour un confort agr\u00e9able et \u00e9tiquette plate tiss\u00e9e HAKRO sur la couture lat\u00e9rale gauche.<\/p>\n<p>- Mat\u00e9riau : piqu\u00e9 de coton 100 % (CmiA)<br \/>\n(ash chin\u00e9 : 98 % de coton (CmiA)et 2 % de viscose ; gris chin\u00e9 : 85 % de coton (CmiA) et 15 % de viscose)<br \/>\n- Poids : 200 g\/m<br \/>\n- \u00c9quipement : pr\u00e9trait\u00e9 au rodage<br \/>\n- Propri\u00e9t\u00e9 : produit climatiquement neutre<br \/>\n- Coupe : Regular Fit<br \/>\n- Certificats : Fair Wear, ClimatePartner, OEKO-TEX\u00ae STANDARD 100, Cotton Made in Africa (CmiA), Cradle2Cradle (C2C)<br \/>\n- Temp\u00e9rature de lavage : 60 \u00b0C<br \/>\n- tailles : XS-3XL<\/p>\n<p><a href=\"https:\/\/media.hakro.com\/productsheets\/productsheet_0110_de.pdf\" target=\"_blank\" rel=\"noopener\"><u>Ouvrir la fiche produit<\/u><\/a><\/p>","protected":false},"excerpt":{"rendered":"<p><span><\/span><\/p>","protected":false},"featured_media":519662,"template":"","meta":[],"product_brand":[],"product_cat":[4193],"product_tag":[],"class_list":{"0":"post-519645","1":"product","2":"type-product","3":"status-publish","4":"has-post-thumbnail","6":"product_cat-polos","7":"pa_brand-hakro","8":"pa_brand-type-workwear","9":"pa_filter-color-blau","10":"pa_filter-color-gelb","11":"pa_filter-color-grau","12":"pa_filter-color-gruen","13":"pa_filter-color-orange","14":"pa_filter-color-rot","15":"pa_filter-color-schwarz","16":"pa_filter-color-weiss","18":"first","19":"instock","20":"sale","21":"taxable","22":"shipping-taxable","23":"purchasable","24":"product-type-variable","25":"add-to-wishlist-before_image"},"exclude_global_add_ons":[],"addons":[],"acf":[],"_links":{"self":[{"href":"https:\/\/shop.kustom.ch\/fr\/wp-json\/wp\/v2\/product\/519645"}],"collection":[{"href":"https:\/\/shop.kustom.ch\/fr\/wp-json\/wp\/v2\/product"}],"about":[{"href":"https:\/\/shop.kustom.ch\/fr\/wp-json\/wp\/v2\/types\/product"}],"wp:featuredmedia":[{"embeddable":true,"href":"https:\/\/shop.kustom.ch\/fr\/wp-json\/wp\/v2\/media\/519662"}],"wp:attachment":[{"href":"https:\/\/shop.kustom.ch\/fr\/wp-json\/wp\/v2\/media?parent=519645"}],"wp:term":[{"taxonomy":"product_brand","embeddable":true,"href":"https:\/\/shop.kustom.ch\/fr\/wp-json\/wp\/v2\/product_brand?post=519645"},{"taxonomy":"product_cat","embeddable":true,"href":"https:\/\/shop.kustom.ch\/fr\/wp-json\/wp\/v2\/product_cat?post=519645"},{"taxonomy":"product_tag","embeddable":true,"href":"https:\/\/shop.kustom.ch\/fr\/wp-json\/wp\/v2\/product_tag?post=519645"}],"curies":[{"name":"wp","href":"https:\/\/api.w.org\/{rel}","templated":true}]}}