{"id":519413,"date":"2025-03-03T20:27:14","date_gmt":"2025-03-03T19:27:14","guid":{"rendered":"https:\/\/shop.kustom.ch\/?post_type=product&#038;p=519413"},"modified":"2026-03-30T07:04:01","modified_gmt":"2026-03-30T06:04:01","slug":"hakro-bluse-business","status":"publish","type":"product","link":"https:\/\/shop.kustom.ch\/fr\/produit\/hakro-bluse-business\/","title":{"rendered":"Blouse business HAKRO"},"content":{"rendered":"<p>Chemisier classique \u00e0 manches longues avec col Kent, l\u00e9g\u00e8rement cintr\u00e9 par une couture viennoise sur le devant et des pinces dans le dos, ourlet l\u00e9g\u00e8rement arrondi, passepoil mode en satin bleu fonc\u00e9 sur la couture int\u00e9rieure du col, patte de boutonnage \u00e9troite de haute qualit\u00e9, double empi\u00e8cement sur les \u00e9paules, boutons \u00e0 4 trous - cousus en croix et doublement nou\u00e9s pour une tenue extra solide -, boutons de rechange et fentes lat\u00e9rales. Fabriqu\u00e9 en popeline de coton ind\u00e9formable, r\u00e9sistante et sans repassage. \u00c9tiquette de cou tiss\u00e9e HAKRO en satin de cha\u00eene de haute qualit\u00e9 avec bords de bande souples et coup\u00e9s aux ultrasons pour un confort maximal.<\/p>\n<p>- Mati\u00e8re : tissu en 100 % coton<br \/>\n- poids : 120 g\/m<br \/>\n- Finition : pr\u00e9-r\u00e9tr\u00e9ci, sans repassage<br \/>\n- Propri\u00e9t\u00e9 : produit climatiquement neutre<br \/>\n- Coupe : Regular Fit<br \/>\n- Certificats : Fair Wear, Climate Partner, OEKO-TEX\u00ae STANDARD 100<br \/>\n- Temp\u00e9rature de lavage : 40 \u00b0C<br \/>\n- Tailles : 2XS-3XL<\/p>\n<p><a href=\"https:\/\/media.hakro.com\/productsheets\/productsheet_0106_de.pdf\" target=\"_blank\" rel=\"noopener\"><u>Ouvrir la fiche produit<\/u><\/a><\/p>","protected":false},"excerpt":{"rendered":"<p><span><\/span><\/p>","protected":false},"featured_media":519449,"template":"","meta":[],"product_brand":[],"product_cat":[9895],"product_tag":[],"class_list":{"0":"post-519413","1":"product","2":"type-product","3":"status-publish","4":"has-post-thumbnail","6":"product_cat-blusen","7":"pa_brand-hakro","8":"pa_brand-type-workwear","9":"pa_filter-color-blau","10":"pa_filter-color-schwarz","11":"pa_filter-color-weiss","13":"first","14":"instock","15":"sale","16":"taxable","17":"shipping-taxable","18":"purchasable","19":"product-type-variable","20":"add-to-wishlist-before_image"},"exclude_global_add_ons":[],"addons":[],"acf":[],"_links":{"self":[{"href":"https:\/\/shop.kustom.ch\/fr\/wp-json\/wp\/v2\/product\/519413"}],"collection":[{"href":"https:\/\/shop.kustom.ch\/fr\/wp-json\/wp\/v2\/product"}],"about":[{"href":"https:\/\/shop.kustom.ch\/fr\/wp-json\/wp\/v2\/types\/product"}],"wp:featuredmedia":[{"embeddable":true,"href":"https:\/\/shop.kustom.ch\/fr\/wp-json\/wp\/v2\/media\/519449"}],"wp:attachment":[{"href":"https:\/\/shop.kustom.ch\/fr\/wp-json\/wp\/v2\/media?parent=519413"}],"wp:term":[{"taxonomy":"product_brand","embeddable":true,"href":"https:\/\/shop.kustom.ch\/fr\/wp-json\/wp\/v2\/product_brand?post=519413"},{"taxonomy":"product_cat","embeddable":true,"href":"https:\/\/shop.kustom.ch\/fr\/wp-json\/wp\/v2\/product_cat?post=519413"},{"taxonomy":"product_tag","embeddable":true,"href":"https:\/\/shop.kustom.ch\/fr\/wp-json\/wp\/v2\/product_tag?post=519413"}],"curies":[{"name":"wp","href":"https:\/\/api.w.org\/{rel}","templated":true}]}}