{"id":518201,"date":"2025-01-30T19:55:17","date_gmt":"2025-01-30T18:55:17","guid":{"rendered":"https:\/\/shop.kustom.ch\/?post_type=product&#038;p=518201"},"modified":"2025-01-30T19:55:29","modified_gmt":"2025-01-30T18:55:29","slug":"kapuzenjacke-base-10","status":"publish","type":"product","link":"https:\/\/shop.kustom.ch\/fr\/produit\/kapuzenjacke-base-10\/","title":{"rendered":"Veste \u00e0 capuche Base"},"content":{"rendered":"<p>Coton issu de l'agriculture biologique contr\u00f4l\u00e9e<br \/>\nPoign\u00e9e douce<br \/>\nPr\u00e9trait\u00e9 au rodage<br \/>\nPoches plaqu\u00e9es<br \/>\nCapuche avec cordon de serrage<br \/>\nSans cordons pour les tailles enfants<br \/>\nbas de la veste et des manches en bord-c\u00f4te<br \/>\nFrench-Terry<br \/>\n70 % coton (bio), 30 % polyester<\/p>","protected":false},"excerpt":{"rendered":"<p>couleur : rouge<\/p>","protected":false},"featured_media":518175,"template":"","meta":[],"product_brand":[],"product_cat":[9686],"product_tag":[],"class_list":{"0":"post-518201","1":"product","2":"type-product","3":"status-publish","4":"has-post-thumbnail","6":"product_cat-schwimmclub-winterthur","8":"first","9":"instock","10":"taxable","11":"shipping-taxable","12":"purchasable","13":"product-type-variable","14":"add-to-wishlist-before_image"},"exclude_global_add_ons":[],"addons":[],"acf":[],"_links":{"self":[{"href":"https:\/\/shop.kustom.ch\/fr\/wp-json\/wp\/v2\/product\/518201"}],"collection":[{"href":"https:\/\/shop.kustom.ch\/fr\/wp-json\/wp\/v2\/product"}],"about":[{"href":"https:\/\/shop.kustom.ch\/fr\/wp-json\/wp\/v2\/types\/product"}],"wp:featuredmedia":[{"embeddable":true,"href":"https:\/\/shop.kustom.ch\/fr\/wp-json\/wp\/v2\/media\/518175"}],"wp:attachment":[{"href":"https:\/\/shop.kustom.ch\/fr\/wp-json\/wp\/v2\/media?parent=518201"}],"wp:term":[{"taxonomy":"product_brand","embeddable":true,"href":"https:\/\/shop.kustom.ch\/fr\/wp-json\/wp\/v2\/product_brand?post=518201"},{"taxonomy":"product_cat","embeddable":true,"href":"https:\/\/shop.kustom.ch\/fr\/wp-json\/wp\/v2\/product_cat?post=518201"},{"taxonomy":"product_tag","embeddable":true,"href":"https:\/\/shop.kustom.ch\/fr\/wp-json\/wp\/v2\/product_tag?post=518201"}],"curies":[{"name":"wp","href":"https:\/\/api.w.org\/{rel}","templated":true}]}}