{"id":516035,"date":"2025-01-25T01:18:17","date_gmt":"2025-01-25T00:18:17","guid":{"rendered":"https:\/\/shop.kustom.ch\/?post_type=product&#038;p=516035"},"modified":"2026-03-31T09:25:44","modified_gmt":"2026-03-31T08:25:44","slug":"rocket-lady","status":"publish","type":"product","link":"https:\/\/shop.kustom.ch\/fr\/produit\/rocket-lady\/","title":{"rendered":"Rocket Lady"},"content":{"rendered":"<p>Veste polaire avec poches lat\u00e9rales, fermetures \u00e9clair de couleur contrast\u00e9e et coutures flatlock d\u00e9coratives sur les manches. Bordure \u00e9lastique aux poignets et \u00e0 l'ourlet.<\/p>\n<p>Mati\u00e8re : polyester 100%, 280 g\/m\u00b2.<\/p>","protected":false},"excerpt":{"rendered":"<p>Polarfleecejacke mit Seitentaschen, Reissverschl\u00fcsse in Kontrastfarbe und dekorativen Flatlockn\u00e4hten am \u00c4rmel. Elastische Einfassung am \u00c4rmelb\u00fcndchen und Saum. Material: 100% Polyester, 280 g\/m\u00b2<\/p>","protected":false},"featured_media":516087,"template":"","meta":[],"product_brand":[],"product_cat":[4184],"product_tag":[],"class_list":{"0":"post-516035","1":"product","2":"type-product","3":"status-publish","4":"has-post-thumbnail","6":"product_cat-hoodies-pullover","7":"pa_brand-printer-red","8":"pa_brand-type-sportswear","9":"pa_filter-color-blau","10":"pa_filter-color-gelb","11":"pa_filter-color-grau","12":"pa_filter-color-orange","13":"pa_filter-color-rot","14":"pa_filter-color-schwarz","16":"first","17":"instock","18":"sale","19":"taxable","20":"shipping-taxable","21":"purchasable","22":"product-type-variable","23":"add-to-wishlist-before_image"},"exclude_global_add_ons":[],"addons":[],"acf":[],"_links":{"self":[{"href":"https:\/\/shop.kustom.ch\/fr\/wp-json\/wp\/v2\/product\/516035"}],"collection":[{"href":"https:\/\/shop.kustom.ch\/fr\/wp-json\/wp\/v2\/product"}],"about":[{"href":"https:\/\/shop.kustom.ch\/fr\/wp-json\/wp\/v2\/types\/product"}],"wp:featuredmedia":[{"embeddable":true,"href":"https:\/\/shop.kustom.ch\/fr\/wp-json\/wp\/v2\/media\/516087"}],"wp:attachment":[{"href":"https:\/\/shop.kustom.ch\/fr\/wp-json\/wp\/v2\/media?parent=516035"}],"wp:term":[{"taxonomy":"product_brand","embeddable":true,"href":"https:\/\/shop.kustom.ch\/fr\/wp-json\/wp\/v2\/product_brand?post=516035"},{"taxonomy":"product_cat","embeddable":true,"href":"https:\/\/shop.kustom.ch\/fr\/wp-json\/wp\/v2\/product_cat?post=516035"},{"taxonomy":"product_tag","embeddable":true,"href":"https:\/\/shop.kustom.ch\/fr\/wp-json\/wp\/v2\/product_tag?post=516035"}],"curies":[{"name":"wp","href":"https:\/\/api.w.org\/{rel}","templated":true}]}}