{"id":515764,"date":"2025-01-25T01:17:09","date_gmt":"2025-01-25T00:17:09","guid":{"rendered":"https:\/\/shop.kustom.ch\/?post_type=product&#038;p=515764"},"modified":"2026-03-31T09:26:02","modified_gmt":"2026-03-31T08:26:02","slug":"powerslide-vest","status":"publish","type":"product","link":"https:\/\/shop.kustom.ch\/fr\/produit\/powerslide-vest\/","title":{"rendered":"Gilet Powerslide"},"content":{"rendered":"<p>Gilet sportif Air layer construction, usine stretch. Deux poches avant, fermetures \u00e0 glissi\u00e8re de couleur contrast\u00e9e et coutures d\u00e9coratives flatlock. Certifi\u00e9 Oeko-Tex 100.<\/p>\n<p>Mati\u00e8re : 100% polyester, 280 g\/m\u00b2.<\/p>","protected":false},"excerpt":{"rendered":"<p>Sportlicher Weste Air layer Konstruction, stretch Fabrik. Zwei Fronttaschen, Reissverschl\u00fcsse in Kontrastfarbe und dekorative Flatlock N\u00e4hte. Oeko-Tex 100 zertifiziert. Material: 100% polyester, 280 g\/m\u00b2<\/p>","protected":false},"featured_media":515815,"template":"","meta":[],"product_brand":[],"product_cat":[4191],"product_tag":[],"class_list":{"0":"post-515764","1":"product","2":"type-product","3":"status-publish","4":"has-post-thumbnail","6":"product_cat-longsleeves-sweatshirts","7":"pa_brand-printer-red","8":"pa_brand-type-sportswear","9":"pa_filter-color-blau","10":"pa_filter-color-grau","11":"pa_filter-color-rot","12":"pa_filter-color-schwarz","14":"first","15":"instock","16":"sale","17":"taxable","18":"shipping-taxable","19":"purchasable","20":"product-type-variable","21":"add-to-wishlist-before_image"},"exclude_global_add_ons":[],"addons":[],"acf":[],"_links":{"self":[{"href":"https:\/\/shop.kustom.ch\/fr\/wp-json\/wp\/v2\/product\/515764"}],"collection":[{"href":"https:\/\/shop.kustom.ch\/fr\/wp-json\/wp\/v2\/product"}],"about":[{"href":"https:\/\/shop.kustom.ch\/fr\/wp-json\/wp\/v2\/types\/product"}],"wp:featuredmedia":[{"embeddable":true,"href":"https:\/\/shop.kustom.ch\/fr\/wp-json\/wp\/v2\/media\/515815"}],"wp:attachment":[{"href":"https:\/\/shop.kustom.ch\/fr\/wp-json\/wp\/v2\/media?parent=515764"}],"wp:term":[{"taxonomy":"product_brand","embeddable":true,"href":"https:\/\/shop.kustom.ch\/fr\/wp-json\/wp\/v2\/product_brand?post=515764"},{"taxonomy":"product_cat","embeddable":true,"href":"https:\/\/shop.kustom.ch\/fr\/wp-json\/wp\/v2\/product_cat?post=515764"},{"taxonomy":"product_tag","embeddable":true,"href":"https:\/\/shop.kustom.ch\/fr\/wp-json\/wp\/v2\/product_tag?post=515764"}],"curies":[{"name":"wp","href":"https:\/\/api.w.org\/{rel}","templated":true}]}}