{"id":515763,"date":"2025-01-25T01:17:09","date_gmt":"2025-01-25T00:17:09","guid":{"rendered":"https:\/\/shop.kustom.ch\/?post_type=product&#038;p=515763"},"modified":"2026-03-31T09:26:27","modified_gmt":"2026-03-31T08:26:27","slug":"powerslide-lady","status":"publish","type":"product","link":"https:\/\/shop.kustom.ch\/fr\/produit\/powerslide-lady\/","title":{"rendered":"Powerslide Lady"},"content":{"rendered":"<p>Cardigan sportif en construction Air Layer. Deux poches avant, fermetures \u00e9clair de couleur contrast\u00e9e et coutures d\u00e9coratives flatlock. Veste \u00e0 capuche sportive en construction Air Layer. Deux poches avant, fermetures \u00e0 glissi\u00e8re de couleur contrast\u00e9e et coutures d\u00e9coratives en flatlock. La mati\u00e8re premi\u00e8re est teint\u00e9e dans le respect de l'environnement et offre une excellente solidit\u00e9 des couleurs, SPIN DYED.<\/p>\n<p>Mati\u00e8re : polyester 100%, spun dyed, 280 g\/m\u00b2.<\/p>","protected":false},"excerpt":{"rendered":"<p>Sportlicher Cardigan in Air Layer Konstruktion. Zwei Fronttaschen, Reissverschl\u00fcsse in Kontrastfarbe und dekorative Flatlock N\u00e4hte. Sportliche Kapuzenjacke in Air Layer Konstruktion. Zwei Fronttaschen, Reissverschl\u00fcsse in Kontrastfarbe und dekorative Flatlock N\u00e4hte. Der Rohstoff wird umweltfreundlich eingef\u00e4rbt und bietet eine hervorragende Farbechtheit, SPIN DYED. Material: 100% Polyester, spun dyed, 280 g\/m\u00b2<\/p>","protected":false},"featured_media":515775,"template":"","meta":[],"product_brand":[],"product_cat":[4191],"product_tag":[],"class_list":{"0":"post-515763","1":"product","2":"type-product","3":"status-publish","4":"has-post-thumbnail","6":"product_cat-longsleeves-sweatshirts","7":"pa_brand-printer-red","8":"pa_brand-type-sportswear","9":"pa_filter-color-blau","10":"pa_filter-color-grau","11":"pa_filter-color-rot","12":"pa_filter-color-schwarz","14":"first","15":"instock","16":"sale","17":"taxable","18":"shipping-taxable","19":"purchasable","20":"product-type-variable","21":"add-to-wishlist-before_image"},"exclude_global_add_ons":[],"addons":[],"acf":[],"_links":{"self":[{"href":"https:\/\/shop.kustom.ch\/fr\/wp-json\/wp\/v2\/product\/515763"}],"collection":[{"href":"https:\/\/shop.kustom.ch\/fr\/wp-json\/wp\/v2\/product"}],"about":[{"href":"https:\/\/shop.kustom.ch\/fr\/wp-json\/wp\/v2\/types\/product"}],"wp:featuredmedia":[{"embeddable":true,"href":"https:\/\/shop.kustom.ch\/fr\/wp-json\/wp\/v2\/media\/515775"}],"wp:attachment":[{"href":"https:\/\/shop.kustom.ch\/fr\/wp-json\/wp\/v2\/media?parent=515763"}],"wp:term":[{"taxonomy":"product_brand","embeddable":true,"href":"https:\/\/shop.kustom.ch\/fr\/wp-json\/wp\/v2\/product_brand?post=515763"},{"taxonomy":"product_cat","embeddable":true,"href":"https:\/\/shop.kustom.ch\/fr\/wp-json\/wp\/v2\/product_cat?post=515763"},{"taxonomy":"product_tag","embeddable":true,"href":"https:\/\/shop.kustom.ch\/fr\/wp-json\/wp\/v2\/product_tag?post=515763"}],"curies":[{"name":"wp","href":"https:\/\/api.w.org\/{rel}","templated":true}]}}