{"id":515227,"date":"2025-01-25T01:11:32","date_gmt":"2025-01-25T00:11:32","guid":{"rendered":"https:\/\/shop.kustom.ch\/?post_type=product&#038;p=515227"},"modified":"2026-03-31T09:35:22","modified_gmt":"2026-03-31T08:35:22","slug":"prime-softshell-lady","status":"publish","type":"product","link":"https:\/\/shop.kustom.ch\/fr\/produit\/prime-softshell-lady\/","title":{"rendered":"Prime Softshell Lady"},"content":{"rendered":"<p>Veste softshell bicolore avec capuche amovible. Fermeture \u00e9clair de couleur contrast\u00e9e sur toute la longueur \u00e0 l'avant et sur les poches avant. Zip puller de couleur contrast\u00e9e. Des zip pulls de rechange dans de nombreuses couleurs sont disponibles s\u00e9par\u00e9ment. Bandes velcro r\u00e9glables aux poignets et \u00e9lastique \u00e0 la capuche et \u00e0 l'ourlet inf\u00e9rieur. \u00c9tiquette de nuque d\u00e9chirable et \u00e9tiquette de taille tiss\u00e9e s\u00e9par\u00e9e. Dans la couture lat\u00e9rale int\u00e9rieure gauche se trouve une poche pour coudre un jeton de lavage.  Certifi\u00e9 Oeko-Tex 100. Emball\u00e9 dans un polybag compostable.<\/p>\n<p>Mat\u00e9riau : ext\u00e9rieur : 100% polyester recycl\u00e9, 280 g\/m\u00b2, int\u00e9rieur : 100% polyester recycl\u00e9 polaire, WP 3000\/ MVP 3000. Doublure : 100% polyester recycl\u00e9<\/p>","protected":false},"excerpt":{"rendered":"<p>Zweifarbige Softshell Jacke mit abnehmbarer Kapuze. Durchgehender, kontrastfarbiger Reissverschluss vorne und an den Vordertaschen. Zip Puller in Kontrastfarbe. Ersatz Zip Puller in vielen Farben sind separat erh\u00e4ltlich. Verstellbare Klettb\u00e4nder an den \u00c4rmelabschl\u00fcssen und Gummizug an der Kapuze und am unteren Saum. Ausreissbares Nackenetikett und separates gewebtes Gr\u00f6ssenetikett. In der inneren linken Seitennaht ist eine Tasche [&hellip;]<\/p>\n","protected":false},"featured_media":515280,"template":"","meta":[],"product_brand":[],"product_cat":[4186],"product_tag":[],"class_list":{"0":"post-515227","1":"product","2":"type-product","3":"status-publish","4":"has-post-thumbnail","6":"product_cat-jacken","7":"pa_brand-printer-prime","8":"pa_brand-type-sportswear","9":"pa_filter-color-blau","10":"pa_filter-color-grau","11":"pa_filter-color-orange","12":"pa_filter-color-rot","13":"pa_filter-color-schwarz","15":"first","16":"instock","17":"sale","18":"taxable","19":"shipping-taxable","20":"purchasable","21":"product-type-variable","22":"add-to-wishlist-before_image"},"exclude_global_add_ons":[],"addons":[],"acf":[],"_links":{"self":[{"href":"https:\/\/shop.kustom.ch\/fr\/wp-json\/wp\/v2\/product\/515227"}],"collection":[{"href":"https:\/\/shop.kustom.ch\/fr\/wp-json\/wp\/v2\/product"}],"about":[{"href":"https:\/\/shop.kustom.ch\/fr\/wp-json\/wp\/v2\/types\/product"}],"wp:featuredmedia":[{"embeddable":true,"href":"https:\/\/shop.kustom.ch\/fr\/wp-json\/wp\/v2\/media\/515280"}],"wp:attachment":[{"href":"https:\/\/shop.kustom.ch\/fr\/wp-json\/wp\/v2\/media?parent=515227"}],"wp:term":[{"taxonomy":"product_brand","embeddable":true,"href":"https:\/\/shop.kustom.ch\/fr\/wp-json\/wp\/v2\/product_brand?post=515227"},{"taxonomy":"product_cat","embeddable":true,"href":"https:\/\/shop.kustom.ch\/fr\/wp-json\/wp\/v2\/product_cat?post=515227"},{"taxonomy":"product_tag","embeddable":true,"href":"https:\/\/shop.kustom.ch\/fr\/wp-json\/wp\/v2\/product_tag?post=515227"}],"curies":[{"name":"wp","href":"https:\/\/api.w.org\/{rel}","templated":true}]}}