{"id":515023,"date":"2025-01-25T01:10:34","date_gmt":"2025-01-25T00:10:34","guid":{"rendered":"https:\/\/shop.kustom.ch\/?post_type=product&#038;p=515023"},"modified":"2026-03-31T09:34:58","modified_gmt":"2026-03-31T08:34:58","slug":"prime-polo","status":"publish","type":"product","link":"https:\/\/shop.kustom.ch\/fr\/produit\/prime-polo\/","title":{"rendered":"Prime Polo"},"content":{"rendered":"<p>Polo piqu\u00e9 bicolore avec bande contrast\u00e9e sur le col. Patte de boutonnage \u00e0 trois boutons pour les hommes et col ouvert sans boutons pour les femmes. Bande contrast\u00e9e dans la nuque et sur les fentes lat\u00e9rales. \u00c9tiquette de nuque arrachable et \u00e9tiquette s\u00e9par\u00e9e<br \/>\n\u00e9tiquette de taille tiss\u00e9e. Dans la couture lat\u00e9rale int\u00e9rieure gauche se trouve une poche pour coudre une puce de lavage. Certifi\u00e9 Oeko-Tex 100. Polybag compostable.<\/p>\n<p>Mati\u00e8re : 60% coton organique, 40% polyester recycl\u00e9, 200 g\/m\u00b2.<\/p>","protected":false},"excerpt":{"rendered":"<p>Zweifarbiges Polo Piqu\u00e9 mit Kontraststreifen am Kragen. Knopfleiste mit drei Kn\u00f6pfen bei den Herren und ein offener Kragen ohne Kn\u00f6pfe bei den Damen. Kontrastband im Nacken und an den Seitenschlitzen. Ausreissbares Nackenetikett und separates gewebtes Gr\u00f6ssenetikett. In der inneren linken Seitennaht befindet sich eine Tasche zum Einn\u00e4hen eines W\u00e4schechips. \u00d6ko-Tex 100 zertifiziert. Kompostierbaren Polybag. Material: [&hellip;]<\/p>\n","protected":false},"featured_media":515066,"template":"","meta":[],"product_brand":[],"product_cat":[4193],"product_tag":[],"class_list":{"0":"post-515023","1":"product","2":"type-product","3":"status-publish","4":"has-post-thumbnail","6":"product_cat-polos","7":"pa_brand-printer-prime","8":"pa_brand-type-sportswear","9":"pa_filter-color-blau","10":"pa_filter-color-grau","11":"pa_filter-color-orange","12":"pa_filter-color-rot","13":"pa_filter-color-schwarz","15":"first","16":"instock","17":"sale","18":"taxable","19":"shipping-taxable","20":"purchasable","21":"product-type-variable","22":"add-to-wishlist-before_image"},"exclude_global_add_ons":[],"addons":[],"acf":[],"_links":{"self":[{"href":"https:\/\/shop.kustom.ch\/fr\/wp-json\/wp\/v2\/product\/515023"}],"collection":[{"href":"https:\/\/shop.kustom.ch\/fr\/wp-json\/wp\/v2\/product"}],"about":[{"href":"https:\/\/shop.kustom.ch\/fr\/wp-json\/wp\/v2\/types\/product"}],"wp:featuredmedia":[{"embeddable":true,"href":"https:\/\/shop.kustom.ch\/fr\/wp-json\/wp\/v2\/media\/515066"}],"wp:attachment":[{"href":"https:\/\/shop.kustom.ch\/fr\/wp-json\/wp\/v2\/media?parent=515023"}],"wp:term":[{"taxonomy":"product_brand","embeddable":true,"href":"https:\/\/shop.kustom.ch\/fr\/wp-json\/wp\/v2\/product_brand?post=515023"},{"taxonomy":"product_cat","embeddable":true,"href":"https:\/\/shop.kustom.ch\/fr\/wp-json\/wp\/v2\/product_cat?post=515023"},{"taxonomy":"product_tag","embeddable":true,"href":"https:\/\/shop.kustom.ch\/fr\/wp-json\/wp\/v2\/product_tag?post=515023"}],"curies":[{"name":"wp","href":"https:\/\/api.w.org\/{rel}","templated":true}]}}