{"id":515022,"date":"2025-01-25T01:10:34","date_gmt":"2025-01-25T00:10:34","guid":{"rendered":"https:\/\/shop.kustom.ch\/?post_type=product&#038;p=515022"},"modified":"2026-03-31T09:34:49","modified_gmt":"2026-03-31T08:34:49","slug":"prime-padded-softshell-lady","status":"publish","type":"product","link":"https:\/\/shop.kustom.ch\/fr\/produit\/prime-padded-softshell-lady\/","title":{"rendered":"Prime Padded Softshell Lady"},"content":{"rendered":"<p>Veste softshell doubl\u00e9e bicolore avec capuche amovible. Couverture de la fermeture \u00e9clair avec boutons-pression au milieu de l'avant. Velcros r\u00e9glables sur les manches inf\u00e9rieures et cordon \u00e9lastique sur la capuche et l'ourlet inf\u00e9rieur. Deux poches int\u00e9rieures avec fermeture \u00e0 glissi\u00e8re. Bande r\u00e9fl\u00e9chissante au bas du dos. \u00c9tiquette de cou d\u00e9chirable et \u00e9tiquette de taille s\u00e9par\u00e9e. Fermetures \u00e0 glissi\u00e8re de couleur contrast\u00e9e. Fermetures \u00e0 glissi\u00e8re de rechange disponibles s\u00e9par\u00e9ment. Certifi\u00e9 Oeko-Tex 100. Polybag compostable.<\/p>\n<p>Mat\u00e9riau : Ext\u00e9rieur : 100% polyester recycl\u00e9, 280 g\/m\u00b2, reli\u00e9 \u00e0 une polaire 100% polyester recycl\u00e9, WP 3000\/ MVP 3000. Rembourrage : 100 % polyester recycl\u00e9<\/p>","protected":false},"excerpt":{"rendered":"<p>Gef\u00fctterte zweifarbige Softshell-Jacke mit abnehmbarer Kapuze. Reissverschlussabdeckung mit Druckkn\u00f6pfen in der vorderen Mitte. Verstellbare Klettverschl\u00fcsse an den unteren \u00c4rmeln und elastische Kordel an der Kapuze und am unteren Saum. Zwei Innentaschen mit Reissverschluss. Reflektierendes Bandes am unteren R\u00fccken. Abreissbares Halsetikett und separates Gr\u00f6ssenetikett. Reissverschl\u00fcsse in Kontrastfarbe. Ersatzreissverschl\u00fcsse sind separat erh\u00e4ltlich. \u00d6ko-Tex 100-zertifiziert. Kompostierbaren Polybag. Material: [&hellip;]<\/p>\n","protected":false},"featured_media":515024,"template":"","meta":[],"product_brand":[],"product_cat":[4186],"product_tag":[],"class_list":{"0":"post-515022","1":"product","2":"type-product","3":"status-publish","4":"has-post-thumbnail","6":"product_cat-jacken","7":"pa_brand-printer-prime","8":"pa_brand-type-sportswear","9":"pa_filter-color-blau","10":"pa_filter-color-grau","11":"pa_filter-color-orange","12":"pa_filter-color-rot","13":"pa_filter-color-schwarz","15":"first","16":"instock","17":"sale","18":"taxable","19":"shipping-taxable","20":"purchasable","21":"product-type-variable","22":"add-to-wishlist-before_image"},"exclude_global_add_ons":[],"addons":[],"acf":[],"_links":{"self":[{"href":"https:\/\/shop.kustom.ch\/fr\/wp-json\/wp\/v2\/product\/515022"}],"collection":[{"href":"https:\/\/shop.kustom.ch\/fr\/wp-json\/wp\/v2\/product"}],"about":[{"href":"https:\/\/shop.kustom.ch\/fr\/wp-json\/wp\/v2\/types\/product"}],"wp:featuredmedia":[{"embeddable":true,"href":"https:\/\/shop.kustom.ch\/fr\/wp-json\/wp\/v2\/media\/515024"}],"wp:attachment":[{"href":"https:\/\/shop.kustom.ch\/fr\/wp-json\/wp\/v2\/media?parent=515022"}],"wp:term":[{"taxonomy":"product_brand","embeddable":true,"href":"https:\/\/shop.kustom.ch\/fr\/wp-json\/wp\/v2\/product_brand?post=515022"},{"taxonomy":"product_cat","embeddable":true,"href":"https:\/\/shop.kustom.ch\/fr\/wp-json\/wp\/v2\/product_cat?post=515022"},{"taxonomy":"product_tag","embeddable":true,"href":"https:\/\/shop.kustom.ch\/fr\/wp-json\/wp\/v2\/product_tag?post=515022"}],"curies":[{"name":"wp","href":"https:\/\/api.w.org\/{rel}","templated":true}]}}