{"id":514686,"date":"2025-01-25T01:09:09","date_gmt":"2025-01-25T00:09:09","guid":{"rendered":"https:\/\/shop.kustom.ch\/?post_type=product&#038;p=514686"},"modified":"2026-03-31T09:34:18","modified_gmt":"2026-03-31T08:34:18","slug":"prime-cardigan-sweater","status":"publish","type":"product","link":"https:\/\/shop.kustom.ch\/fr\/produit\/prime-cardigan-sweater\/","title":{"rendered":"Sweat Cardigan Prime"},"content":{"rendered":"<p>Veste sweat bicolore avec col montant et fermeture \u00e9clair continue de couleur contrast\u00e9e sur le devant et les poches avant. Zip puller de couleur contrast\u00e9e. Des zip pulls de rechange dans de nombreuses couleurs sont disponibles s\u00e9par\u00e9ment. Bande de couleur contrast\u00e9e dans la nuque. Bords c\u00f4tes 2\u00d72 aux manches et \u00e0 l'ourlet. Certifi\u00e9 Oeko-Tex 100. Polybag compostable.<\/p>\n<p>Mati\u00e8re : 50% coton organique, 50% polyester recycl\u00e9, 280 g\/m\u00b2.<\/p>","protected":false},"excerpt":{"rendered":"<p>Zweifarbige Sweatjacke mit Stehkragen und durchgehendem, kontrastfarbigem Reissverschluss vorne und an den Vordertaschen. Zip Puller in Kontrastfarbe. Ersatz Zip Puller in vielen Farben sind separat erh\u00e4ltlich. Kontrastfarbiges Band im Nacken. 2&#215;2 Rippabschl\u00fcsse an \u00c4rmeln und Saum. \u00d6ko-Tex 100 zertifiziert. Kompostierbaren Polybag. Material: 50% Organic Baumwolle, 50% Recycling-Polyester, 280 g\/m\u00b2<\/p>","protected":false},"featured_media":514688,"template":"","meta":[],"product_brand":[],"product_cat":[4191],"product_tag":[],"class_list":{"0":"post-514686","1":"product","2":"type-product","3":"status-publish","4":"has-post-thumbnail","6":"product_cat-longsleeves-sweatshirts","7":"pa_brand-printer-prime","8":"pa_brand-type-sportswear","9":"pa_filter-color-blau","10":"pa_filter-color-grau","11":"pa_filter-color-orange","12":"pa_filter-color-rot","13":"pa_filter-color-schwarz","15":"first","16":"instock","17":"sale","18":"taxable","19":"shipping-taxable","20":"purchasable","21":"product-type-variable","22":"add-to-wishlist-before_image"},"exclude_global_add_ons":[],"addons":[],"acf":[],"_links":{"self":[{"href":"https:\/\/shop.kustom.ch\/fr\/wp-json\/wp\/v2\/product\/514686"}],"collection":[{"href":"https:\/\/shop.kustom.ch\/fr\/wp-json\/wp\/v2\/product"}],"about":[{"href":"https:\/\/shop.kustom.ch\/fr\/wp-json\/wp\/v2\/types\/product"}],"wp:featuredmedia":[{"embeddable":true,"href":"https:\/\/shop.kustom.ch\/fr\/wp-json\/wp\/v2\/media\/514688"}],"wp:attachment":[{"href":"https:\/\/shop.kustom.ch\/fr\/wp-json\/wp\/v2\/media?parent=514686"}],"wp:term":[{"taxonomy":"product_brand","embeddable":true,"href":"https:\/\/shop.kustom.ch\/fr\/wp-json\/wp\/v2\/product_brand?post=514686"},{"taxonomy":"product_cat","embeddable":true,"href":"https:\/\/shop.kustom.ch\/fr\/wp-json\/wp\/v2\/product_cat?post=514686"},{"taxonomy":"product_tag","embeddable":true,"href":"https:\/\/shop.kustom.ch\/fr\/wp-json\/wp\/v2\/product_tag?post=514686"}],"curies":[{"name":"wp","href":"https:\/\/api.w.org\/{rel}","templated":true}]}}