{"id":514593,"date":"2025-01-25T01:02:41","date_gmt":"2025-01-25T00:02:41","guid":{"rendered":"https:\/\/shop.kustom.ch\/?post_type=product&#038;p=514593"},"modified":"2026-03-31T09:52:11","modified_gmt":"2026-03-31T08:52:11","slug":"ultra","status":"publish","type":"product","link":"https:\/\/shop.kustom.ch\/fr\/produit\/ultra\/","title":{"rendered":"Ultra"},"content":{"rendered":"<p>Pantalon de travail au look sportif et moderne. Peut \u00eatre transform\u00e9 en short gr\u00e2ce aux jambes amovibles avec fermeture \u00e9clair. Le pantalon est tr\u00e8s confortable gr\u00e2ce \u00e0 sa qualit\u00e9 stretch et \u00e0 sa taille \u00e9lastique. Deux poches avant en jean. La poche avant gauche a un emplacement s\u00e9par\u00e9 pour votre t\u00e9l\u00e9phone. Deux poches zipp\u00e9es sur les cuisses et une poche arri\u00e8re. Boucle de suspension \u00e0 la taille. Double ourlet pour rallonger le pantalon de 5 cm. Dans la couture lat\u00e9rale gauche \u00e0 l'int\u00e9rieur se trouve une poche pour ins\u00e9rer une puce de lavage. Polybag compostable.<\/p>\n<p>Mati\u00e8re : polyamide recycl\u00e9 92%, \u00e9lasthanne 8%, 265 g\/m\u00b2.<\/p>","protected":false},"excerpt":{"rendered":"<p>Arbeitshose mit sportlich-modernem Look. Kann durch abnehmbare Beine mit Reissverschluss in Shorts verwandelt werden. Die Hose ist aufgrund ihrer Stretch-Qualit\u00e4t und des elastischen Bunds sehr komfortabel. Zwei vordere Jeans-Taschen. Die linke vordere Tasche hat einen separaten Platz f\u00fcr Ihr Telefon. Zwei Reissverschluss-Oberschenkeltaschen und eine Ges\u00e4sstasche. Aufh\u00e4ngeschlaufe am Bund. Doppelter Saum, um die Hose um 5 [&hellip;]<\/p>\n","protected":false},"featured_media":514610,"template":"","meta":[],"product_brand":[],"product_cat":[4185],"product_tag":[],"class_list":{"0":"post-514593","1":"product","2":"type-product","3":"status-publish","4":"has-post-thumbnail","6":"product_cat-hosen","7":"pa_brand-printer","8":"pa_brand-type-sportswear","9":"pa_filter-color-blau","10":"pa_filter-color-schwarz","12":"first","13":"instock","14":"sale","15":"taxable","16":"shipping-taxable","17":"purchasable","18":"product-type-variable","19":"add-to-wishlist-before_image"},"exclude_global_add_ons":[],"addons":[],"acf":[],"_links":{"self":[{"href":"https:\/\/shop.kustom.ch\/fr\/wp-json\/wp\/v2\/product\/514593"}],"collection":[{"href":"https:\/\/shop.kustom.ch\/fr\/wp-json\/wp\/v2\/product"}],"about":[{"href":"https:\/\/shop.kustom.ch\/fr\/wp-json\/wp\/v2\/types\/product"}],"wp:featuredmedia":[{"embeddable":true,"href":"https:\/\/shop.kustom.ch\/fr\/wp-json\/wp\/v2\/media\/514610"}],"wp:attachment":[{"href":"https:\/\/shop.kustom.ch\/fr\/wp-json\/wp\/v2\/media?parent=514593"}],"wp:term":[{"taxonomy":"product_brand","embeddable":true,"href":"https:\/\/shop.kustom.ch\/fr\/wp-json\/wp\/v2\/product_brand?post=514593"},{"taxonomy":"product_cat","embeddable":true,"href":"https:\/\/shop.kustom.ch\/fr\/wp-json\/wp\/v2\/product_cat?post=514593"},{"taxonomy":"product_tag","embeddable":true,"href":"https:\/\/shop.kustom.ch\/fr\/wp-json\/wp\/v2\/product_tag?post=514593"}],"curies":[{"name":"wp","href":"https:\/\/api.w.org\/{rel}","templated":true}]}}