{"id":514389,"date":"2025-01-25T01:01:54","date_gmt":"2025-01-25T00:01:54","guid":{"rendered":"https:\/\/shop.kustom.ch\/?post_type=product&#038;p=514389"},"modified":"2026-03-31T09:56:03","modified_gmt":"2026-03-31T08:56:03","slug":"trial-softshell","status":"publish","type":"product","link":"https:\/\/shop.kustom.ch\/fr\/produit\/trial-softshell\/","title":{"rendered":"Trial softshell"},"content":{"rendered":"<p>Veste softshell avec partie stretch. Fermeture \u00e9clair bicolore sur le devant et les poches. Manches r\u00e9glables par velcro et cordon de serrage \u00e0 la taille. Les fermetures \u00e9clair de diff\u00e9rentes couleurs permettent d'assortir la veste aux couleurs de l'entreprise.<\/p>\n<p>Mati\u00e8re : polyester 96%, spandex 4%, int\u00e9rieur gratt\u00e9, 280 g\/m\u00b2.<\/p>","protected":false},"excerpt":{"rendered":"<p>Softshell Jacke mit Stretchanteil. Zweifarbiger Reissverschluss vorne und an den Taschen. \u00c4rmel mit Klett verstellbar und Kordelzug im Bund. Mit verschiedenfarbigen Reissverschluss Zippern kann die Jacke den Firmenfarben angepasst werden. Material: 96% Polyester, 4% Spandex, angeraute Innenseite, 280 g\/m\u00b2<\/p>","protected":false},"featured_media":514405,"template":"","meta":[],"product_brand":[],"product_cat":[4186],"product_tag":[],"class_list":{"0":"post-514389","1":"product","2":"type-product","3":"status-publish","4":"has-post-thumbnail","6":"product_cat-jacken","7":"pa_brand-printer","8":"pa_brand-type-sportswear","9":"pa_filter-color-blau","10":"pa_filter-color-grau","11":"pa_filter-color-gruen","12":"pa_filter-color-rot","13":"pa_filter-color-schwarz","14":"pa_filter-color-weiss","16":"first","17":"instock","18":"sale","19":"taxable","20":"shipping-taxable","21":"purchasable","22":"product-type-variable","23":"add-to-wishlist-before_image"},"exclude_global_add_ons":[],"addons":[],"acf":[],"_links":{"self":[{"href":"https:\/\/shop.kustom.ch\/fr\/wp-json\/wp\/v2\/product\/514389"}],"collection":[{"href":"https:\/\/shop.kustom.ch\/fr\/wp-json\/wp\/v2\/product"}],"about":[{"href":"https:\/\/shop.kustom.ch\/fr\/wp-json\/wp\/v2\/types\/product"}],"wp:featuredmedia":[{"embeddable":true,"href":"https:\/\/shop.kustom.ch\/fr\/wp-json\/wp\/v2\/media\/514405"}],"wp:attachment":[{"href":"https:\/\/shop.kustom.ch\/fr\/wp-json\/wp\/v2\/media?parent=514389"}],"wp:term":[{"taxonomy":"product_brand","embeddable":true,"href":"https:\/\/shop.kustom.ch\/fr\/wp-json\/wp\/v2\/product_brand?post=514389"},{"taxonomy":"product_cat","embeddable":true,"href":"https:\/\/shop.kustom.ch\/fr\/wp-json\/wp\/v2\/product_cat?post=514389"},{"taxonomy":"product_tag","embeddable":true,"href":"https:\/\/shop.kustom.ch\/fr\/wp-json\/wp\/v2\/product_tag?post=514389"}],"curies":[{"name":"wp","href":"https:\/\/api.w.org\/{rel}","templated":true}]}}