{"id":514250,"date":"2025-01-25T01:01:15","date_gmt":"2025-01-25T00:01:15","guid":{"rendered":"https:\/\/shop.kustom.ch\/?post_type=product&#038;p=514250"},"modified":"2026-03-31T09:54:00","modified_gmt":"2026-03-31T08:54:00","slug":"surf-stretch-ladies","status":"publish","type":"product","link":"https:\/\/shop.kustom.ch\/fr\/produit\/surf-stretch-ladies\/","title":{"rendered":"Surf Stretch Ladies"},"content":{"rendered":"<p>Polo piqu\u00e9 avec stretch. Polo homme avec 3 boutons et polo femme avec 4 boutons sur la patte de boutonnage avant. Bandeau de cou, fentes lat\u00e9rales et manchettes sur les manches. Oeko-Tex.<\/p>\n<p>Mati\u00e8re : 95% coton 5% \u00e9lasthanne<\/p>","protected":false},"excerpt":{"rendered":"<p>Polo Pique mit Stretch. M\u00e4nner Polo mit 3 Kn\u00f6pfen und Frauen Polo mit 4 Kn\u00f6pfen an der vorderen Knopfleiste. Nackenband, Seitenschlitze und Manschette an der \u00c4rmeln. Oeko-Tex. Material: 95% Baumwolle 5% Elasthan<\/p>","protected":false},"featured_media":514269,"template":"","meta":[],"product_brand":[],"product_cat":[4193],"product_tag":[],"class_list":{"0":"post-514250","1":"product","2":"type-product","3":"status-publish","4":"has-post-thumbnail","6":"product_cat-polos","7":"pa_brand-printer","8":"pa_brand-type-sportswear","9":"pa_filter-color-blau","10":"pa_filter-color-grau","11":"pa_filter-color-gruen","12":"pa_filter-color-rot","13":"pa_filter-color-schwarz","14":"pa_filter-color-weiss","16":"first","17":"instock","18":"sale","19":"taxable","20":"shipping-taxable","21":"purchasable","22":"product-type-variable","23":"add-to-wishlist-before_image"},"exclude_global_add_ons":[],"addons":[],"acf":[],"_links":{"self":[{"href":"https:\/\/shop.kustom.ch\/fr\/wp-json\/wp\/v2\/product\/514250"}],"collection":[{"href":"https:\/\/shop.kustom.ch\/fr\/wp-json\/wp\/v2\/product"}],"about":[{"href":"https:\/\/shop.kustom.ch\/fr\/wp-json\/wp\/v2\/types\/product"}],"wp:featuredmedia":[{"embeddable":true,"href":"https:\/\/shop.kustom.ch\/fr\/wp-json\/wp\/v2\/media\/514269"}],"wp:attachment":[{"href":"https:\/\/shop.kustom.ch\/fr\/wp-json\/wp\/v2\/media?parent=514250"}],"wp:term":[{"taxonomy":"product_brand","embeddable":true,"href":"https:\/\/shop.kustom.ch\/fr\/wp-json\/wp\/v2\/product_brand?post=514250"},{"taxonomy":"product_cat","embeddable":true,"href":"https:\/\/shop.kustom.ch\/fr\/wp-json\/wp\/v2\/product_cat?post=514250"},{"taxonomy":"product_tag","embeddable":true,"href":"https:\/\/shop.kustom.ch\/fr\/wp-json\/wp\/v2\/product_tag?post=514250"}],"curies":[{"name":"wp","href":"https:\/\/api.w.org\/{rel}","templated":true}]}}