{"id":513703,"date":"2025-01-25T00:58:55","date_gmt":"2025-01-24T23:58:55","guid":{"rendered":"https:\/\/shop.kustom.ch\/?post_type=product&#038;p=513703"},"modified":"2026-03-31T09:54:34","modified_gmt":"2026-03-31T08:54:34","slug":"surf-light-woman","status":"publish","type":"product","link":"https:\/\/shop.kustom.ch\/fr\/produit\/surf-light-woman\/","title":{"rendered":"Surf Light Woman"},"content":{"rendered":"<p>Polo piqu\u00e9 l\u00e9ger \u00e0 la coupe moderne, tricot plat au col et aux manches. Bandeau dans le cou, fentes lat\u00e9rales et boutons ton sur ton sur la patte avant.<\/p>\n<p>Mati\u00e8re : 100% coton, 180 g\/m\u00b2.<\/p>","protected":false},"excerpt":{"rendered":"<p>Leichtes Piqu\u00e9 Polo mit moderner Passform, Flachstrick am Kragen und an den \u00c4rmeln. Nackenband, Seitenschlitze und Ton-in-Ton Kn\u00f6pfen an der Frontleiste. Material: 100% Baumwolle, 180 g\/m\u00b2<\/p>","protected":false},"featured_media":513724,"template":"","meta":[],"product_brand":[],"product_cat":[4193],"product_tag":[],"class_list":{"0":"post-513703","1":"product","2":"type-product","3":"status-publish","4":"has-post-thumbnail","6":"product_cat-polos","7":"pa_brand-printer","8":"pa_brand-type-sportswear","9":"pa_filter-color-blau","10":"pa_filter-color-grau","11":"pa_filter-color-gruen","12":"pa_filter-color-rot","13":"pa_filter-color-schwarz","14":"pa_filter-color-weiss","16":"first","17":"instock","18":"sale","19":"taxable","20":"shipping-taxable","21":"purchasable","22":"product-type-variable","23":"add-to-wishlist-before_image"},"exclude_global_add_ons":[],"addons":[],"acf":[],"_links":{"self":[{"href":"https:\/\/shop.kustom.ch\/fr\/wp-json\/wp\/v2\/product\/513703"}],"collection":[{"href":"https:\/\/shop.kustom.ch\/fr\/wp-json\/wp\/v2\/product"}],"about":[{"href":"https:\/\/shop.kustom.ch\/fr\/wp-json\/wp\/v2\/types\/product"}],"wp:featuredmedia":[{"embeddable":true,"href":"https:\/\/shop.kustom.ch\/fr\/wp-json\/wp\/v2\/media\/513724"}],"wp:attachment":[{"href":"https:\/\/shop.kustom.ch\/fr\/wp-json\/wp\/v2\/media?parent=513703"}],"wp:term":[{"taxonomy":"product_brand","embeddable":true,"href":"https:\/\/shop.kustom.ch\/fr\/wp-json\/wp\/v2\/product_brand?post=513703"},{"taxonomy":"product_cat","embeddable":true,"href":"https:\/\/shop.kustom.ch\/fr\/wp-json\/wp\/v2\/product_cat?post=513703"},{"taxonomy":"product_tag","embeddable":true,"href":"https:\/\/shop.kustom.ch\/fr\/wp-json\/wp\/v2\/product_tag?post=513703"}],"curies":[{"name":"wp","href":"https:\/\/api.w.org\/{rel}","templated":true}]}}