{"id":513496,"date":"2025-01-25T00:58:05","date_gmt":"2025-01-24T23:58:05","guid":{"rendered":"https:\/\/shop.kustom.ch\/?post_type=product&#038;p=513496"},"modified":"2026-03-31T09:55:21","modified_gmt":"2026-03-31T08:55:21","slug":"squeeze-oxford-jacket","status":"publish","type":"product","link":"https:\/\/shop.kustom.ch\/fr\/produit\/squeeze-oxford-jacket\/","title":{"rendered":"VESTE OXFORD SQUEEZE"},"content":{"rendered":"<p>Veste tous temps d\u00e9perlante avec capuche cach\u00e9e. La veste polaire Squeeze Polar peut \u00eatre zipp\u00e9e dans la veste.<\/p>\n<p>Mati\u00e8re : 100% polyester, Doublure : 100% polyester<\/p>","protected":false},"excerpt":{"rendered":"<p>Wasserabweisende Allwetterjacke mit ver\u00adsteckter Kapuze. In die Jacke kann die Squeeze Polar Fleece-Jacke einge\u00adzippt werden. Material: 100% Polyester, Futter: 100% Polyester<\/p>","protected":false},"featured_media":513542,"template":"","meta":[],"product_brand":[],"product_cat":[4186],"product_tag":[],"class_list":{"0":"post-513496","1":"product","2":"type-product","3":"status-publish","4":"has-post-thumbnail","6":"product_cat-jacken","7":"pa_brand-printer","8":"pa_brand-type-sportswear","9":"pa_filter-color-beige","11":"first","12":"instock","13":"sale","14":"taxable","15":"shipping-taxable","16":"purchasable","17":"product-type-variable","18":"add-to-wishlist-before_image"},"exclude_global_add_ons":[],"addons":[],"acf":[],"_links":{"self":[{"href":"https:\/\/shop.kustom.ch\/fr\/wp-json\/wp\/v2\/product\/513496"}],"collection":[{"href":"https:\/\/shop.kustom.ch\/fr\/wp-json\/wp\/v2\/product"}],"about":[{"href":"https:\/\/shop.kustom.ch\/fr\/wp-json\/wp\/v2\/types\/product"}],"wp:featuredmedia":[{"embeddable":true,"href":"https:\/\/shop.kustom.ch\/fr\/wp-json\/wp\/v2\/media\/513542"}],"wp:attachment":[{"href":"https:\/\/shop.kustom.ch\/fr\/wp-json\/wp\/v2\/media?parent=513496"}],"wp:term":[{"taxonomy":"product_brand","embeddable":true,"href":"https:\/\/shop.kustom.ch\/fr\/wp-json\/wp\/v2\/product_brand?post=513496"},{"taxonomy":"product_cat","embeddable":true,"href":"https:\/\/shop.kustom.ch\/fr\/wp-json\/wp\/v2\/product_cat?post=513496"},{"taxonomy":"product_tag","embeddable":true,"href":"https:\/\/shop.kustom.ch\/fr\/wp-json\/wp\/v2\/product_tag?post=513496"}],"curies":[{"name":"wp","href":"https:\/\/api.w.org\/{rel}","templated":true}]}}