{"id":513092,"date":"2025-01-25T00:56:24","date_gmt":"2025-01-24T23:56:24","guid":{"rendered":"https:\/\/shop.kustom.ch\/?post_type=product&#038;p=513092"},"modified":"2026-03-31T09:51:44","modified_gmt":"2026-03-31T08:51:44","slug":"rounders-rsx","status":"publish","type":"product","link":"https:\/\/shop.kustom.ch\/fr\/produit\/rounders-rsx\/","title":{"rendered":"Rounders RSX"},"content":{"rendered":"<p>Sweatshirt 3\/4 zip avec col montant et fermeture \u00e9clair courte. 2\u00d72 rib \u00e0 la taille et aux poignets.<\/p>\n<p>Mati\u00e8re : 60% coton, 40% polyester, 280 g\/m\u00b2.<\/p>","protected":false},"excerpt":{"rendered":"<p>Sweatshirt 3\/4 Zip mit Stehkragen und kurzem Reissverschluss. 2&#215;2 Rib an Bund und \u00c4rmelb\u00fcndchen. Material: 60% Baumwolle, 40% Polyester, 280 g\/m\u00b2<\/p>","protected":false},"featured_media":513099,"template":"","meta":[],"product_brand":[],"product_cat":[4191],"product_tag":[],"class_list":{"0":"post-513092","1":"product","2":"type-product","3":"status-publish","4":"has-post-thumbnail","6":"product_cat-longsleeves-sweatshirts","7":"pa_brand-printer","8":"pa_brand-type-sportswear","9":"pa_filter-color-blau","10":"pa_filter-color-grau","11":"pa_filter-color-gruen","12":"pa_filter-color-rot","13":"pa_filter-color-schwarz","14":"pa_filter-color-weiss","16":"first","17":"instock","18":"sale","19":"taxable","20":"shipping-taxable","21":"purchasable","22":"product-type-variable","23":"add-to-wishlist-before_image"},"exclude_global_add_ons":[],"addons":[],"acf":[],"_links":{"self":[{"href":"https:\/\/shop.kustom.ch\/fr\/wp-json\/wp\/v2\/product\/513092"}],"collection":[{"href":"https:\/\/shop.kustom.ch\/fr\/wp-json\/wp\/v2\/product"}],"about":[{"href":"https:\/\/shop.kustom.ch\/fr\/wp-json\/wp\/v2\/types\/product"}],"wp:featuredmedia":[{"embeddable":true,"href":"https:\/\/shop.kustom.ch\/fr\/wp-json\/wp\/v2\/media\/513099"}],"wp:attachment":[{"href":"https:\/\/shop.kustom.ch\/fr\/wp-json\/wp\/v2\/media?parent=513092"}],"wp:term":[{"taxonomy":"product_brand","embeddable":true,"href":"https:\/\/shop.kustom.ch\/fr\/wp-json\/wp\/v2\/product_brand?post=513092"},{"taxonomy":"product_cat","embeddable":true,"href":"https:\/\/shop.kustom.ch\/fr\/wp-json\/wp\/v2\/product_cat?post=513092"},{"taxonomy":"product_tag","embeddable":true,"href":"https:\/\/shop.kustom.ch\/fr\/wp-json\/wp\/v2\/product_tag?post=513092"}],"curies":[{"name":"wp","href":"https:\/\/api.w.org\/{rel}","templated":true}]}}