{"id":513022,"date":"2025-01-25T00:55:58","date_gmt":"2025-01-24T23:55:58","guid":{"rendered":"https:\/\/shop.kustom.ch\/?post_type=product&#038;p=513022"},"modified":"2026-03-31T09:55:37","modified_gmt":"2026-03-31T08:55:37","slug":"point","status":"publish","type":"product","link":"https:\/\/shop.kustom.ch\/fr\/produit\/point\/","title":{"rendered":"Point"},"content":{"rendered":"<p>Chemise en mati\u00e8re l\u00e9g\u00e8re et douce avec une grande poche sur la poitrine. Boutons ton sur ton. Les boutons peuvent \u00eatre remplac\u00e9s par des boutons d'une autre couleur, vendus s\u00e9par\u00e9ment.<\/p>\n<p>Mati\u00e8re : polyester 65%, coton 35%<\/p>","protected":false},"excerpt":{"rendered":"<p>Hemd aus leichtem und weichem Material mit grosser Brusttasche. Ton-in-Ton Kn\u00f6pfe. Die Kn\u00f6pfe k\u00f6nnen durch andersfarbige Kn\u00f6pfe ersetzt werden, die separat erh\u00e4ltlich sind. Material: 65% Polyester, 35% Baumwolle<\/p>","protected":false},"featured_media":513033,"template":"","meta":[],"product_brand":[],"product_cat":[9874],"product_tag":[],"class_list":{"0":"post-513022","1":"product","2":"type-product","3":"status-publish","4":"has-post-thumbnail","6":"product_cat-hemden","7":"pa_brand-printer","8":"pa_brand-type-sportswear","9":"pa_filter-color-blau","11":"first","12":"instock","13":"sale","14":"taxable","15":"shipping-taxable","16":"purchasable","17":"product-type-variable","18":"add-to-wishlist-before_image"},"exclude_global_add_ons":[],"addons":[],"acf":[],"_links":{"self":[{"href":"https:\/\/shop.kustom.ch\/fr\/wp-json\/wp\/v2\/product\/513022"}],"collection":[{"href":"https:\/\/shop.kustom.ch\/fr\/wp-json\/wp\/v2\/product"}],"about":[{"href":"https:\/\/shop.kustom.ch\/fr\/wp-json\/wp\/v2\/types\/product"}],"wp:featuredmedia":[{"embeddable":true,"href":"https:\/\/shop.kustom.ch\/fr\/wp-json\/wp\/v2\/media\/513033"}],"wp:attachment":[{"href":"https:\/\/shop.kustom.ch\/fr\/wp-json\/wp\/v2\/media?parent=513022"}],"wp:term":[{"taxonomy":"product_brand","embeddable":true,"href":"https:\/\/shop.kustom.ch\/fr\/wp-json\/wp\/v2\/product_brand?post=513022"},{"taxonomy":"product_cat","embeddable":true,"href":"https:\/\/shop.kustom.ch\/fr\/wp-json\/wp\/v2\/product_cat?post=513022"},{"taxonomy":"product_tag","embeddable":true,"href":"https:\/\/shop.kustom.ch\/fr\/wp-json\/wp\/v2\/product_tag?post=513022"}],"curies":[{"name":"wp","href":"https:\/\/api.w.org\/{rel}","templated":true}]}}