{"id":512268,"date":"2025-01-25T00:52:50","date_gmt":"2025-01-24T23:52:50","guid":{"rendered":"https:\/\/shop.kustom.ch\/?post_type=product&#038;p=512268"},"modified":"2026-03-31T09:54:29","modified_gmt":"2026-03-31T08:54:29","slug":"jog-rsx","status":"publish","type":"product","link":"https:\/\/shop.kustom.ch\/fr\/produit\/jog-rsx\/","title":{"rendered":"Jog RSX"},"content":{"rendered":"<p>Veste sportive en polyester recycl\u00e9 avec fermeture \u00e9clair sur toute la longueur, manches raglan et cordon de serrage bicolore. Zip frontal et poches zipp\u00e9es avec fermeture \u00e9clair contrast\u00e9e. Fermeture \u00e0 glissi\u00e8re dissimul\u00e9e dans le col pour faciliter le remplacement du cordon de serrage.<\/p>\n<p>Mati\u00e8re : 100% polyester recycl\u00e9, 320 g\/m\u00b2.<\/p>","protected":false},"excerpt":{"rendered":"<p>Sportliche Jacke aus recycletem Polyester mit durchgehendem Reissverschluss, Raglan\u00e4rmeln und einem zweifarbigen Kordelzug. Frontreissverschluss und Reissverschlusstaschen mit Kontrast Zipper-Puller. Verdeckter Reissverschluss im Kragen zum einfachen Austausch des Kordelzugs. Material: 100% Recycled Polyester, 320 g\/m\u00b2<\/p>","protected":false},"featured_media":512300,"template":"","meta":[],"product_brand":[],"product_cat":[4191],"product_tag":[],"class_list":{"0":"post-512268","1":"product","2":"type-product","3":"status-publish","4":"has-post-thumbnail","6":"product_cat-longsleeves-sweatshirts","7":"pa_brand-printer","8":"pa_brand-type-sportswear","9":"pa_filter-color-blau","10":"pa_filter-color-grau","11":"pa_filter-color-gruen","12":"pa_filter-color-rot","13":"pa_filter-color-schwarz","14":"pa_filter-color-weiss","16":"first","17":"instock","18":"sale","19":"taxable","20":"shipping-taxable","21":"purchasable","22":"product-type-variable","23":"add-to-wishlist-before_image"},"exclude_global_add_ons":[],"addons":[],"acf":[],"_links":{"self":[{"href":"https:\/\/shop.kustom.ch\/fr\/wp-json\/wp\/v2\/product\/512268"}],"collection":[{"href":"https:\/\/shop.kustom.ch\/fr\/wp-json\/wp\/v2\/product"}],"about":[{"href":"https:\/\/shop.kustom.ch\/fr\/wp-json\/wp\/v2\/types\/product"}],"wp:featuredmedia":[{"embeddable":true,"href":"https:\/\/shop.kustom.ch\/fr\/wp-json\/wp\/v2\/media\/512300"}],"wp:attachment":[{"href":"https:\/\/shop.kustom.ch\/fr\/wp-json\/wp\/v2\/media?parent=512268"}],"wp:term":[{"taxonomy":"product_brand","embeddable":true,"href":"https:\/\/shop.kustom.ch\/fr\/wp-json\/wp\/v2\/product_brand?post=512268"},{"taxonomy":"product_cat","embeddable":true,"href":"https:\/\/shop.kustom.ch\/fr\/wp-json\/wp\/v2\/product_cat?post=512268"},{"taxonomy":"product_tag","embeddable":true,"href":"https:\/\/shop.kustom.ch\/fr\/wp-json\/wp\/v2\/product_tag?post=512268"}],"curies":[{"name":"wp","href":"https:\/\/api.w.org\/{rel}","templated":true}]}}