{"id":511445,"date":"2025-01-25T00:49:34","date_gmt":"2025-01-24T23:49:34","guid":{"rendered":"https:\/\/shop.kustom.ch\/?post_type=product&#038;p=511445"},"modified":"2026-03-31T09:54:05","modified_gmt":"2026-03-31T08:54:05","slug":"heavy-t-shirt-lady","status":"publish","type":"product","link":"https:\/\/shop.kustom.ch\/fr\/produit\/heavy-t-shirt-lady\/","title":{"rendered":"T-SHIRT HEAVY LADY"},"content":{"rendered":"<p>T-shirt moderne \u00e0 la coupe proche de la silhouette, avec des renforts au niveau des coutures des \u00e9paules et des coutures doubles au niveau du col. Poignets avec \u00e9lasthanne et bordures de cou \u00e0 quatre \u00e9paisseurs pour une meilleure stabilit\u00e9 dimensionnelle. Sans coutures lat\u00e9rales pour les hommes, avec coutures lat\u00e9rales pour les femmes.<\/p>\n<p>Mati\u00e8re : 100% coton<br \/>\n160 g\/m<\/p>","protected":false},"excerpt":{"rendered":"<p>Figurnah geschnittenes, modernes T-Shirt mit Verst\u00e4rkungen der Schultern\u00e4hte und Doppeln\u00e4hten am Halsb\u00fcndchen. B\u00fcndchen mit Elasthan und mit vierlagigem Nackenb\u00fcndchen f\u00fcr mehr Formstabilit\u00e4t. Herren ohne Seitenn\u00e4hte, bei den Damen mit Seitenn\u00e4hten. Material: 100% Baumwolle 160 g\/m\u00b2<\/p>","protected":false},"featured_media":511497,"template":"","meta":[],"product_brand":[],"product_cat":[4201],"product_tag":[],"class_list":{"0":"post-511445","1":"product","2":"type-product","3":"status-publish","4":"has-post-thumbnail","6":"product_cat-t-shirts","7":"pa_brand-printer","8":"pa_brand-type-sportswear","9":"pa_filter-color-beige","10":"pa_filter-color-blau","11":"pa_filter-color-gelb","12":"pa_filter-color-grau","13":"pa_filter-color-gruen","14":"pa_filter-color-orange","15":"pa_filter-color-rot","16":"pa_filter-color-schwarz","17":"pa_filter-color-weiss","19":"first","20":"instock","21":"sale","22":"taxable","23":"shipping-taxable","24":"purchasable","25":"product-type-variable","26":"add-to-wishlist-before_image"},"exclude_global_add_ons":[],"addons":[],"acf":[],"_links":{"self":[{"href":"https:\/\/shop.kustom.ch\/fr\/wp-json\/wp\/v2\/product\/511445"}],"collection":[{"href":"https:\/\/shop.kustom.ch\/fr\/wp-json\/wp\/v2\/product"}],"about":[{"href":"https:\/\/shop.kustom.ch\/fr\/wp-json\/wp\/v2\/types\/product"}],"wp:featuredmedia":[{"embeddable":true,"href":"https:\/\/shop.kustom.ch\/fr\/wp-json\/wp\/v2\/media\/511497"}],"wp:attachment":[{"href":"https:\/\/shop.kustom.ch\/fr\/wp-json\/wp\/v2\/media?parent=511445"}],"wp:term":[{"taxonomy":"product_brand","embeddable":true,"href":"https:\/\/shop.kustom.ch\/fr\/wp-json\/wp\/v2\/product_brand?post=511445"},{"taxonomy":"product_cat","embeddable":true,"href":"https:\/\/shop.kustom.ch\/fr\/wp-json\/wp\/v2\/product_cat?post=511445"},{"taxonomy":"product_tag","embeddable":true,"href":"https:\/\/shop.kustom.ch\/fr\/wp-json\/wp\/v2\/product_tag?post=511445"}],"curies":[{"name":"wp","href":"https:\/\/api.w.org\/{rel}","templated":true}]}}