{"id":510691,"date":"2025-01-25T00:46:34","date_gmt":"2025-01-24T23:46:34","guid":{"rendered":"https:\/\/shop.kustom.ch\/?post_type=product&#038;p=510691"},"modified":"2026-03-31T09:53:00","modified_gmt":"2026-03-31T08:53:00","slug":"expedition-vest-lady","status":"publish","type":"product","link":"https:\/\/shop.kustom.ch\/fr\/produit\/expedition-vest-lady\/","title":{"rendered":"Gilet Expedition Lady"},"content":{"rendered":"<p>Gilet matelass\u00e9 avec empi\u00e8cements Sofshell sur les \u00e9paules et les c\u00f4t\u00e9s. Deux poches ext\u00e9rieures avec fermeture \u00e9clair, deux poches int\u00e9rieures doubl\u00e9es de mesh. Bande \u00e9lastique \u00e0 l'ourlet. Les couleurs, les fermetures \u00e9clair et les zip puller sont assortis \u00e0 tous les articles Essentials.<\/p>\n<p>Mati\u00e8re : Mati\u00e8re 1 : Softshell ; 94% polyester, 6% \u00e9lasthanne, int\u00e9rieur en polaire gratt\u00e9e. Mati\u00e8re 2 : 100% polyester, doublure avec certificat \"Bluesign\" (100 g\/m\u00b2)<\/p>","protected":false},"excerpt":{"rendered":"<p>Wattiertes Gilet gesteppt und mit Sofshell Eins\u00e4tzen \u00fcber der Schulter und an den Seiten. Zwei Aussentaschen mit Reissverschluss, Innen zwei Beuteltaschen Meshgef\u00fcttert. Elastisches Band als Abschluss am Saum. Farbauswahl, Reissverschl\u00fcsse und Zipper Puller sind passend zu allen Essentials Artikel. Material: Material 1: Softshell; 94% Polyester, 6% Elastan, Innen mit aufgerautem Fleece. Material 2: 100% Polyester, [&hellip;]<\/p>\n","protected":false},"featured_media":510713,"template":"","meta":[],"product_brand":[],"product_cat":[4208],"product_tag":[],"class_list":{"0":"post-510691","1":"product","2":"type-product","3":"status-publish","4":"has-post-thumbnail","6":"product_cat-westen","7":"pa_brand-printer","8":"pa_brand-type-sportswear","9":"pa_filter-color-blau","10":"pa_filter-color-grau","11":"pa_filter-color-gruen","12":"pa_filter-color-rot","13":"pa_filter-color-schwarz","14":"pa_filter-color-weiss","16":"first","17":"instock","18":"sale","19":"taxable","20":"shipping-taxable","21":"purchasable","22":"product-type-variable","23":"add-to-wishlist-before_image"},"exclude_global_add_ons":[],"addons":[],"acf":[],"_links":{"self":[{"href":"https:\/\/shop.kustom.ch\/fr\/wp-json\/wp\/v2\/product\/510691"}],"collection":[{"href":"https:\/\/shop.kustom.ch\/fr\/wp-json\/wp\/v2\/product"}],"about":[{"href":"https:\/\/shop.kustom.ch\/fr\/wp-json\/wp\/v2\/types\/product"}],"wp:featuredmedia":[{"embeddable":true,"href":"https:\/\/shop.kustom.ch\/fr\/wp-json\/wp\/v2\/media\/510713"}],"wp:attachment":[{"href":"https:\/\/shop.kustom.ch\/fr\/wp-json\/wp\/v2\/media?parent=510691"}],"wp:term":[{"taxonomy":"product_brand","embeddable":true,"href":"https:\/\/shop.kustom.ch\/fr\/wp-json\/wp\/v2\/product_brand?post=510691"},{"taxonomy":"product_cat","embeddable":true,"href":"https:\/\/shop.kustom.ch\/fr\/wp-json\/wp\/v2\/product_cat?post=510691"},{"taxonomy":"product_tag","embeddable":true,"href":"https:\/\/shop.kustom.ch\/fr\/wp-json\/wp\/v2\/product_tag?post=510691"}],"curies":[{"name":"wp","href":"https:\/\/api.w.org\/{rel}","templated":true}]}}