{"id":510439,"date":"2025-01-25T00:45:23","date_gmt":"2025-01-24T23:45:23","guid":{"rendered":"https:\/\/shop.kustom.ch\/?post_type=product&#038;p=510439"},"modified":"2026-03-31T09:55:25","modified_gmt":"2026-03-31T08:55:25","slug":"expedition","status":"publish","type":"product","link":"https:\/\/shop.kustom.ch\/fr\/produit\/expedition\/","title":{"rendered":"Exp\u00e9dition"},"content":{"rendered":"<p>Veste matelass\u00e9e avec empi\u00e8cements Sofshell sur les \u00e9paules et les c\u00f4t\u00e9s. Deux poches ext\u00e9rieures avec fermeture \u00e9clair, deux poches int\u00e9rieures avec doublure en maille. Bande \u00e9lastique \u00e0 l'ourlet et aux manches. Les couleurs, les fermetures \u00e9clair et les zip puller sont assortis \u00e0 tous les articles Essentials.<\/p>\n<p>Mati\u00e8re : Mati\u00e8re 1 : Softshell ; 94% polyester, 6% \u00e9lasthanne, int\u00e9rieur en polaire gratt\u00e9e. Mati\u00e8re 2 : 100% polyester, doublure avec certificat \"Bluesign\" (corps 100 g\/m\u00b2, manches 80 g\/m\u00b2)<\/p>","protected":false},"excerpt":{"rendered":"<p>Wattierte Steppjacke mit Sofshell Eins\u00e4tzen \u00fcber die Schulter und an den Seiten. Zwei Aussentaschen mit Reissverschluss, Innen zwei Beuteltaschen Meshgef\u00fcttert. Elastisches Band als Abschluss an Saum und \u00c4rmel. Farben, Reissverschl\u00fcsse und Zipper Puller sind passend zu allen Essentials Artikel. Material: Material 1: Softshell; 94% Polyester, 6% Elastan, Innen mit aufgerautem Fleece. Material 2: 100% Polyester, [&hellip;]<\/p>\n","protected":false},"featured_media":510509,"template":"","meta":[],"product_brand":[],"product_cat":[4186],"product_tag":[],"class_list":{"0":"post-510439","1":"product","2":"type-product","3":"status-publish","4":"has-post-thumbnail","6":"product_cat-jacken","7":"pa_brand-printer","8":"pa_brand-type-sportswear","9":"pa_filter-color-blau","10":"pa_filter-color-grau","11":"pa_filter-color-gruen","12":"pa_filter-color-rot","13":"pa_filter-color-schwarz","14":"pa_filter-color-weiss","16":"first","17":"instock","18":"sale","19":"taxable","20":"shipping-taxable","21":"purchasable","22":"product-type-variable","23":"add-to-wishlist-before_image"},"exclude_global_add_ons":[],"addons":[],"acf":[],"_links":{"self":[{"href":"https:\/\/shop.kustom.ch\/fr\/wp-json\/wp\/v2\/product\/510439"}],"collection":[{"href":"https:\/\/shop.kustom.ch\/fr\/wp-json\/wp\/v2\/product"}],"about":[{"href":"https:\/\/shop.kustom.ch\/fr\/wp-json\/wp\/v2\/types\/product"}],"wp:featuredmedia":[{"embeddable":true,"href":"https:\/\/shop.kustom.ch\/fr\/wp-json\/wp\/v2\/media\/510509"}],"wp:attachment":[{"href":"https:\/\/shop.kustom.ch\/fr\/wp-json\/wp\/v2\/media?parent=510439"}],"wp:term":[{"taxonomy":"product_brand","embeddable":true,"href":"https:\/\/shop.kustom.ch\/fr\/wp-json\/wp\/v2\/product_brand?post=510439"},{"taxonomy":"product_cat","embeddable":true,"href":"https:\/\/shop.kustom.ch\/fr\/wp-json\/wp\/v2\/product_cat?post=510439"},{"taxonomy":"product_tag","embeddable":true,"href":"https:\/\/shop.kustom.ch\/fr\/wp-json\/wp\/v2\/product_tag?post=510439"}],"curies":[{"name":"wp","href":"https:\/\/api.w.org\/{rel}","templated":true}]}}