{"id":510364,"date":"2025-01-25T00:44:34","date_gmt":"2025-01-24T23:44:34","guid":{"rendered":"https:\/\/shop.kustom.ch\/?post_type=product&#038;p=510364"},"modified":"2026-03-31T09:51:22","modified_gmt":"2026-03-31T08:51:22","slug":"drawstring-105-cm","status":"publish","type":"product","link":"https:\/\/shop.kustom.ch\/fr\/produit\/drawstring-105-cm\/","title":{"rendered":"Cordon de serrage 105 cm"},"content":{"rendered":"<p>Compl\u00e9tez le look avec un cordon de serrage \u00e0 vos couleurs. Livr\u00e9 en pack de 5. Utilise le cordon pour l'overhead et le fastpitch RSX.<\/p>\n<p>Mati\u00e8re : 100% coton<\/p>","protected":false},"excerpt":{"rendered":"<p>Vervollst\u00e4ndigen Sie den Look mit einem Kordelzug in Ihren Farben. Wird in einem 5-er Pack geliefert. Benutzen Sie den Kordelzug f\u00fcr Overhead und Fastpitch RSX. Material: 100% Baumwolle<\/p>","protected":false},"featured_media":510433,"template":"","meta":[],"product_brand":[],"product_cat":[4209],"product_tag":[],"class_list":{"0":"post-510364","1":"product","2":"type-product","3":"status-publish","4":"has-post-thumbnail","6":"product_cat-zubehoer","7":"pa_brand-printer","8":"pa_brand-type-sportswear","9":"pa_filter-color-blau","10":"pa_filter-color-gelb","11":"pa_filter-color-grau","12":"pa_filter-color-gruen","13":"pa_filter-color-orange","14":"pa_filter-color-rot","15":"pa_filter-color-schwarz","16":"pa_filter-color-weiss","18":"first","19":"instock","20":"sale","21":"taxable","22":"shipping-taxable","23":"purchasable","24":"product-type-variable","25":"add-to-wishlist-before_image"},"exclude_global_add_ons":[],"addons":[],"acf":[],"_links":{"self":[{"href":"https:\/\/shop.kustom.ch\/fr\/wp-json\/wp\/v2\/product\/510364"}],"collection":[{"href":"https:\/\/shop.kustom.ch\/fr\/wp-json\/wp\/v2\/product"}],"about":[{"href":"https:\/\/shop.kustom.ch\/fr\/wp-json\/wp\/v2\/types\/product"}],"wp:featuredmedia":[{"embeddable":true,"href":"https:\/\/shop.kustom.ch\/fr\/wp-json\/wp\/v2\/media\/510433"}],"wp:attachment":[{"href":"https:\/\/shop.kustom.ch\/fr\/wp-json\/wp\/v2\/media?parent=510364"}],"wp:term":[{"taxonomy":"product_brand","embeddable":true,"href":"https:\/\/shop.kustom.ch\/fr\/wp-json\/wp\/v2\/product_brand?post=510364"},{"taxonomy":"product_cat","embeddable":true,"href":"https:\/\/shop.kustom.ch\/fr\/wp-json\/wp\/v2\/product_cat?post=510364"},{"taxonomy":"product_tag","embeddable":true,"href":"https:\/\/shop.kustom.ch\/fr\/wp-json\/wp\/v2\/product_tag?post=510364"}],"curies":[{"name":"wp","href":"https:\/\/api.w.org\/{rel}","templated":true}]}}