{"id":510359,"date":"2025-01-25T00:44:34","date_gmt":"2025-01-24T23:44:34","guid":{"rendered":"https:\/\/shop.kustom.ch\/?post_type=product&#038;p=510359"},"modified":"2026-03-31T09:53:01","modified_gmt":"2026-03-31T08:53:01","slug":"athlete","status":"publish","type":"product","link":"https:\/\/shop.kustom.ch\/fr\/produit\/athlete\/","title":{"rendered":"Athl\u00e8te"},"content":{"rendered":"<p>Pantalon fonctionnel r\u00e9sistant au vent et \u00e0 l'eau avec coutures scell\u00e9es. Braguette d'a\u00e9ration \u00e0 l'arri\u00e8re de la ceinture. Poches avant avec fermeture \u00e9clair de couleur contrast\u00e9e. Le bas des jambes peut \u00eatre ajust\u00e9 et il y a une fermeture \u00e9clair dans la couture lat\u00e9rale pour un meilleur acc\u00e8s.<\/p>\n<p>Mati\u00e8re : polyester 100%, tricot \u00e0 l'int\u00e9rieur<\/p>","protected":false},"excerpt":{"rendered":"<p>Wind- und Wasserfeste Funktionshose mit getapten N\u00e4hten. L\u00fcftungsschlitz hinten im Bund. Vordertaschen mit Reissverschluss in Kontrastffarbe. Der Beinabschluss kann verstellt werden und es hat einen Reissverschluss in der Seitennaht f\u00fcr einen besseren Einstieg. Material: 100% Polyester, Tricot innen<\/p>","protected":false},"featured_media":510366,"template":"","meta":[],"product_brand":[],"product_cat":[4185],"product_tag":[],"class_list":{"0":"post-510359","1":"product","2":"type-product","3":"status-publish","4":"has-post-thumbnail","6":"product_cat-hosen","7":"pa_brand-printer","8":"pa_brand-type-sportswear","9":"pa_filter-color-schwarz","11":"first","12":"instock","13":"sale","14":"taxable","15":"shipping-taxable","16":"purchasable","17":"product-type-variable","18":"add-to-wishlist-before_image"},"exclude_global_add_ons":[],"addons":[],"acf":[],"_links":{"self":[{"href":"https:\/\/shop.kustom.ch\/fr\/wp-json\/wp\/v2\/product\/510359"}],"collection":[{"href":"https:\/\/shop.kustom.ch\/fr\/wp-json\/wp\/v2\/product"}],"about":[{"href":"https:\/\/shop.kustom.ch\/fr\/wp-json\/wp\/v2\/types\/product"}],"wp:featuredmedia":[{"embeddable":true,"href":"https:\/\/shop.kustom.ch\/fr\/wp-json\/wp\/v2\/media\/510366"}],"wp:attachment":[{"href":"https:\/\/shop.kustom.ch\/fr\/wp-json\/wp\/v2\/media?parent=510359"}],"wp:term":[{"taxonomy":"product_brand","embeddable":true,"href":"https:\/\/shop.kustom.ch\/fr\/wp-json\/wp\/v2\/product_brand?post=510359"},{"taxonomy":"product_cat","embeddable":true,"href":"https:\/\/shop.kustom.ch\/fr\/wp-json\/wp\/v2\/product_cat?post=510359"},{"taxonomy":"product_tag","embeddable":true,"href":"https:\/\/shop.kustom.ch\/fr\/wp-json\/wp\/v2\/product_tag?post=510359"}],"curies":[{"name":"wp","href":"https:\/\/api.w.org\/{rel}","templated":true}]}}