{"id":510337,"date":"2025-01-25T00:40:01","date_gmt":"2025-01-24T23:40:01","guid":{"rendered":"https:\/\/shop.kustom.ch\/?post_type=product&#038;p=510337"},"modified":"2026-03-31T12:03:53","modified_gmt":"2026-03-31T11:03:53","slug":"yellow-bow-55-woman-contemporary","status":"publish","type":"product","link":"https:\/\/shop.kustom.ch\/fr\/produit\/yellow-bow-55-woman-contemporary\/","title":{"rendered":"Yellow Bow 55 Woman Contemporary"},"content":{"rendered":"<p>Une chemise \u00e0 motifs en tissage jacquard, fabriqu\u00e9e \u00e0 partir d'un m\u00e9lange de coton bio et de polyester recycl\u00e9. Elle poss\u00e8de notre fameux col boutonn\u00e9 cach\u00e9 et des d\u00e9tails discrets comme le fil contrast\u00e9 et les boutons contrast\u00e9s.<br \/>\nUne chemise unie au motif dobby subtil, associ\u00e9e \u00e0 un col et \u00e0 des poignets souples, lui conf\u00e8re une allure \u00e9l\u00e9gante et moderne. Lorsque vous prenez la chemise en main, vous vous rendez imm\u00e9diatement compte qu'il y a plus derri\u00e8re que ce que l'\u0153il peut saisir. Le poids plume, le toucher soyeux du lyocell et l'incroyable effet stretch pour votre confort font de cette chemise un champion de la performance. Cette chemise est \u00e9galement facile d'entretien, vous pouvez la laver et la porter facilement.<\/p>\n<p>Mati\u00e8re : 60% coton organique, 40% polyester recycl\u00e9<\/p>","protected":false},"excerpt":{"rendered":"<p>Ein gemustertes Hemd in Jacquardwebart aus einer Mischung aus Bio-Baumwolle und recyceltem Polyester. Es hat unseren beliebten versteckten Button-down-Kragen und diskrete Details wie kontrast Faden und kontrast Kn\u00f6pfe. Ein einfarbiges Hemd mit subtilem Dobby-Muster, kombiniert mit einem weichen Kragen und Manschetten, verleiht dem Hemd ein elegantes und modernes Aussehen. Wenn Sie das Hemd in die [&hellip;]<\/p>\n","protected":false},"featured_media":510338,"template":"","meta":[],"product_brand":[],"product_cat":[9895],"product_tag":[],"class_list":{"0":"post-510337","1":"product","2":"type-product","3":"status-publish","4":"has-post-thumbnail","6":"product_cat-blusen","7":"pa_brand-harvest-frost","8":"pa_brand-type-workwear","9":"pa_filter-color-blau","11":"first","12":"instock","13":"sale","14":"taxable","15":"shipping-taxable","16":"purchasable","17":"product-type-variable","18":"add-to-wishlist-before_image"},"exclude_global_add_ons":[],"addons":[],"acf":[],"_links":{"self":[{"href":"https:\/\/shop.kustom.ch\/fr\/wp-json\/wp\/v2\/product\/510337"}],"collection":[{"href":"https:\/\/shop.kustom.ch\/fr\/wp-json\/wp\/v2\/product"}],"about":[{"href":"https:\/\/shop.kustom.ch\/fr\/wp-json\/wp\/v2\/types\/product"}],"wp:featuredmedia":[{"embeddable":true,"href":"https:\/\/shop.kustom.ch\/fr\/wp-json\/wp\/v2\/media\/510338"}],"wp:attachment":[{"href":"https:\/\/shop.kustom.ch\/fr\/wp-json\/wp\/v2\/media?parent=510337"}],"wp:term":[{"taxonomy":"product_brand","embeddable":true,"href":"https:\/\/shop.kustom.ch\/fr\/wp-json\/wp\/v2\/product_brand?post=510337"},{"taxonomy":"product_cat","embeddable":true,"href":"https:\/\/shop.kustom.ch\/fr\/wp-json\/wp\/v2\/product_cat?post=510337"},{"taxonomy":"product_tag","embeddable":true,"href":"https:\/\/shop.kustom.ch\/fr\/wp-json\/wp\/v2\/product_tag?post=510337"}],"curies":[{"name":"wp","href":"https:\/\/api.w.org\/{rel}","templated":true}]}}