{"id":510202,"date":"2025-01-25T00:39:19","date_gmt":"2025-01-24T23:39:19","guid":{"rendered":"https:\/\/shop.kustom.ch\/?post_type=product&#038;p=510202"},"modified":"2026-03-31T12:04:22","modified_gmt":"2026-03-31T11:04:22","slug":"yellow-bow-54-slim","status":"publish","type":"product","link":"https:\/\/shop.kustom.ch\/fr\/produit\/yellow-bow-54-slim\/","title":{"rendered":"Yellow Bow 54 Slim"},"content":{"rendered":"<p>Cette chemise Oxford d\u00e9contract\u00e9e est une nouvelle version de notre classique Indigo Bow 30. Elle a le m\u00eame look classique, mais a \u00e9t\u00e9 recr\u00e9\u00e9e de bien des mani\u00e8res. Le tissu est un m\u00e9lange de coton \u00e0 longues fibres, de Tencel (Lyocell) et d'\u00e9lasthanne. Cela conf\u00e8re \u00e0 la chemise une performance incroyable. Un toucher luxueux et gr\u00e2ce au lyocell et un confort d'extension extr\u00eame gr\u00e2ce \u00e0 l'\u00e9lasthanne. La chemise offre \u00e9galement une performance Easy Care. Nos mod\u00e8les de chemises de loisirs sont 3 cm plus courts que nos mod\u00e8les commerciaux.<br \/>\n- Teinte unie, 71% coton \u00e0 longues fibres, 25% lyocell, 4% \u00e9lasthanne, 160g\/m2<br \/>\n- convient aux machines \u00e0 laver<br \/>\n- Split Back Yoke, pour des \u00e9paules aux contours lisses et une plus grande libert\u00e9 de mouvement<br \/>\n- Col boutonn\u00e9 classique<br \/>\n- Poche poitrine chez les hommes<br \/>\n- Manches longues avec trou de t\u00eate suppl\u00e9mentaire pour les boutons de manchette<br \/>\n- Boutons ronds, en nacre<br \/>\n- Ourlet arrondi<\/p>\n<p>Mati\u00e8re : 71% coton \u00e0 fibres longues, 25% lyocell, 4% \u00e9lasthanne<\/p>","protected":false},"excerpt":{"rendered":"<p>Dieses Freizeit-Oxfordhemd ist eine neue Version unseres Klassikers Indigo Bow 30. Es hat den gleichen klassischen Look, ist aber in vielerlei Hinsicht neu erschaffen wurden. Der Stoff ist eine Mischung aus langstapeliger Baumwolle, Tencel (Lyocell) und Elasthan. Dies verleiht dem Hemd eine unglaubliche Leistung. Eine luxuri\u00f6se Haptik und dank Lyocell und extremen Stretchkomfort dank Elasthan. [&hellip;]<\/p>\n","protected":false},"featured_media":510239,"template":"","meta":[],"product_brand":[],"product_cat":[9874],"product_tag":[],"class_list":{"0":"post-510202","1":"product","2":"type-product","3":"status-publish","4":"has-post-thumbnail","6":"product_cat-hemden","7":"pa_brand-harvest-frost","8":"pa_brand-type-workwear","9":"pa_filter-color-blau","10":"pa_filter-color-schwarz","11":"pa_filter-color-weiss","13":"first","14":"instock","15":"sale","16":"taxable","17":"shipping-taxable","18":"purchasable","19":"product-type-variable","20":"add-to-wishlist-before_image"},"exclude_global_add_ons":[],"addons":[],"acf":[],"_links":{"self":[{"href":"https:\/\/shop.kustom.ch\/fr\/wp-json\/wp\/v2\/product\/510202"}],"collection":[{"href":"https:\/\/shop.kustom.ch\/fr\/wp-json\/wp\/v2\/product"}],"about":[{"href":"https:\/\/shop.kustom.ch\/fr\/wp-json\/wp\/v2\/types\/product"}],"wp:featuredmedia":[{"embeddable":true,"href":"https:\/\/shop.kustom.ch\/fr\/wp-json\/wp\/v2\/media\/510239"}],"wp:attachment":[{"href":"https:\/\/shop.kustom.ch\/fr\/wp-json\/wp\/v2\/media?parent=510202"}],"wp:term":[{"taxonomy":"product_brand","embeddable":true,"href":"https:\/\/shop.kustom.ch\/fr\/wp-json\/wp\/v2\/product_brand?post=510202"},{"taxonomy":"product_cat","embeddable":true,"href":"https:\/\/shop.kustom.ch\/fr\/wp-json\/wp\/v2\/product_cat?post=510202"},{"taxonomy":"product_tag","embeddable":true,"href":"https:\/\/shop.kustom.ch\/fr\/wp-json\/wp\/v2\/product_tag?post=510202"}],"curies":[{"name":"wp","href":"https:\/\/api.w.org\/{rel}","templated":true}]}}