{"id":509934,"date":"2025-01-25T00:37:58","date_gmt":"2025-01-24T23:37:58","guid":{"rendered":"https:\/\/shop.kustom.ch\/?post_type=product&#038;p=509934"},"modified":"2026-03-31T12:07:08","modified_gmt":"2026-03-31T11:07:08","slug":"yellow-bow-51-slim","status":"publish","type":"product","link":"https:\/\/shop.kustom.ch\/fr\/produit\/yellow-bow-51-slim\/","title":{"rendered":"Yellow Bow 51 Slim"},"content":{"rendered":"<p>Yellow Bow est notre chemise \u201eretrousse tes manches et va travailler\u201c. Il s'agit d'une chemise classique unie avec des d\u00e9tails modernes sur mesure, fabriqu\u00e9e \u00e0 partir de notre m\u00e9lange pr\u00e9f\u00e9r\u00e9 de serg\u00e9 fin avec un traitement suppl\u00e9mentaire unique et \u00e9cologique Easy Care. Comme d'habitude, elle est dot\u00e9e d'un Split Yoke et de Taped Main Seams pour r\u00e9pondre aux exigences de qualit\u00e9 les plus \u00e9lev\u00e9es.<br \/>\n- Collection YELLOW BOW<br \/>\n- Tissu en serg\u00e9 fin<br \/>\n- 60% coton, 40% polyester, 134 g\/m<br \/>\n- Grande solidit\u00e9 des couleurs<br \/>\n- convient aux machines \u00e0 laver<br \/>\n- Easy Care, traitement environnemental brevet\u00e9<br \/>\n- Propri\u00e9t\u00e9s gr\u00e2ce \u00e0 une finition sp\u00e9ciale : infroissable, sensation de luxe et de douceur, s\u00e9chage rapide.<br \/>\n- Le Split Back Yoke permet d'obtenir des \u00e9paules aux contours lisses et une plus grande libert\u00e9 de mouvement<br \/>\n- Taped Main Seams conf\u00e8re \u00e0 la chemise un look frais et exclusif apr\u00e8s chaque lavage<br \/>\n- Col semi-coup\u00e9<br \/>\n- Manches longues<br \/>\n- poignets avec boutonni\u00e8re suppl\u00e9mentaire pour les boutons de manchette<br \/>\n- Boutons hauts de 4 mm d'\u00e9paisseur<br \/>\n- Ourlet arrondi<\/p>\n<p>Mati\u00e8re : 60% coton, 40% polyester<\/p>","protected":false},"excerpt":{"rendered":"<p>Yellow Bow ist unser &#8222;kr\u00e4mpel die \u00c4rmel hoch und geh zur Arbeit&#8220; Hemd. Es ist ein einfarbiges klassisches Hemd mit modernen massgeschneiderten Details, aus unserem Lieblings Mix Fein Twill mit einer zus\u00e4tzlichen, einzigartigen umweltfreundlichen Easy Care Behandlung hergestellt. Wie gewohnt mit einem Split Yoke und Taped Main Seams f\u00fcr h\u00f6chste Qualit\u00e4tsanspr\u00fcche. \u2022 YELLOW BOW Kollektion [&hellip;]<\/p>\n","protected":false},"featured_media":509998,"template":"","meta":[],"product_brand":[],"product_cat":[9874],"product_tag":[],"class_list":{"0":"post-509934","1":"product","2":"type-product","3":"status-publish","4":"has-post-thumbnail","6":"product_cat-hemden","7":"pa_brand-harvest-frost","8":"pa_brand-type-workwear","9":"pa_filter-color-blau","10":"pa_filter-color-grau","11":"pa_filter-color-schwarz","12":"pa_filter-color-weiss","14":"first","15":"instock","16":"sale","17":"taxable","18":"shipping-taxable","19":"purchasable","20":"product-type-variable","21":"add-to-wishlist-before_image"},"exclude_global_add_ons":[],"addons":[],"acf":[],"_links":{"self":[{"href":"https:\/\/shop.kustom.ch\/fr\/wp-json\/wp\/v2\/product\/509934"}],"collection":[{"href":"https:\/\/shop.kustom.ch\/fr\/wp-json\/wp\/v2\/product"}],"about":[{"href":"https:\/\/shop.kustom.ch\/fr\/wp-json\/wp\/v2\/types\/product"}],"wp:featuredmedia":[{"embeddable":true,"href":"https:\/\/shop.kustom.ch\/fr\/wp-json\/wp\/v2\/media\/509998"}],"wp:attachment":[{"href":"https:\/\/shop.kustom.ch\/fr\/wp-json\/wp\/v2\/media?parent=509934"}],"wp:term":[{"taxonomy":"product_brand","embeddable":true,"href":"https:\/\/shop.kustom.ch\/fr\/wp-json\/wp\/v2\/product_brand?post=509934"},{"taxonomy":"product_cat","embeddable":true,"href":"https:\/\/shop.kustom.ch\/fr\/wp-json\/wp\/v2\/product_cat?post=509934"},{"taxonomy":"product_tag","embeddable":true,"href":"https:\/\/shop.kustom.ch\/fr\/wp-json\/wp\/v2\/product_tag?post=509934"}],"curies":[{"name":"wp","href":"https:\/\/api.w.org\/{rel}","templated":true}]}}