{"id":509634,"date":"2025-01-25T00:36:17","date_gmt":"2025-01-24T23:36:17","guid":{"rendered":"https:\/\/shop.kustom.ch\/?post_type=product&#038;p=509634"},"modified":"2025-03-21T10:59:50","modified_gmt":"2025-03-21T09:59:50","slug":"tie-bars","status":"publish","type":"product","link":"https:\/\/shop.kustom.ch\/fr\/produit\/tie-bars\/","title":{"rendered":"Tie Bars"},"content":{"rendered":"<p>Avec ces six \u00e9pingles \u00e0 cravate color\u00e9es, votre look gagne encore en force. Non seulement ces accessoires sont modernes et \u00e9l\u00e9gants, mais ils permettent \u00e9galement \u00e0 votre cravate de mieux tenir.<\/p>\n<p>Mat\u00e9riau : 100% M\u00e9tal<\/p>","protected":false},"excerpt":{"rendered":"<p>Mit diesen sechs farbenfrohen Krawattennadeln gewinnt Ihr Look noch mehr an St\u00e4rke. Die Accessoires sehen nicht nur modern und elegant aus, sie sorgen auch f\u00fcr einen besseren Halt Ihrer Krawatte. Material: 100% Metall<\/p>","protected":false},"featured_media":509664,"template":"","meta":[],"product_brand":[],"product_cat":[4209],"product_tag":[],"class_list":{"0":"post-509634","1":"product","2":"type-product","3":"status-publish","4":"has-post-thumbnail","6":"product_cat-zubehoer","7":"pa_brand-harvest-frost","8":"pa_brand-type-workwear","9":"pa_filter-color-schwarz","11":"first","12":"instock","13":"sale","14":"taxable","15":"shipping-taxable","16":"purchasable","17":"product-type-variable","18":"add-to-wishlist-before_image"},"exclude_global_add_ons":[],"addons":[],"acf":[],"_links":{"self":[{"href":"https:\/\/shop.kustom.ch\/fr\/wp-json\/wp\/v2\/product\/509634"}],"collection":[{"href":"https:\/\/shop.kustom.ch\/fr\/wp-json\/wp\/v2\/product"}],"about":[{"href":"https:\/\/shop.kustom.ch\/fr\/wp-json\/wp\/v2\/types\/product"}],"wp:featuredmedia":[{"embeddable":true,"href":"https:\/\/shop.kustom.ch\/fr\/wp-json\/wp\/v2\/media\/509664"}],"wp:attachment":[{"href":"https:\/\/shop.kustom.ch\/fr\/wp-json\/wp\/v2\/media?parent=509634"}],"wp:term":[{"taxonomy":"product_brand","embeddable":true,"href":"https:\/\/shop.kustom.ch\/fr\/wp-json\/wp\/v2\/product_brand?post=509634"},{"taxonomy":"product_cat","embeddable":true,"href":"https:\/\/shop.kustom.ch\/fr\/wp-json\/wp\/v2\/product_cat?post=509634"},{"taxonomy":"product_tag","embeddable":true,"href":"https:\/\/shop.kustom.ch\/fr\/wp-json\/wp\/v2\/product_tag?post=509634"}],"curies":[{"name":"wp","href":"https:\/\/api.w.org\/{rel}","templated":true}]}}