{"id":509578,"date":"2025-01-25T00:35:48","date_gmt":"2025-01-24T23:35:48","guid":{"rendered":"https:\/\/shop.kustom.ch\/?post_type=product&#038;p=509578"},"modified":"2025-03-21T11:00:03","modified_gmt":"2025-03-21T10:00:03","slug":"the-paisley-handkerchief","status":"publish","type":"product","link":"https:\/\/shop.kustom.ch\/fr\/produit\/the-paisley-handkerchief\/","title":{"rendered":"The Paisley Handkerchief"},"content":{"rendered":"<p>Nous proposons cette \u00e9l\u00e9gante pochette en soie aux motifs paisley remarquables en diff\u00e9rentes couleurs.<\/p>\n<p>Mati\u00e8re : 100% soie<\/p>","protected":false},"excerpt":{"rendered":"<p>Das elegante Einstecktuch aus Seide in auff\u00e4lligen Paisley Mustern bieten wir in unterschiedlichen Farben an. Material: 100% Seide<\/p>","protected":false},"featured_media":509633,"template":"","meta":[],"product_brand":[],"product_cat":[4209],"product_tag":[],"class_list":{"0":"post-509578","1":"product","2":"type-product","3":"status-publish","4":"has-post-thumbnail","6":"product_cat-zubehoer","7":"pa_brand-harvest-frost","8":"pa_brand-type-workwear","9":"pa_filter-color-blau","10":"pa_filter-color-grau","11":"pa_filter-color-orange","12":"pa_filter-color-pink","13":"pa_filter-color-violet","15":"first","16":"instock","17":"sale","18":"taxable","19":"shipping-taxable","20":"purchasable","21":"product-type-variable","22":"add-to-wishlist-before_image"},"exclude_global_add_ons":[],"addons":[],"acf":[],"_links":{"self":[{"href":"https:\/\/shop.kustom.ch\/fr\/wp-json\/wp\/v2\/product\/509578"}],"collection":[{"href":"https:\/\/shop.kustom.ch\/fr\/wp-json\/wp\/v2\/product"}],"about":[{"href":"https:\/\/shop.kustom.ch\/fr\/wp-json\/wp\/v2\/types\/product"}],"wp:featuredmedia":[{"embeddable":true,"href":"https:\/\/shop.kustom.ch\/fr\/wp-json\/wp\/v2\/media\/509633"}],"wp:attachment":[{"href":"https:\/\/shop.kustom.ch\/fr\/wp-json\/wp\/v2\/media?parent=509578"}],"wp:term":[{"taxonomy":"product_brand","embeddable":true,"href":"https:\/\/shop.kustom.ch\/fr\/wp-json\/wp\/v2\/product_brand?post=509578"},{"taxonomy":"product_cat","embeddable":true,"href":"https:\/\/shop.kustom.ch\/fr\/wp-json\/wp\/v2\/product_cat?post=509578"},{"taxonomy":"product_tag","embeddable":true,"href":"https:\/\/shop.kustom.ch\/fr\/wp-json\/wp\/v2\/product_tag?post=509578"}],"curies":[{"name":"wp","href":"https:\/\/api.w.org\/{rel}","templated":true}]}}